{"id":86435,"date":"2019-06-04T19:57:27","date_gmt":"2019-06-04T17:57:27","guid":{"rendered":"https:\/\/www.seaflowerstore.com\/nl\/coral-essentials-coral-power-trace-a-50ml\/"},"modified":"2024-03-20T17:02:49","modified_gmt":"2024-03-20T16:02:49","slug":"coral-essentials-coral-power-trace-a-50ml","status":"publish","type":"product","link":"https:\/\/www.seaflowerstore.com\/de\/coral-essentials-coral-power-trace-a-50ml\/","title":{"rendered":"Coral Essentials Coral Power Trace A &#8211; 50ml"},"content":{"rendered":"<h2>Coral Essentials Coral Power Trace A &#8211; 50ml is a blend of strontium (50,000 ppm) and barium<\/h2>\n<p><strong>Coral Power Trace-A<\/strong> ist eine einzigartige Mischung, die Strontium in einer Konzentration von <strong>50.000 ppm<\/strong> und Barium enth\u00e4lt. In nat\u00fcrlichem Meerwasser liegt der Strontiumgehalt normalerweise zwischen <em>8 und 10 ppm<\/em>. Es ist ratsam, den Strontiumgehalt im Bereich von <strong>5 bis 15 ppm<\/strong> zu halten.<\/p>\n<p>Es gibt anekdotische Beweise, die darauf hindeuten, dass ein Strontiumgehalt unter <strong>5 ppm<\/strong> in Ihrem Meerwasseraquarium das Korallenwachstum negativ beeinflussen kann. F\u00fcr diejenigen, die mehr Erfahrung in der Aquaristik haben, ist es wichtig, den Strontiumspiegel in Ihren Meerwasseraquarien regelm\u00e4\u00dfig zu \u00fcberpr\u00fcfen, um zu wissen, wie viel Ihr System verbraucht.<\/p>\n<p>Um den Strontiumverbrauch effektiv zu verwalten, sollten Sie:<\/p>\n<ul>\n<li>Die Strontiumwerte regelm\u00e4\u00dfig testen.<\/li>\n<li>Ihren Dosierungsbedarf anhand der Ersch\u00f6pfungsrate berechnen.<\/li>\n<li>Die Strontiumwerte weiterhin alle ein bis zwei Wochen \u00fcberwachen.<\/li>\n<\/ul>\n<p>Indem Sie diese Schritte befolgen, k\u00f6nnen Sie dazu beitragen, eine gesunde Umgebung f\u00fcr das Gedeihen Ihrer Korallen zu gew\u00e4hrleisten.<\/p>\n","protected":false},"excerpt":{"rendered":"<p>Coral Essentials Coral Power Trace A is a blend of strontium (50,000 ppm) and barium<\/p>\n","protected":false},"featured_media":81663,"template":"","meta":[],"pwb-brand":[2279],"product_cat":[1391,515],"product_tag":[],"class_list":{"0":"post-86435","1":"product","2":"type-product","3":"status-publish","4":"has-post-thumbnail","6":"pwb-brand-coral-essentials","7":"product_cat-ergaenzungen","8":"product_cat-additives","9":"pa_inhoud-50-ml-de","10":"pa_show-myparcel-options-male-de","12":"first","13":"instock","14":"sale","15":"taxable","16":"shipping-taxable","17":"purchasable","18":"product-type-simple"},"acf":[],"brands":[{"id":2279,"name":"Coral Essentials","slug":"coral-essentials"}],"_links":{"self":[{"href":"https:\/\/www.seaflowerstore.com\/de\/wp-json\/wp\/v2\/product\/86435","targetHints":{"allow":["GET"]}}],"collection":[{"href":"https:\/\/www.seaflowerstore.com\/de\/wp-json\/wp\/v2\/product"}],"about":[{"href":"https:\/\/www.seaflowerstore.com\/de\/wp-json\/wp\/v2\/types\/product"}],"wp:featuredmedia":[{"embeddable":true,"href":"https:\/\/www.seaflowerstore.com\/de\/wp-json\/wp\/v2\/media\/81663"}],"wp:attachment":[{"href":"https:\/\/www.seaflowerstore.com\/de\/wp-json\/wp\/v2\/media?parent=86435"}],"wp:term":[{"taxonomy":"pwb-brand","embeddable":true,"href":"https:\/\/www.seaflowerstore.com\/de\/wp-json\/wp\/v2\/pwb-brand?post=86435"},{"taxonomy":"product_cat","embeddable":true,"href":"https:\/\/www.seaflowerstore.com\/de\/wp-json\/wp\/v2\/product_cat?post=86435"},{"taxonomy":"product_tag","embeddable":true,"href":"https:\/\/www.seaflowerstore.com\/de\/wp-json\/wp\/v2\/product_tag?post=86435"}],"curies":[{"name":"wp","href":"https:\/\/api.w.org\/{rel}","templated":true}]}}