{"id":86438,"date":"2019-05-30T19:31:46","date_gmt":"2019-05-30T17:31:46","guid":{"rendered":"https:\/\/www.seaflowerstore.com\/nl\/red-sea-nopox-no3po4-x-nitrate-phosphate-remover-100ml\/"},"modified":"2024-03-20T17:02:44","modified_gmt":"2024-03-20T16:02:44","slug":"red-sea-nopox-no3po4-x-nitrate-phosphate-remover-100ml","status":"publish","type":"product","link":"https:\/\/www.seaflowerstore.com\/de\/red-sea-nopox-no3po4-x-nitrate-phosphate-remover-100ml\/","title":{"rendered":"Red Sea (NoPox) No3:Po4-X Nitrate &amp; phosphate remover 100ml"},"content":{"rendered":"<h2>Red Sea No3:Po4-X Nitrate &amp; Phosphate 100ml Nitrate and phosphate reducer from RedSea<\/h2>\n<p><strong>Hochwirksam<\/strong> und kontrolliert ist dieses Produkt f\u00fcr die biologische Reduzierung von Nitraten und Phosphaten in allen Riff- und Meerwasserfischsystemen konzipiert. Red Sea NO3: PO4-X enth\u00e4lt eine einzigartige Mischung verschiedener Kohlenstoffmolek\u00fcle und organisch gebundener Elemente, die eine sichere und kontrollierte Reduzierung von Algenn\u00e4hrstoffen, insbesondere Nitrat und Phosphat, erm\u00f6glichen.<\/p>\n<p>Hier sind einige wichtige Vorteile der Verwendung von Red Sea NO3: PO4-X:<\/p>\n<ul>\n<li>Kontrollierbare und sichere Reduzierung von Nitrat und Phosphat.<\/li>\n<li>Hilft, die gew\u00fcnschten Nitrat- und Phosphatwerte kontinuierlich einzustellen und aufrechtzuerhalten.<\/li>\n<li>F\u00f6rdert kr\u00e4ftiges Korallenwachstum und verbessert die F\u00e4rbung.<\/li>\n<li>Riffsicher ohne unerw\u00fcnschte Nebenwirkungen.<\/li>\n<li>Einfach zu verwenden, zuverl\u00e4ssig und kosteng\u00fcnstig.<\/li>\n<\/ul>\n<p>Dieses Produkt ist eine gro\u00dfartige Erg\u00e4nzung Ihrer Aquarienpflegeroutine und erleichtert die Aufrechterhaltung einer gesunden Umgebung f\u00fcr Ihr Riff und Ihre Meeresfische.<\/p>\n","protected":false},"excerpt":{"rendered":"<p>Red Sea No3:Po4-X is also called NOPOX<\/p>\n","protected":false},"featured_media":81659,"template":"","meta":[],"pwb-brand":[2125],"product_cat":[1453,1404,515,741],"product_tag":[],"class_list":{"0":"post-86438","1":"product","2":"type-product","3":"status-publish","4":"has-post-thumbnail","6":"pwb-brand-red-sea","7":"product_cat-nitrat-und-phosphatentferner","8":"product_cat-redsea-de","9":"product_cat-additives","10":"product_cat-brands","11":"pa_inhoud-100-ml-de","13":"first","14":"instock","15":"taxable","16":"shipping-taxable","17":"purchasable","18":"product-type-simple"},"acf":[],"brands":[{"id":2125,"name":"Red Sea","slug":"red-sea"}],"_links":{"self":[{"href":"https:\/\/www.seaflowerstore.com\/de\/wp-json\/wp\/v2\/product\/86438","targetHints":{"allow":["GET"]}}],"collection":[{"href":"https:\/\/www.seaflowerstore.com\/de\/wp-json\/wp\/v2\/product"}],"about":[{"href":"https:\/\/www.seaflowerstore.com\/de\/wp-json\/wp\/v2\/types\/product"}],"wp:featuredmedia":[{"embeddable":true,"href":"https:\/\/www.seaflowerstore.com\/de\/wp-json\/wp\/v2\/media\/81659"}],"wp:attachment":[{"href":"https:\/\/www.seaflowerstore.com\/de\/wp-json\/wp\/v2\/media?parent=86438"}],"wp:term":[{"taxonomy":"pwb-brand","embeddable":true,"href":"https:\/\/www.seaflowerstore.com\/de\/wp-json\/wp\/v2\/pwb-brand?post=86438"},{"taxonomy":"product_cat","embeddable":true,"href":"https:\/\/www.seaflowerstore.com\/de\/wp-json\/wp\/v2\/product_cat?post=86438"},{"taxonomy":"product_tag","embeddable":true,"href":"https:\/\/www.seaflowerstore.com\/de\/wp-json\/wp\/v2\/product_tag?post=86438"}],"curies":[{"name":"wp","href":"https:\/\/api.w.org\/{rel}","templated":true}]}}