{"id":86457,"date":"2019-05-18T08:04:22","date_gmt":"2019-05-18T06:04:22","guid":{"rendered":"https:\/\/www.seaflowerstore.com\/nl\/sicce-syncra-nano-140-430l-h\/"},"modified":"2026-04-06T12:37:06","modified_gmt":"2026-04-06T10:37:06","slug":"sicce-syncra-nano-140-430l-h","status":"publish","type":"product","link":"https:\/\/www.seaflowerstore.com\/de\/sicce-syncra-nano-140-430l-h\/","title":{"rendered":"Sicce Syncra Nano 140-430l\/h"},"content":{"rendered":"<h2>Sicce Syncra Nano 140-430l\/h<\/h2>\n<p>Die Sicce Syncra Nano 140-430 l\/h ist eine vielseitige Pumpe, die Sie entweder als Minipumpe oder als Str\u00f6mungspumpe verwenden k\u00f6nnen, perfekt f\u00fcr kleine Aquarien. Sie ist eine kompakte L\u00f6sung mit mehreren Anwendungen und bietet eine <strong>2-in-1-Nass- und Trockenanwendung<\/strong>!<\/p>\n<p>Diese Pumpe ist auf leisen Betrieb ausgelegt und hat eine lange Lebensdauer. Trotz ihrer geringen Gr\u00f6\u00dfe von nur 6 cm Gesamtl\u00e4nge ist sie mit allen fortschrittlichen Funktionen von SICCE ausgestattet. Der Wasserdurchflussregler erm\u00f6glicht eine Drehung um 180\u00b0, was den Installationsprozess vereinfacht.<\/p>\n<p>Zus\u00e4tzlich hat Sicce eine zweite Vorderkammer f\u00fcr das Trockenpumpen (au\u00dferhalb des Wassers) sowie einen zus\u00e4tzlichen Dichtungsgummi-O-Ring eingebaut. Ein besonderes Merkmal dieser Pumpe ist die Leichtigkeit, mit der Sie den gesamten Rotor entfernen k\u00f6nnen, wodurch die Reinigung von Pumpe und Rotor ein Kinderspiel wird.<\/p>\n<p>Die Syncra Silent-Reihe repr\u00e4sentiert die neueste Pumpengeneration, die f\u00fcr \u00fcberragende Leistung bei gleichzeitig leisem Betrieb und Energieeffizienz konzipiert ist. Mit seinem klaren und technischen Design eignet es sich f\u00fcr eine Vielzahl von Anwendungen, darunter:<\/p>\n<ul>\n<li>S\u00fc\u00dfwasseraquarien<\/li>\n<li>Meerwasseraquarien<\/li>\n<li>Terrarien<\/li>\n<li>Schildkr\u00f6tenbecken<\/li>\n<li>Eiwei\u00dfabsch\u00e4umer<\/li>\n<li>Wasserk\u00fchlsysteme<\/li>\n<li>Innen- und Au\u00dfenbrunnen<\/li>\n<li>Jede andere Anwendung, die eine leistungsstarke, extrem leise Pumpe erfordert<\/li>\n<\/ul>\n<p>Hier sind einige wichtige Spezifikationen:<\/p>\n<ul>\n<li><strong>Liter pro Stunde:<\/strong> 140-430 L\/h<\/li>\n<li><strong>Max. F\u00f6rderh\u00f6he:<\/strong> 0,7 MT<\/li>\n<li><strong>Abmessungen:<\/strong> 6x4x6 cm<\/li>\n<\/ul>\n<p>Die St\u00e4rken von SICCE Dazu geh\u00f6ren:<\/p>\n<ul>\n<li>Hohe Qualit\u00e4t<\/li>\n<li>Umfangreiches Sortiment an exklusiven Produkten<\/li>\n<li>Neueste Technologien<\/li>\n<li>Hervorragende Kompetenz und Service<\/li>\n<li>Geringer Energieverbrauch bei hoher Kapazit\u00e4t<\/li>\n<\/ul>\n","protected":false},"excerpt":{"rendered":"<p>Sicce Syncra Nano Mini pump or flow pump adjustable capacity from 140-430 liters per hour<\/p>\n","protected":false},"featured_media":81581,"template":"","meta":[],"pwb-brand":[2163],"product_cat":[1417,2104],"product_tag":[],"class_list":{"0":"post-86457","1":"product","2":"type-product","3":"status-publish","4":"has-post-thumbnail","6":"pwb-brand-sicce","7":"product_cat-druckerhohungspumpen","8":"product_cat-sicce-de","9":"pa_show-myparcel-options-male-de","11":"first","12":"instock","13":"taxable","14":"shipping-taxable","15":"purchasable","16":"product-type-simple"},"acf":[],"brands":[{"id":2163,"name":"Sicce","slug":"sicce"}],"_links":{"self":[{"href":"https:\/\/www.seaflowerstore.com\/de\/wp-json\/wp\/v2\/product\/86457","targetHints":{"allow":["GET"]}}],"collection":[{"href":"https:\/\/www.seaflowerstore.com\/de\/wp-json\/wp\/v2\/product"}],"about":[{"href":"https:\/\/www.seaflowerstore.com\/de\/wp-json\/wp\/v2\/types\/product"}],"wp:featuredmedia":[{"embeddable":true,"href":"https:\/\/www.seaflowerstore.com\/de\/wp-json\/wp\/v2\/media\/81581"}],"wp:attachment":[{"href":"https:\/\/www.seaflowerstore.com\/de\/wp-json\/wp\/v2\/media?parent=86457"}],"wp:term":[{"taxonomy":"pwb-brand","embeddable":true,"href":"https:\/\/www.seaflowerstore.com\/de\/wp-json\/wp\/v2\/pwb-brand?post=86457"},{"taxonomy":"product_cat","embeddable":true,"href":"https:\/\/www.seaflowerstore.com\/de\/wp-json\/wp\/v2\/product_cat?post=86457"},{"taxonomy":"product_tag","embeddable":true,"href":"https:\/\/www.seaflowerstore.com\/de\/wp-json\/wp\/v2\/product_tag?post=86457"}],"curies":[{"name":"wp","href":"https:\/\/api.w.org\/{rel}","templated":true}]}}