{"id":86465,"date":"2019-05-05T21:27:44","date_gmt":"2019-05-05T19:27:44","guid":{"rendered":"https:\/\/www.seaflowerstore.com\/nl\/ati-nutrition-c-500ml\/"},"modified":"2024-03-20T17:02:28","modified_gmt":"2024-03-20T16:02:28","slug":"ati-nutrition-c-500ml","status":"publish","type":"product","link":"https:\/\/www.seaflowerstore.com\/de\/ati-nutrition-c-500ml\/","title":{"rendered":"ATI Nutrition C 500ml"},"content":{"rendered":"<h2>ATI Nutrition C is a carbon source which is a feed for coral and bacteria<\/h2>\n<p>Steinkorallen ben\u00f6tigen eine Vielzahl von Elementen wie Kalzium, Karbonate, Magnesium, Strontium und Barium, um ihr Skelett aufzubauen. Sie ben\u00f6tigen au\u00dferdem Spurenelemente, organische Verbindungen und N\u00e4hrstoffe aus Kohlenstoff (C), Stickstoff (N) und Phosphor (P), um Biomasse aufzubauen.<\/p>\n<p><strong>ATI Nutrition C<\/strong> bietet ein umfassendes Sortiment an essentiellen Produkten, indem es die notwendigen organischen Verbindungen und N\u00e4hrstoffe liefert. Dieses Produkt sorgt f\u00fcr die richtige N\u00e4hrstoffbalance gem\u00e4\u00df dem Redfield-Verh\u00e4ltnis und hilft, N\u00e4hrstoffbeschr\u00e4nkungen wirksam vorzubeugen.<\/p>\n<p>Dar\u00fcber hinaus aktiviert es die Bildung von Chromoproteinen in Korallen und f\u00f6rdert das Wachstum und die Vitalit\u00e4t aller Riffbewohner. Wenn Sie mehr \u00fcber Dosierungsberechnungen erfahren m\u00f6chten, besuchen Sie bitte die <a href=\"https:\/\/atiaquaristik.com\/en\/?page_id=1519\" target=\"_blank\" rel=\"noopener nofollow\">ATI-Website<\/a>.<\/p>\n","protected":false},"excerpt":{"rendered":"<p>ATI Nutrition C is a carbon source which is a feed for coral and bacteria<\/p>\n","protected":false},"featured_media":81563,"template":"","meta":[],"pwb-brand":[2131],"product_cat":[1391,1395],"product_tag":[],"class_list":{"0":"post-86465","1":"product","2":"type-product","3":"status-publish","4":"has-post-thumbnail","6":"pwb-brand-ati","7":"product_cat-ergaenzungen","8":"product_cat-ati-de","9":"pa_inhoud-500-ml-de","10":"pa_show-myparcel-options-male-de","12":"first","13":"outofstock","14":"sale","15":"taxable","16":"shipping-taxable","17":"purchasable","18":"product-type-simple"},"acf":[],"brands":[{"id":2131,"name":"ATI","slug":"ati"}],"_links":{"self":[{"href":"https:\/\/www.seaflowerstore.com\/de\/wp-json\/wp\/v2\/product\/86465","targetHints":{"allow":["GET"]}}],"collection":[{"href":"https:\/\/www.seaflowerstore.com\/de\/wp-json\/wp\/v2\/product"}],"about":[{"href":"https:\/\/www.seaflowerstore.com\/de\/wp-json\/wp\/v2\/types\/product"}],"wp:featuredmedia":[{"embeddable":true,"href":"https:\/\/www.seaflowerstore.com\/de\/wp-json\/wp\/v2\/media\/81563"}],"wp:attachment":[{"href":"https:\/\/www.seaflowerstore.com\/de\/wp-json\/wp\/v2\/media?parent=86465"}],"wp:term":[{"taxonomy":"pwb-brand","embeddable":true,"href":"https:\/\/www.seaflowerstore.com\/de\/wp-json\/wp\/v2\/pwb-brand?post=86465"},{"taxonomy":"product_cat","embeddable":true,"href":"https:\/\/www.seaflowerstore.com\/de\/wp-json\/wp\/v2\/product_cat?post=86465"},{"taxonomy":"product_tag","embeddable":true,"href":"https:\/\/www.seaflowerstore.com\/de\/wp-json\/wp\/v2\/product_tag?post=86465"}],"curies":[{"name":"wp","href":"https:\/\/api.w.org\/{rel}","templated":true}]}}