{"id":86468,"date":"2019-05-05T18:02:27","date_gmt":"2019-05-05T16:02:27","guid":{"rendered":"https:\/\/www.seaflowerstore.com\/nl\/red-sea-salt-7-kg\/"},"modified":"2024-03-20T17:02:26","modified_gmt":"2024-03-20T16:02:26","slug":"red-sea-salt-7-kg","status":"publish","type":"product","link":"https:\/\/www.seaflowerstore.com\/de\/red-sea-salt-7-kg\/","title":{"rendered":"Red Sea Salt 7 kg"},"content":{"rendered":"<h2>Red Sea salt 7 kg bucket suitable to make 210 liter seawater<\/h2>\n<p>Red Sea Salt wurde entwickelt, um die genauen Bedingungen tropischen Riffwassers nachzubilden und bietet gleichzeitig eine etwas h\u00f6here Alkalit\u00e4t, was f\u00fcr geschlossene Meerwassersysteme von Vorteil ist.<\/p>\n<p><strong>Red Sea Salt ist perfekt f\u00fcr Fisch- und Wirbellosensysteme oder f\u00fcr n\u00e4hrstoffarme Tanks, in denen Hobbyisten regelm\u00e4\u00dfig alle einzelnen Elemente erg\u00e4nzen.<\/strong><\/p>\n<div class=\"help_bar\">\n<div class=\"right help_bar_item help_bar_item1\">\n<a href=\"https:\/\/5w56d28u4co20frgwagf5y18-wpengine.netdna-ssl.com\/wp-content\/uploads\/2013\/12\/10031-Red-Sea-Salt-manual.pdf\" target=\"_blank\" rel=\"noopener nofollow\"><br \/>\n<span class=\"left help_bar_item_txt\">Handbuch<\/span><br \/>\n<\/a>\n<\/div>\n<div class=\"right help_bar_item help_bar_item3\">\n<a href=\"https:\/\/5w56d28u4co20frgwagf5y18-wpengine.netdna-ssl.com\/wp-content\/uploads\/2013\/11\/MSDS-Red-Sea-Salt.pdf\" target=\"_blank\" rel=\"noopener nofollow\"><br \/>\n<span class=\"left help_bar_item_txt\">MSDS<\/span><br \/>\n<\/a>\n<\/div>\n<div class=\"both\"><\/div>\n<\/div>\n<p><img loading=\"lazy\" decoding=\"async\" class=\"wp-image-19767 size-full alignnone\" title=\"Parameterdiagramme f\u00fcr Red Sea Meersalz\" src=\"https:\/\/www.seaflowerstore.com\/nl\/wp-content\/uploads\/content\/red-sea_salt-drawings-graphs-and-tables_ENG-updated2-1.png\" alt=\"\" width=\"738\" height=\"200\" \/><\/p>\n<ul>\n<li>Vollkommen nat\u00fcrliche, umweltfreundliche Ernte aus den wundersch\u00f6nen Gew\u00e4ssern des Roten Meeres<\/li>\n<li>Biologisch ausgewogene Mengen grundlegender Elemente<\/li>\n<li>Vollst\u00e4ndiges Spektrum an Spurenelementen<\/li>\n<li>Garantierte Parameter zum Mischen von 10 Litern (2,5 Gallonen)<\/li>\n<li>Keine Nitrate oder Phosphate, die N\u00e4hrstoffe f\u00fcr Algen sind<\/li>\n<li>Keine toxischen Mengen an Schwermetallen<\/li>\n<li>Keine chemischen Bindemittel<\/li>\n<li>Geringer Feuchtigkeitsgehalt<\/li>\n<\/ul>\n","protected":false},"excerpt":{"rendered":"<p>Red Sea Salt 7 kg bucket suitable to make 210 liter seawater<\/p>\n","protected":false},"featured_media":81558,"template":"","meta":[],"pwb-brand":[2125],"product_cat":[1443,1404],"product_tag":[],"class_list":{"0":"post-86468","1":"product","2":"type-product","3":"status-publish","4":"has-post-thumbnail","6":"pwb-brand-red-sea","7":"product_cat-salzig","8":"product_cat-redsea-de","9":"pa_inhoud-7-kg-de","11":"first","12":"instock","13":"taxable","14":"shipping-taxable","15":"purchasable","16":"product-type-simple"},"acf":[],"brands":[{"id":2125,"name":"Red Sea","slug":"red-sea"}],"_links":{"self":[{"href":"https:\/\/www.seaflowerstore.com\/de\/wp-json\/wp\/v2\/product\/86468","targetHints":{"allow":["GET"]}}],"collection":[{"href":"https:\/\/www.seaflowerstore.com\/de\/wp-json\/wp\/v2\/product"}],"about":[{"href":"https:\/\/www.seaflowerstore.com\/de\/wp-json\/wp\/v2\/types\/product"}],"wp:featuredmedia":[{"embeddable":true,"href":"https:\/\/www.seaflowerstore.com\/de\/wp-json\/wp\/v2\/media\/81558"}],"wp:attachment":[{"href":"https:\/\/www.seaflowerstore.com\/de\/wp-json\/wp\/v2\/media?parent=86468"}],"wp:term":[{"taxonomy":"pwb-brand","embeddable":true,"href":"https:\/\/www.seaflowerstore.com\/de\/wp-json\/wp\/v2\/pwb-brand?post=86468"},{"taxonomy":"product_cat","embeddable":true,"href":"https:\/\/www.seaflowerstore.com\/de\/wp-json\/wp\/v2\/product_cat?post=86468"},{"taxonomy":"product_tag","embeddable":true,"href":"https:\/\/www.seaflowerstore.com\/de\/wp-json\/wp\/v2\/product_tag?post=86468"}],"curies":[{"name":"wp","href":"https:\/\/api.w.org\/{rel}","templated":true}]}}