{"id":86471,"date":"2019-05-05T08:37:15","date_gmt":"2019-05-05T08:37:15","guid":{"rendered":"https:\/\/www.seaflowerstore.com\/nl\/red-sea-reef-foundation-starter-kit-abc-3x250ml\/"},"modified":"2024-03-20T17:02:20","modified_gmt":"2024-03-20T16:02:20","slug":"red-sea-reef-foundation-starter-kit-abc-3x250ml","status":"publish","type":"product","link":"https:\/\/www.seaflowerstore.com\/de\/red-sea-reef-foundation-starter-kit-abc-3x250ml\/","title":{"rendered":"Red Sea Reef Foundation Starter Kit ABC (3x250ml)"},"content":{"rendered":"<h2>Red Sea Reef Foundation Starter Kit ABC (3x250ml)<\/h2>\n<p>Das Red Sea Reef Foundation Starter Kit enth\u00e4lt 250 ml Reef Foundation A, 250 ml Reef Foundation B und 250 ml Reef Foundation C. Diese Produkte liefern wichtige Elemente f\u00fcr Korallenskelette: Kalzium, Magnesium, Strontium und Karbonat. W\u00e4hrend alle Elemente in nat\u00fcrlichem Meerwasser zu optimalen Wasserbedingungen beitragen, sind einige besonders wichtig.<\/p>\n<p>Die drei Schl\u00fcsselelemente, die die Grundlage einer gesunden Riffumgebung bilden, sind:<\/p>\n<ul>\n<li><strong>Kalzium (Ca)<\/strong><\/li>\n<li><strong>Magnesium (Mg)<\/strong><\/li>\n<li><strong>Karbonate (CO3)<\/strong><\/li>\n<\/ul>\n<p>Diese Elemente beeinflussen die Wasserchemie erheblich und beeinflussen die pH-Stabilit\u00e4t, Alkalit\u00e4t und Ionenst\u00e4rke sowie viele biologische Prozesse in Korallen, wie Skelettbildung, Ionenaustausch und Photosynthese. Die Elemente der Red Sea Foundation unterst\u00fctzen gemeinsam die Entwicklung des Korallenskeletts. Wenn diese Elemente nicht im Gleichgewicht sind, kann dies das Wachstum und die Gesundheit Ihrer Korallen negativ beeinflussen.<\/p>\n<p><strong>Reef Foundation A<\/strong> enth\u00e4lt einen Kalzium- und Strontiumkomplex zur Unterst\u00fctzung einer ausgewogenen Korallenskelettbildung. Die Konzentration dieses fl\u00fcssigen Erg\u00e4nzungsmittels ist so, dass 1 ml den Kalziumspiegel von 100 Litern (25 Gallonen) um 2 ppm erh\u00f6ht.<\/p>\n<p><strong>Reef Foundation B<\/strong> bietet einen Karbonat- (kH) und Pufferkomplex, der ebenfalls zur ausgewogenen Korallenskelettbildung beitr\u00e4gt. Dieses Erg\u00e4nzungsmittel besteht aus Karbonat und anderen Puffern, die ein ideales Verh\u00e4ltnis zwischen pH-Wert und Alkalinit\u00e4t gew\u00e4hrleisten. Bei diesem Produkt erh\u00f6ht 1 ml die Alkalinit\u00e4t (kH) von 100 Litern (25 Gallonen) um 0,036 meq\/l (0,1 dKH).<\/p>\n<p><strong>Reef Foundation C<\/strong> enth\u00e4lt eine Mischung aus Magnesiumsalzen. Dabei erh\u00f6ht 1 ml den Magnesiumspiegel von 100 Litern (25 Gallonen) um 1 ppm.<\/p>\n","protected":false},"excerpt":{"rendered":"<p>Red Sea Reef foundation starter kit contains 250ml reef foundation A, 250ml reef foundation B and 250ml reef foundation C.<\/p>\n","protected":false},"featured_media":81554,"template":"","meta":[],"pwb-brand":[2125],"product_cat":[1391,1404],"product_tag":[],"class_list":{"0":"post-86471","1":"product","2":"type-product","3":"status-publish","4":"has-post-thumbnail","6":"pwb-brand-red-sea","7":"product_cat-ergaenzungen","8":"product_cat-redsea-de","9":"pa_show-myparcel-options-male-de","11":"first","12":"instock","13":"taxable","14":"shipping-taxable","15":"purchasable","16":"product-type-simple"},"acf":[],"brands":[{"id":2125,"name":"Red Sea","slug":"red-sea"}],"_links":{"self":[{"href":"https:\/\/www.seaflowerstore.com\/de\/wp-json\/wp\/v2\/product\/86471","targetHints":{"allow":["GET"]}}],"collection":[{"href":"https:\/\/www.seaflowerstore.com\/de\/wp-json\/wp\/v2\/product"}],"about":[{"href":"https:\/\/www.seaflowerstore.com\/de\/wp-json\/wp\/v2\/types\/product"}],"wp:featuredmedia":[{"embeddable":true,"href":"https:\/\/www.seaflowerstore.com\/de\/wp-json\/wp\/v2\/media\/81554"}],"wp:attachment":[{"href":"https:\/\/www.seaflowerstore.com\/de\/wp-json\/wp\/v2\/media?parent=86471"}],"wp:term":[{"taxonomy":"pwb-brand","embeddable":true,"href":"https:\/\/www.seaflowerstore.com\/de\/wp-json\/wp\/v2\/pwb-brand?post=86471"},{"taxonomy":"product_cat","embeddable":true,"href":"https:\/\/www.seaflowerstore.com\/de\/wp-json\/wp\/v2\/product_cat?post=86471"},{"taxonomy":"product_tag","embeddable":true,"href":"https:\/\/www.seaflowerstore.com\/de\/wp-json\/wp\/v2\/product_tag?post=86471"}],"curies":[{"name":"wp","href":"https:\/\/api.w.org\/{rel}","templated":true}]}}