{"id":86472,"date":"2019-04-30T17:45:22","date_gmt":"2019-04-30T15:45:22","guid":{"rendered":"https:\/\/www.seaflowerstore.com\/nl\/5-%c2%b5m-sediment-filter\/"},"modified":"2024-03-20T17:02:19","modified_gmt":"2024-03-20T16:02:19","slug":"5-%c2%b5m-sediment-filter","status":"publish","type":"product","link":"https:\/\/www.seaflowerstore.com\/de\/5-%c2%b5m-sediment-filter\/","title":{"rendered":"5 \u00b5m Sediment Filter"},"content":{"rendered":"<h2>5 \u00b5m Sediment Filter<\/h2>\n<p>Dieser 5-Mikron-Sedimentfilter wurde entwickelt, um effektiv Partikel aus Ihrem Leitungswasser zu entfernen und tr\u00e4gt entscheidend zur Verl\u00e4ngerung der Lebensdauer der Osmosemembran bei. F\u00fcr eine optimale Leistung ist es wichtig, diesen Filter auszutauschen, sobald die Au\u00dfenseite Anzeichen einer grauen oder braunen Verf\u00e4rbung zeigt. Normalerweise geschieht dies, nachdem etwa 8000 Liter Osmosewasser produziert wurden, obwohl dies je nach der Menge der in Ihrem Leitungswasser vorhandenen Partikel variieren kann.<\/p>\n<p>Dieser Sedimentfilter ist <strong>in einem 10-Zoll-Filtergeh\u00e4use installiert<\/strong> und ist die erste Komponente, die nach dem Anschluss an die Leitungswasserversorgung eingerichtet werden sollte.<\/p>\n","protected":false},"excerpt":{"rendered":"<p>This 5 micron sediment filter removes particles from the tap water and is essential for a long service life of the osmosis membrane.<\/p>\n","protected":false},"featured_media":81547,"template":"","meta":[],"pwb-brand":[2137,2121],"product_cat":[1537,1463],"product_tag":[],"class_list":{"0":"post-86472","1":"product","2":"type-product","3":"status-publish","4":"has-post-thumbnail","6":"pwb-brand-d-d-the-aquarium-solution","7":"pwb-brand-vertex","8":"product_cat-aquarientechnik","9":"product_cat-filter-und-zubehoer","10":"pa_show-myparcel-options-male-de","12":"first","13":"instock","14":"taxable","15":"shipping-taxable","16":"purchasable","17":"product-type-simple"},"acf":[],"brands":[{"id":2137,"name":"D-D the aquarium solution","slug":"d-d-the-aquarium-solution"},{"id":2121,"name":"Vertex","slug":"vertex"}],"_links":{"self":[{"href":"https:\/\/www.seaflowerstore.com\/de\/wp-json\/wp\/v2\/product\/86472","targetHints":{"allow":["GET"]}}],"collection":[{"href":"https:\/\/www.seaflowerstore.com\/de\/wp-json\/wp\/v2\/product"}],"about":[{"href":"https:\/\/www.seaflowerstore.com\/de\/wp-json\/wp\/v2\/types\/product"}],"wp:featuredmedia":[{"embeddable":true,"href":"https:\/\/www.seaflowerstore.com\/de\/wp-json\/wp\/v2\/media\/81547"}],"wp:attachment":[{"href":"https:\/\/www.seaflowerstore.com\/de\/wp-json\/wp\/v2\/media?parent=86472"}],"wp:term":[{"taxonomy":"pwb-brand","embeddable":true,"href":"https:\/\/www.seaflowerstore.com\/de\/wp-json\/wp\/v2\/pwb-brand?post=86472"},{"taxonomy":"product_cat","embeddable":true,"href":"https:\/\/www.seaflowerstore.com\/de\/wp-json\/wp\/v2\/product_cat?post=86472"},{"taxonomy":"product_tag","embeddable":true,"href":"https:\/\/www.seaflowerstore.com\/de\/wp-json\/wp\/v2\/product_tag?post=86472"}],"curies":[{"name":"wp","href":"https:\/\/api.w.org\/{rel}","templated":true}]}}