{"id":86475,"date":"2019-04-28T15:30:42","date_gmt":"2019-04-28T13:30:42","guid":{"rendered":"https:\/\/www.seaflowerstore.com\/nl\/abyzz-a100\/"},"modified":"2024-03-20T17:02:07","modified_gmt":"2024-03-20T16:02:07","slug":"abyzz-a100","status":"publish","type":"product","link":"https:\/\/www.seaflowerstore.com\/de\/abyzz-a100\/","title":{"rendered":"Abyzz A100"},"content":{"rendered":"<h2>Abyzz A100<\/h2>\n<p>Die Abyzz-Pumpen sind f\u00fcr ihren leisen Betrieb und ihre hohe Leistung bekannt. Die Abyzz A100 ist das kleinste Modell der Reihe, vereint jedoch alle Qualit\u00e4ten und Funktionen der gr\u00f6\u00dferen Abyzz-Pumpen in einem kompakten und leistungsstarken Design. Diese Aquarienpumpe verf\u00fcgt \u00fcber eine programmierbare, robuste, men\u00fcgesteuerte Elektronik (Treiber) und einen sinuskommutierten Synchronmotor (Pumpe). Die Verwendung von Niederspannung (12 V) gew\u00e4hrleistet den sichersten Betrieb bei allen Anwendungen. Die integrierte Lagersp\u00fclung bietet hervorragenden Schutz vor Verkalkung. In Kombination mit Siliziumkarbidlagern, einem Titanrotor und einer speziellen Hartmetallwelle garantiert diese Pumpe einen wartungsarmen Einsatz.<\/p>\n<p>Die verwendeten Materialien sind auf Langlebigkeit ausgelegt und erf\u00fcllen h\u00f6chste Qualit\u00e4tsstandards. Das Produkt wird in Deutschland von Venotec entwickelt und produziert.<\/p>\n<p><strong>Sonderfunktionen:<\/strong><\/p>\n<ul>\n<li>Einstellbarer Drehzahlbereich (0 &#8230; 100%)<\/li>\n<li>Programmierbare Steuerung (z.B. Wellen- und Zufallsmodus)<\/li>\n<li>Umfassender Schutz gegen Trockenlauf, \u00dcberhitzung und \u00dcberstrom<\/li>\n<li>Sanftanlauf<\/li>\n<li>Busf\u00e4hige Schnittstelle f\u00fcr Peripherieger\u00e4te<\/li>\n<li>Verriegelbare Steckkontakte<\/li>\n<li>Ger\u00e4uscharmer Betrieb<\/li>\n<li>Motorbetriebsspannung: 12V<\/li>\n<li>Drehbarer Motorsockel<\/li>\n<\/ul>\n<p><strong>Anwendungen:<\/strong><\/p>\n<ul>\n<li>S\u00fc\u00dfwasser- und Meerwasseraquarien<\/li>\n<li>Teichfilteranlagen<\/li>\n<li>Bachl\u00e4ufe<\/li>\n<\/ul>\n<p><strong>Lieferumfang:<\/strong><\/p>\n<ul>\n<li>Abyzz A100 Pumpe und Antrieb<\/li>\n<li>Stromkabel (1,5 m) und Anschlusskabel<\/li>\n<li>Anleitung<\/li>\n<li>Einbaum\u00f6glichkeiten: entweder versenkt oder trocken in Rohrleitungen, nicht selbstansaugend<\/li>\n<li>Die Ein-\/Auslassanschl\u00fcsse sind f\u00fcr PVC\/ABS-Klebekupplungen geeignet<\/li>\n<\/ul>\n<p><strong style=\"color: #555555\">Zus\u00e4tzliche Informationen:<\/strong><\/p>\n<ul>\n<li>Gewicht: 5 kg<\/li>\n<li>Gr\u00f6\u00dfe: 340 \u00d7 250 \u00d7 140 mm<\/li>\n<li>Maximale F\u00f6rderleistung: 8.500 l\/Std.<\/li>\n<li>Nennf\u00f6rderleistung: 7.300 l\/Std.<\/li>\n<li>Maximale F\u00f6rderh\u00f6he: 6,0 m<\/li>\n<li>Maximaler Betriebsdruck: 1,2 bar<\/li>\n<li>Maximale Tiefe: 2,0 m<\/li>\n<li>Anschl\u00fcsse: Einlass\/Auslass 40 mm \/ 25 mm<\/li>\n<li>Kabell\u00e4nge (Pumpe): 3,0 m<\/li>\n<li>Leistungsaufnahme: 5 &#8230; 100 W<\/li>\n<li>Betriebsspannung: 90 &#8230; 240 V ~, 50 &#8230; 60 Hz<\/li>\n<li>Umgebungstemperatur: +2 \u00b0C &#8230; +40 \u00b0C<\/li>\n<li>10 Jahre Garantie<\/li>\n<\/ul>\n","protected":false},"excerpt":{"rendered":"<p>Abyzz pumps are very quiet with high performance. The Abyzz A100 is the smallest pump in the range<\/p>\n","protected":false},"featured_media":81536,"template":"","meta":[],"pwb-brand":[2277],"product_cat":[1537],"product_tag":[],"class_list":{"0":"post-86475","1":"product","2":"type-product","3":"status-publish","4":"has-post-thumbnail","6":"pwb-brand-abyzz","7":"product_cat-aquarientechnik","8":"pa_show-myparcel-options-male-de","10":"first","11":"instock","12":"taxable","13":"shipping-taxable","14":"purchasable","15":"product-type-simple"},"acf":[],"brands":[{"id":2277,"name":"Abyzz","slug":"abyzz"}],"_links":{"self":[{"href":"https:\/\/www.seaflowerstore.com\/de\/wp-json\/wp\/v2\/product\/86475","targetHints":{"allow":["GET"]}}],"collection":[{"href":"https:\/\/www.seaflowerstore.com\/de\/wp-json\/wp\/v2\/product"}],"about":[{"href":"https:\/\/www.seaflowerstore.com\/de\/wp-json\/wp\/v2\/types\/product"}],"wp:featuredmedia":[{"embeddable":true,"href":"https:\/\/www.seaflowerstore.com\/de\/wp-json\/wp\/v2\/media\/81536"}],"wp:attachment":[{"href":"https:\/\/www.seaflowerstore.com\/de\/wp-json\/wp\/v2\/media?parent=86475"}],"wp:term":[{"taxonomy":"pwb-brand","embeddable":true,"href":"https:\/\/www.seaflowerstore.com\/de\/wp-json\/wp\/v2\/pwb-brand?post=86475"},{"taxonomy":"product_cat","embeddable":true,"href":"https:\/\/www.seaflowerstore.com\/de\/wp-json\/wp\/v2\/product_cat?post=86475"},{"taxonomy":"product_tag","embeddable":true,"href":"https:\/\/www.seaflowerstore.com\/de\/wp-json\/wp\/v2\/product_tag?post=86475"}],"curies":[{"name":"wp","href":"https:\/\/api.w.org\/{rel}","templated":true}]}}