{"id":86476,"date":"2019-04-28T15:09:24","date_gmt":"2019-04-28T13:09:24","guid":{"rendered":"https:\/\/www.seaflowerstore.com\/nl\/ams-enzy-pro-extra\/"},"modified":"2024-03-20T17:03:15","modified_gmt":"2024-03-20T16:03:15","slug":"ams-enzy-pro-extra","status":"publish","type":"product","link":"https:\/\/www.seaflowerstore.com\/de\/ams-enzy-pro-extra\/","title":{"rendered":"AMS Enzy-Pro-Extra"},"content":{"rendered":"<h2>AMS Enzy-Pro Extra 237ml pro-biotic against mild or emerging cyano pests<\/h2>\n<p>AMS ENZYM wurde entwickelt, um angesammelten organischen Abfall in Ihrem Aquariumsystem zu beseitigen. Es l\u00f6st diesen Abfall auf und macht ihn so wieder f\u00fcr den Absch\u00e4umer verf\u00fcgbar. Dieses Produkt wirkt probiotisch, um leichte oder neu auftretende Cyanosch\u00e4dlinge zu bek\u00e4mpfen.<\/p>\n<p><strong>Anleitung:<\/strong> Beginnen Sie mit der H\u00e4lfte der auf der Flasche angegebenen Erhaltungsdosis und beobachten Sie, wie Ihr Absch\u00e4umer reagiert. So k\u00f6nnen Sie bei Bedarf Anpassungen vornehmen, z. B. ihn etwas trockener machen, die H\u00f6he \u00e4ndern oder den Abfluss modifizieren, falls er zu stark absch\u00e4umt. Jedes Aquariumsystem ist einzigartig und die Reaktionen k\u00f6nnen von m\u00e4\u00dfig bis sehr stark variieren, sogar bei einer normalen Schaumdosis. Sie werden das Produkt buchst\u00e4blich in Aktion sehen. Indem Sie die Dosis schrittweise erh\u00f6hen, k\u00f6nnen Sie die Absch\u00e4umkapazit\u00e4t effektiv steuern.<\/p>\n<p><strong>Dosierung:<\/strong> Geben Sie dies w\u00e4hrend der ersten Woche die ersten f\u00fcnf Tage t\u00e4glich hinzu. Ab der zweiten Woche nehmen Sie eine w\u00f6chentliche Dosis, bis die Flasche leer ist.<\/p>\n<p><strong>Hinweis:<\/strong> AMS ENZY pro arbeitet aktiv mit AMS Nitra-min zusammen, um den Nitratgehalt zu senken.<\/p>\n","protected":false},"excerpt":{"rendered":"<p>AMS ENZY-pro tackles accumulated organic waste in the aquarium system<\/p>\n","protected":false},"featured_media":81532,"template":"","meta":[],"pwb-brand":[2207],"product_cat":[1484,515],"product_tag":[],"class_list":{"0":"post-86476","1":"product","2":"type-product","3":"status-publish","4":"has-post-thumbnail","6":"pwb-brand-ams-aqua-marine-supply","7":"product_cat-bakterien","8":"product_cat-additives","9":"pa_inhoud-237-ml-de","10":"pa_inhoud-474-ml-de","11":"pa_show-myparcel-options-male-de","13":"first","14":"instock","15":"taxable","16":"shipping-taxable","17":"purchasable","18":"product-type-variable"},"acf":[],"brands":[{"id":2207,"name":"AMS &#8211; Aqua Marine Supply","slug":"ams-aqua-marine-supply"}],"_links":{"self":[{"href":"https:\/\/www.seaflowerstore.com\/de\/wp-json\/wp\/v2\/product\/86476","targetHints":{"allow":["GET"]}}],"collection":[{"href":"https:\/\/www.seaflowerstore.com\/de\/wp-json\/wp\/v2\/product"}],"about":[{"href":"https:\/\/www.seaflowerstore.com\/de\/wp-json\/wp\/v2\/types\/product"}],"wp:featuredmedia":[{"embeddable":true,"href":"https:\/\/www.seaflowerstore.com\/de\/wp-json\/wp\/v2\/media\/81532"}],"wp:attachment":[{"href":"https:\/\/www.seaflowerstore.com\/de\/wp-json\/wp\/v2\/media?parent=86476"}],"wp:term":[{"taxonomy":"pwb-brand","embeddable":true,"href":"https:\/\/www.seaflowerstore.com\/de\/wp-json\/wp\/v2\/pwb-brand?post=86476"},{"taxonomy":"product_cat","embeddable":true,"href":"https:\/\/www.seaflowerstore.com\/de\/wp-json\/wp\/v2\/product_cat?post=86476"},{"taxonomy":"product_tag","embeddable":true,"href":"https:\/\/www.seaflowerstore.com\/de\/wp-json\/wp\/v2\/product_tag?post=86476"}],"curies":[{"name":"wp","href":"https:\/\/api.w.org\/{rel}","templated":true}]}}