{"id":86479,"date":"2019-04-28T14:25:15","date_gmt":"2019-04-28T14:25:15","guid":{"rendered":"https:\/\/www.seaflowerstore.com\/nl\/ams-bacti-pro-extra\/"},"modified":"2024-03-20T17:02:03","modified_gmt":"2024-03-20T16:02:03","slug":"ams-bacti-pro-extra","status":"publish","type":"product","link":"https:\/\/www.seaflowerstore.com\/de\/ams-bacti-pro-extra\/","title":{"rendered":"AMS Bacti-Pro-Extra"},"content":{"rendered":"<h2>AMS Bacti-Pro-Extra contains the highest existing concentration of the live beneficial bacteria strains<\/h2>\n<p><strong>AMS Bacti-Pro-Extra<\/strong> bietet die derzeit h\u00f6chste Konzentration an lebenden n\u00fctzlichen Bakterienst\u00e4mmen. Dieses Produkt wurde entwickelt, um:<\/p>\n<ul>\n<li>den Zyklus in Gang zu setzen<\/li>\n<li>einen gesunden Biofilter zu initiieren und aufrechtzuerhalten<\/li>\n<li>als wirksames Probiotikum gegen Cyanobakterien zu dienen, wenn es zusammen mit Enzy-Pro Extra verwendet wird<\/li>\n<\/ul>\n<p>Es enth\u00e4lt wichtige St\u00e4mme wie <strong>Nitrosomas europaea<\/strong>, <strong>Nitrobacter<\/strong>, <strong>Paracoccus denitrificans<\/strong> und <strong>Pseudosomas stuzeri<\/strong>. Diese Bakterien arbeiten zusammen, um Ammoniak in Nitrite, dann Nitrite in Nitrate und schlie\u00dflich Nitrate in harmlosen Stickstoff umzuwandeln.<\/p>\n<h4><strong>Dosierung:<\/strong><\/h4>\n<p>Bei Start- und Cyanobakterienproblemen betr\u00e4gt die empfohlene Dosierung 5 ml pro 100 ml t\u00e4glich w\u00e4hrend der ersten Woche, bis die Cyanobakterien verschwunden sind.<\/p>\n<p>Verwenden Sie f\u00fcr die w\u00f6chentliche Erhaltungsdosis:<\/p>\n<ul>\n<li>5 ml pro 100 Liter<\/li>\n<\/ul>\n<p>Diese Erhaltungsdosis hilft:<\/p>\n<ul>\n<li>Beschleunigung der Inbetriebnahme von Aquariensystemen<\/li>\n<li>Reduzierung von Ammoniak- und Nitritspitzen<\/li>\n<li>Unterst\u00fctzung der Erholung von Bakterienpopulationen nach Anti-Cyanobakterien-Behandlungen oder anderen Mitteln<\/li>\n<li>Wirkt probiotisch gegen leichte oder neu auftretende Cyanobakteriensch\u00e4dlinge<\/li>\n<\/ul>\n<p>Es ist wichtig, um einen im Laufe der Zeit entstehenden unausgeglichenen Bakterienbestand zu korrigieren und Cyanobakterien-Sch\u00e4dlinge vorzubeugen.<\/p>\n","protected":false},"excerpt":{"rendered":"<p>AMS Bacti-Pro-Extra 237ml contains the highest existing concentration of the live beneficial bacteria strains<\/p>\n","protected":false},"featured_media":81528,"template":"","meta":[],"pwb-brand":[2207],"product_cat":[1484],"product_tag":[],"class_list":{"0":"post-86479","1":"product","2":"type-product","3":"status-publish","4":"has-post-thumbnail","6":"pwb-brand-ams-aqua-marine-supply","7":"product_cat-bakterien","8":"pa_inhoud-250-ml-de","9":"pa_inhoud-500-ml-de","10":"pa_show-myparcel-options-male-de","12":"first","13":"instock","14":"taxable","15":"shipping-taxable","16":"purchasable","17":"product-type-variable"},"acf":[],"brands":[{"id":2207,"name":"AMS &#8211; Aqua Marine Supply","slug":"ams-aqua-marine-supply"}],"_links":{"self":[{"href":"https:\/\/www.seaflowerstore.com\/de\/wp-json\/wp\/v2\/product\/86479","targetHints":{"allow":["GET"]}}],"collection":[{"href":"https:\/\/www.seaflowerstore.com\/de\/wp-json\/wp\/v2\/product"}],"about":[{"href":"https:\/\/www.seaflowerstore.com\/de\/wp-json\/wp\/v2\/types\/product"}],"wp:featuredmedia":[{"embeddable":true,"href":"https:\/\/www.seaflowerstore.com\/de\/wp-json\/wp\/v2\/media\/81528"}],"wp:attachment":[{"href":"https:\/\/www.seaflowerstore.com\/de\/wp-json\/wp\/v2\/media?parent=86479"}],"wp:term":[{"taxonomy":"pwb-brand","embeddable":true,"href":"https:\/\/www.seaflowerstore.com\/de\/wp-json\/wp\/v2\/pwb-brand?post=86479"},{"taxonomy":"product_cat","embeddable":true,"href":"https:\/\/www.seaflowerstore.com\/de\/wp-json\/wp\/v2\/product_cat?post=86479"},{"taxonomy":"product_tag","embeddable":true,"href":"https:\/\/www.seaflowerstore.com\/de\/wp-json\/wp\/v2\/product_tag?post=86479"}],"curies":[{"name":"wp","href":"https:\/\/api.w.org\/{rel}","templated":true}]}}