{"id":86482,"date":"2019-04-26T19:32:28","date_gmt":"2019-04-26T17:32:28","guid":{"rendered":"https:\/\/www.seaflowerstore.com\/nl\/coral-holder\/"},"modified":"2024-03-20T17:01:59","modified_gmt":"2024-03-20T16:01:59","slug":"coral-holder","status":"publish","type":"product","link":"https:\/\/www.seaflowerstore.com\/de\/coral-holder\/","title":{"rendered":"Coral Holder"},"content":{"rendered":"<h2>Coral Holder is the solution to mount your corals<\/h2>\n<p>Der Aqua Medic Coral Holder ist eine ausgezeichnete Wahl f\u00fcr die Pr\u00e4sentation von Wirbellosen und Muscheln in Ihren Ladensystemen. Dieser Halter verf\u00fcgt \u00fcber ein flexibles Design, das an die Gr\u00f6\u00dfe verschiedener Korallen angepasst werden kann. Sie k\u00f6nnen ihn mit einem wasserfesten Stift ganz einfach mit dem Namen der Art beschriften.<\/p>\n","protected":false},"excerpt":{"rendered":"<p>The holder has a flexible system, adjustable on the dimensions of the corals<\/p>\n","protected":false},"featured_media":81526,"template":"","meta":[],"pwb-brand":[2149],"product_cat":[1421,1461],"product_tag":[],"class_list":{"0":"post-86482","1":"product","2":"type-product","3":"status-publish","4":"has-post-thumbnail","6":"pwb-brand-aqua-medic","7":"product_cat-aqua-medic-de","8":"product_cat-schneidzubehoer","9":"pa_show-myparcel-options-male-de","11":"first","12":"instock","13":"taxable","14":"shipping-taxable","15":"purchasable","16":"product-type-simple"},"acf":[],"brands":[{"id":2149,"name":"Aqua Medic","slug":"aqua-medic"}],"_links":{"self":[{"href":"https:\/\/www.seaflowerstore.com\/de\/wp-json\/wp\/v2\/product\/86482","targetHints":{"allow":["GET"]}}],"collection":[{"href":"https:\/\/www.seaflowerstore.com\/de\/wp-json\/wp\/v2\/product"}],"about":[{"href":"https:\/\/www.seaflowerstore.com\/de\/wp-json\/wp\/v2\/types\/product"}],"wp:featuredmedia":[{"embeddable":true,"href":"https:\/\/www.seaflowerstore.com\/de\/wp-json\/wp\/v2\/media\/81526"}],"wp:attachment":[{"href":"https:\/\/www.seaflowerstore.com\/de\/wp-json\/wp\/v2\/media?parent=86482"}],"wp:term":[{"taxonomy":"pwb-brand","embeddable":true,"href":"https:\/\/www.seaflowerstore.com\/de\/wp-json\/wp\/v2\/pwb-brand?post=86482"},{"taxonomy":"product_cat","embeddable":true,"href":"https:\/\/www.seaflowerstore.com\/de\/wp-json\/wp\/v2\/product_cat?post=86482"},{"taxonomy":"product_tag","embeddable":true,"href":"https:\/\/www.seaflowerstore.com\/de\/wp-json\/wp\/v2\/product_tag?post=86482"}],"curies":[{"name":"wp","href":"https:\/\/api.w.org\/{rel}","templated":true}]}}