{"id":86485,"date":"2019-04-26T16:07:52","date_gmt":"2019-04-26T14:07:52","guid":{"rendered":"https:\/\/www.seaflowerstore.com\/nl\/the-bag-for-purigen\/"},"modified":"2024-03-20T17:01:57","modified_gmt":"2024-03-20T16:01:57","slug":"the-bag-for-purigen","status":"publish","type":"product","link":"https:\/\/www.seaflowerstore.com\/de\/the-bag-for-purigen\/","title":{"rendered":"The Bag for Purigen"},"content":{"rendered":"<h2>The Bag filterpouch made for Seachem Purigen<\/h2>\n<p>The Bag\u2122 ist ein kreativer Filterbeutel mit einer robusten Schwei\u00dfnaht, die ohne N\u00e4hen auskommt. Er hat ein 180-Mikron-Netz und ist best\u00e4ndig gegen Bleichmittel, \u00c4tzmittel und S\u00e4uren. Au\u00dferdem verf\u00fcgt er \u00fcber einen praktischen, wiederverschlie\u00dfbaren Verschluss, was ihn sehr benutzerfreundlich macht. Der Beutel ist in einer praktischen Gr\u00f6\u00dfe von 5 x 9,5 Zoll erh\u00e4ltlich, die perfekt f\u00fcr alle Filterprodukte ist und eine beeindruckende Lebensdauer aufweist.<\/p>\n<p>Einer der Hauptvorteile von Schwei\u00dfn\u00e4hten besteht darin, dass sie sich nicht verschlechtern, wenn sie aggressiven Elementen wie Bleichmitteln, \u00c4tzmitteln oder S\u00e4uren ausgesetzt werden, die h\u00e4ufig bei der Regeneration von Filtermedien auftreten. Bitte seien Sie jedoch vorsichtig und vermeiden Sie \u00dcberf\u00fcllung oder \u00dcberpackung, da \u00fcberm\u00e4\u00dfige Zugkr\u00e4fte dazu f\u00fchren k\u00f6nnen, dass sich die Schwei\u00dfn\u00e4hte l\u00f6sen.<\/p>\n<p><strong>Gr\u00f6\u00dfe:<\/strong> 13 x 25,5 cm (5\u201d x 9,5\u201d)<br \/>\n<strong>Masche:<\/strong> <span class=\"text-gray\">Superfein (180 Mikron)<\/span><br \/>\n<strong>Verschlussmechanismus:<\/strong> <span class=\"text-gray\">Kabelbinder aus Kunststoff<\/span><br \/>\n<strong>Material:<\/strong> <span class=\"text-gray\">Polyethylen<\/span><br \/>\n<strong>N\u00e4hte:<\/strong> <span class=\"text-gray\">Geschwei\u00dft<\/span><br \/>\n<strong>Best\u00e4ndig gegen Bleiche, Laugen und S\u00e4uren:<\/strong> <span class=\"text-gray\">Ja<\/span><br \/>\n<strong>Medienkompatibilit\u00e4t:<\/strong> <span class=\"text-gray\">Alle Seachem<\/span><\/p>\n","protected":false},"excerpt":{"rendered":"<p>Filter bag (The Bag) which is specially made for Seachem Purigen<\/p>\n","protected":false},"featured_media":81520,"template":"","meta":[],"pwb-brand":[2215],"product_cat":[1403],"product_tag":[],"class_list":{"0":"post-86485","1":"product","2":"type-product","3":"status-publish","4":"has-post-thumbnail","6":"pwb-brand-seachem","7":"product_cat-beutel-filterung","8":"pa_show-myparcel-options-male-de","10":"first","11":"instock","12":"taxable","13":"shipping-taxable","14":"purchasable","15":"product-type-simple"},"acf":[],"brands":[{"id":2215,"name":"Seachem","slug":"seachem"}],"_links":{"self":[{"href":"https:\/\/www.seaflowerstore.com\/de\/wp-json\/wp\/v2\/product\/86485","targetHints":{"allow":["GET"]}}],"collection":[{"href":"https:\/\/www.seaflowerstore.com\/de\/wp-json\/wp\/v2\/product"}],"about":[{"href":"https:\/\/www.seaflowerstore.com\/de\/wp-json\/wp\/v2\/types\/product"}],"wp:featuredmedia":[{"embeddable":true,"href":"https:\/\/www.seaflowerstore.com\/de\/wp-json\/wp\/v2\/media\/81520"}],"wp:attachment":[{"href":"https:\/\/www.seaflowerstore.com\/de\/wp-json\/wp\/v2\/media?parent=86485"}],"wp:term":[{"taxonomy":"pwb-brand","embeddable":true,"href":"https:\/\/www.seaflowerstore.com\/de\/wp-json\/wp\/v2\/pwb-brand?post=86485"},{"taxonomy":"product_cat","embeddable":true,"href":"https:\/\/www.seaflowerstore.com\/de\/wp-json\/wp\/v2\/product_cat?post=86485"},{"taxonomy":"product_tag","embeddable":true,"href":"https:\/\/www.seaflowerstore.com\/de\/wp-json\/wp\/v2\/product_tag?post=86485"}],"curies":[{"name":"wp","href":"https:\/\/api.w.org\/{rel}","templated":true}]}}