{"id":86490,"date":"2019-04-12T12:17:06","date_gmt":"2019-04-12T10:17:06","guid":{"rendered":"https:\/\/www.seaflowerstore.com\/nl\/fishing-scoop\/"},"modified":"2024-03-20T17:01:48","modified_gmt":"2024-03-20T16:01:48","slug":"fishing-scoop","status":"publish","type":"product","link":"https:\/\/www.seaflowerstore.com\/de\/fishing-scoop\/","title":{"rendered":"Fishing scoop"},"content":{"rendered":"<h2>Fishing scoop for easy catching of fish from the aquarium<\/h2>\n<p><strong>Ma\u00dfe:<\/strong> L\u00e4nge ca. 40 cm, Durchmesser ca. 12 cm.<\/p>\n<p>Das Fangen von Fischen mit einem Netz kann gef\u00e4hrlich sein und zu Hautsch\u00e4den bei den Fischen f\u00fchren. Um diese Probleme zu vermeiden, empfehlen wir die neue <strong>Fangglocke<\/strong> f\u00fcr Fische.<\/p>\n<p>Dieses innovative Werkzeug verf\u00fcgt \u00fcber eine transparente Schaufel, die ins Wasser getaucht wird. Dabei wird Luft \u00fcber den hohlen Griff gedr\u00fcckt, sodass sie entweichen kann. Sobald Sie den Fisch gefangen haben, verschlie\u00dfen Sie einfach die \u00d6ffnung am Ende des Griffs, damit kein Wasser mehr austreten kann. Auf diese Weise wird der Fisch immer unter Wasser transportiert und seine empfindlichen Schleimh\u00e4ute kommen nicht mit einem Netz oder einer festen Oberfl\u00e4che in Ber\u00fchrung.<\/p>\n<p>Diese Methode eignet sich auch hervorragend zum Fang von Garnelen und anderen Wirbellosen.<\/p>\n","protected":false},"excerpt":{"rendered":"<p>catch bowl for gentle and easy removal of fish and invertebrates from the aquarium<\/p>\n","protected":false},"featured_media":81507,"template":"","meta":[],"pwb-brand":[2149],"product_cat":[1421,1431,1451,741],"product_tag":[],"class_list":{"0":"post-86490","1":"product","2":"type-product","3":"status-publish","4":"has-post-thumbnail","6":"pwb-brand-aqua-medic","7":"product_cat-aqua-medic-de","8":"product_cat-nuetzliche-artikel","9":"product_cat-zubehoer","10":"product_cat-brands","11":"pa_show-myparcel-options-male-de","13":"first","14":"instock","15":"taxable","16":"shipping-taxable","17":"purchasable","18":"product-type-simple"},"acf":[],"brands":[{"id":2149,"name":"Aqua Medic","slug":"aqua-medic"}],"_links":{"self":[{"href":"https:\/\/www.seaflowerstore.com\/de\/wp-json\/wp\/v2\/product\/86490","targetHints":{"allow":["GET"]}}],"collection":[{"href":"https:\/\/www.seaflowerstore.com\/de\/wp-json\/wp\/v2\/product"}],"about":[{"href":"https:\/\/www.seaflowerstore.com\/de\/wp-json\/wp\/v2\/types\/product"}],"wp:featuredmedia":[{"embeddable":true,"href":"https:\/\/www.seaflowerstore.com\/de\/wp-json\/wp\/v2\/media\/81507"}],"wp:attachment":[{"href":"https:\/\/www.seaflowerstore.com\/de\/wp-json\/wp\/v2\/media?parent=86490"}],"wp:term":[{"taxonomy":"pwb-brand","embeddable":true,"href":"https:\/\/www.seaflowerstore.com\/de\/wp-json\/wp\/v2\/pwb-brand?post=86490"},{"taxonomy":"product_cat","embeddable":true,"href":"https:\/\/www.seaflowerstore.com\/de\/wp-json\/wp\/v2\/product_cat?post=86490"},{"taxonomy":"product_tag","embeddable":true,"href":"https:\/\/www.seaflowerstore.com\/de\/wp-json\/wp\/v2\/product_tag?post=86490"}],"curies":[{"name":"wp","href":"https:\/\/api.w.org\/{rel}","templated":true}]}}