{"id":86492,"date":"2019-04-09T20:08:15","date_gmt":"2019-04-09T18:08:15","guid":{"rendered":"https:\/\/www.seaflowerstore.com\/nl\/aqua-medic-ecodrift-15-3-3000-15-000-l-h\/"},"modified":"2024-03-20T17:01:38","modified_gmt":"2024-03-20T16:01:38","slug":"aqua-medic-ecodrift-15-3-3000-15-000-l-h","status":"publish","type":"product","link":"https:\/\/www.seaflowerstore.com\/de\/aqua-medic-ecodrift-15-3-3000-15-000-l-h\/","title":{"rendered":"Aqua Medic EcoDrift 15.3 &#8211; 3000 &#8211; 15.000 l\/h"},"content":{"rendered":"<h2>Aqua Medic EcoDrift 15.3 &#8211; 3000 &#8211; 15000 l \/ h WiFi adjustable flow pump<\/h2>\n<p>Die Aqua Medic EcoDrift 15.3 ist eine per WLAN regelbare Str\u00f6mungspumpe, die leise arbeitet und sich perfekt f\u00fcr Aquarien bis 1500 Liter eignet. Mit einer Durchflusskapazit\u00e4t von 3000 bis 15000 Litern pro Stunde ist diese Pumpe auf hohe Energieeffizienz ausgelegt.<\/p>\n<h3>Eigenschaften:<\/h3>\n<ul>\n<li>Inklusive Controller<\/li>\n<li>Steuerung und Programmierung k\u00f6nnen \u00fcber eine App (verf\u00fcgbar im iTunes und Google Play Store) oder manuell \u00fcber den Controller erfolgen<\/li>\n<li>M\u00f6glichkeit, mehrere Pumpen gleichzeitig zu steuern<\/li>\n<li>Unterst\u00fctzt Multiprogrammierung von Pumpen durch Master-Slave- oder Cross-Flow-Konfigurationen<\/li>\n<li>Verschiedene Durchflussmuster k\u00f6nnen angepasst werden<\/li>\n<li>Die Leistung kann mit dem aufsteckbaren Power-Diffusor um bis zu 10 % gesteigert werden<\/li>\n<li>Verf\u00fcgt \u00fcber eine magnetische Halterung mit vibrationsd\u00e4mpfenden Gummid\u00e4mpfern, die eine variable Durchflussrichtung erm\u00f6glichen<\/li>\n<li>0 &#8211; 10 V-Anschluss f\u00fcr externe Steuerungsoptionen<\/li>\n<li>Arbeitet mit einer Sicherheitsspannung von 24 V, einschlie\u00dflich eines Transformators, der 100 &#8211; 240 V \/ 50 &#8211; 60 Hz<\/li>\n<\/ul>\n<table border=\"1\">\n<tbody>\n<tr>\n<td><\/td>\n<td><strong>EcoDrift 4.3<\/strong><\/td>\n<td><strong>EcoDrift 8.3<\/strong><\/td>\n<\/tr>\n<tr>\n<td>F\u00fcr Aquarien bis<\/td>\n<td>300 l<\/td>\n<td>800 l<\/td>\n<\/tr>\n<tr>\n<td>Leistung einstellbar<\/td>\n<td>800-4.000 l\/h<\/td>\n<td>1.600 &#8211; 8.000 l\/h<\/td>\n<\/tr>\n<tr>\n<td>Stromverbrauch<\/td>\n<td>3 &#8211; 10 Watt<\/td>\n<td>8 &#8211; 20 Watt<\/td>\n<\/tr>\n<tr>\n<td>Abmessungen<\/td>\n<td>Ca. 80 mm, \u00d8 70 mm<\/td>\n<td>Ca. 105 mm, \u00d8 85 mm<\/td>\n<\/tr>\n<tr>\n<td>Glasst\u00e4rke bis zu<\/td>\n<td>15 mm<\/td>\n<td>15 mm<\/td>\n<\/tr>\n<\/tbody>\n<\/table>\n<table border=\"1\">\n<tbody>\n<tr>\n<td><\/td>\n<td><span style=\"background-color: #00ffff\"><strong>EcoDrift 15.3<\/strong><\/span><\/td>\n<td><strong>EcoDrift 20.3<\/strong><\/td>\n<\/tr>\n<tr>\n<td>F\u00fcr Aquarien bis zu<\/td>\n<td>1.500 l<\/td>\n<td>2.000 l<\/td>\n<\/tr>\n<tr>\n<td>Kapazit\u00e4t einstellbar<\/td>\n<td>3.000 &#8211; 15.000 l\/h<\/td>\n<td>4.000 &#8211; 20.000 l\/h<\/td>\n<\/tr>\n<tr>\n<td>Leistungsaufnahme<\/td>\n<td>10 &#8211; 35 Watt<\/td>\n<td>20 &#8211; 60 Watt<\/td>\n<\/tr>\n<tr>\n<td>Abmessungen<\/td>\n<td>Ca. 136 mm, \u00d8 110 mm<\/td>\n<td>Ca. 146 mm, \u00d8 110 mm<\/td>\n<\/tr>\n<tr>\n<td>Glasst\u00e4rken bis zu<\/td>\n<td>15 mm<\/td>\n<td>15 mm<\/td>\n<\/tr>\n<\/tbody>\n<\/table>\n","protected":false},"excerpt":{"rendered":"<p>Aqua Medic EcoDrift 15.3 is a wifi adjustable, super quiet, flow pump with a maximum of 1500 liter aquarium. The pump has a flow capacity of 3000 to 15000 liters per hour and is also very energy efficient.<\/p>\n","protected":false},"featured_media":83337,"template":"","meta":[],"pwb-brand":[2149],"product_cat":[1421,1388],"product_tag":[],"class_list":{"0":"post-86492","1":"product","2":"type-product","3":"status-publish","4":"has-post-thumbnail","6":"pwb-brand-aqua-medic","7":"product_cat-aqua-medic-de","8":"product_cat-stroemungspumpen","9":"pa_show-myparcel-options-male-de","11":"first","12":"outofstock","13":"taxable","14":"shipping-taxable","15":"purchasable","16":"product-type-simple"},"acf":[],"brands":[{"id":2149,"name":"Aqua Medic","slug":"aqua-medic"}],"_links":{"self":[{"href":"https:\/\/www.seaflowerstore.com\/de\/wp-json\/wp\/v2\/product\/86492","targetHints":{"allow":["GET"]}}],"collection":[{"href":"https:\/\/www.seaflowerstore.com\/de\/wp-json\/wp\/v2\/product"}],"about":[{"href":"https:\/\/www.seaflowerstore.com\/de\/wp-json\/wp\/v2\/types\/product"}],"wp:featuredmedia":[{"embeddable":true,"href":"https:\/\/www.seaflowerstore.com\/de\/wp-json\/wp\/v2\/media\/83337"}],"wp:attachment":[{"href":"https:\/\/www.seaflowerstore.com\/de\/wp-json\/wp\/v2\/media?parent=86492"}],"wp:term":[{"taxonomy":"pwb-brand","embeddable":true,"href":"https:\/\/www.seaflowerstore.com\/de\/wp-json\/wp\/v2\/pwb-brand?post=86492"},{"taxonomy":"product_cat","embeddable":true,"href":"https:\/\/www.seaflowerstore.com\/de\/wp-json\/wp\/v2\/product_cat?post=86492"},{"taxonomy":"product_tag","embeddable":true,"href":"https:\/\/www.seaflowerstore.com\/de\/wp-json\/wp\/v2\/product_tag?post=86492"}],"curies":[{"name":"wp","href":"https:\/\/api.w.org\/{rel}","templated":true}]}}