{"id":86497,"date":"2019-04-08T17:41:29","date_gmt":"2019-04-08T15:41:29","guid":{"rendered":"https:\/\/www.seaflowerstore.com\/nl\/h2ocean-dosing-pump-pro-bracket-p4-pro\/"},"modified":"2024-03-20T17:01:28","modified_gmt":"2024-03-20T16:01:28","slug":"h2ocean-dosing-pump-pro-bracket-p4-pro","status":"publish","type":"product","link":"https:\/\/www.seaflowerstore.com\/de\/h2ocean-dosing-pump-pro-bracket-p4-pro\/","title":{"rendered":"H2Ocean Dosing Pump PRO Bracket P4 PRO"},"content":{"rendered":"<h2>H2Ocean Dosing Pump PRO Bracket<\/h2>\n<p>Die Halterung f\u00fcr die Dosierpumpe von H2Ocean wurde speziell f\u00fcr die <strong>PRO<\/strong>-Version entwickelt. Mit dieser Halterung k\u00f6nnen Sie Ihre Dosierpumpe ganz einfach an der R\u00fcckseite eines Schranks oder einer Wand befestigen und so Ihre Ausr\u00fcstung ordentlich und \u00fcbersichtlich aufstellen.<\/p>\n","protected":false},"excerpt":{"rendered":"<p>H2Ocean Dosing Pump PRO Bracket to mount the dosingpump to the back of a cabinet or wall<\/p>\n","protected":false},"featured_media":81487,"template":"","meta":[],"pwb-brand":[2153],"product_cat":[1420],"product_tag":[],"class_list":{"0":"post-86497","1":"product","2":"type-product","3":"status-publish","4":"has-post-thumbnail","6":"pwb-brand-d-d-h2ocean","7":"product_cat-doseerpomp-accessoires-de","8":"pa_show-myparcel-options-male-de","10":"first","11":"outofstock","12":"taxable","13":"shipping-taxable","14":"purchasable","15":"product-type-simple"},"acf":[],"brands":[{"id":2153,"name":"D-D H2Ocean","slug":"d-d-h2ocean"}],"_links":{"self":[{"href":"https:\/\/www.seaflowerstore.com\/de\/wp-json\/wp\/v2\/product\/86497","targetHints":{"allow":["GET"]}}],"collection":[{"href":"https:\/\/www.seaflowerstore.com\/de\/wp-json\/wp\/v2\/product"}],"about":[{"href":"https:\/\/www.seaflowerstore.com\/de\/wp-json\/wp\/v2\/types\/product"}],"wp:featuredmedia":[{"embeddable":true,"href":"https:\/\/www.seaflowerstore.com\/de\/wp-json\/wp\/v2\/media\/81487"}],"wp:attachment":[{"href":"https:\/\/www.seaflowerstore.com\/de\/wp-json\/wp\/v2\/media?parent=86497"}],"wp:term":[{"taxonomy":"pwb-brand","embeddable":true,"href":"https:\/\/www.seaflowerstore.com\/de\/wp-json\/wp\/v2\/pwb-brand?post=86497"},{"taxonomy":"product_cat","embeddable":true,"href":"https:\/\/www.seaflowerstore.com\/de\/wp-json\/wp\/v2\/product_cat?post=86497"},{"taxonomy":"product_tag","embeddable":true,"href":"https:\/\/www.seaflowerstore.com\/de\/wp-json\/wp\/v2\/product_tag?post=86497"}],"curies":[{"name":"wp","href":"https:\/\/api.w.org\/{rel}","templated":true}]}}