{"id":86498,"date":"2019-04-08T17:36:06","date_gmt":"2019-04-08T15:36:06","guid":{"rendered":"https:\/\/www.seaflowerstore.com\/nl\/h2ocean-dosing-pump-bracket-p4\/"},"modified":"2024-03-20T17:01:27","modified_gmt":"2024-03-20T16:01:27","slug":"h2ocean-dosing-pump-bracket-p4","status":"publish","type":"product","link":"https:\/\/www.seaflowerstore.com\/de\/h2ocean-dosing-pump-bracket-p4\/","title":{"rendered":"H2Ocean Dosing Pump Bracket P4"},"content":{"rendered":"<h2>H2Ocean Dosing Pump Bracket<\/h2>\n<p>Die Halterung f\u00fcr die H2Ocean-Dosierpumpe ist f\u00fcr die Standardversion konzipiert und erm\u00f6glicht Ihnen die sichere Befestigung der Dosierpumpe an der R\u00fcckseite eines Schranks oder einer Wand.<\/p>\n<p>Bitte beachten Sie, dass diese Halterung nicht mit der P1-Pumpe kompatibel ist.<\/p>\n","protected":false},"excerpt":{"rendered":"<p>H2Ocean Dosing Pump Bracket to mount the dosingpump to the back of a cabinet or wall<\/p>\n","protected":false},"featured_media":81485,"template":"","meta":[],"pwb-brand":[2153],"product_cat":[1420],"product_tag":[],"class_list":{"0":"post-86498","1":"product","2":"type-product","3":"status-publish","4":"has-post-thumbnail","6":"pwb-brand-d-d-h2ocean","7":"product_cat-doseerpomp-accessoires-de","8":"pa_show-myparcel-options-male-de","10":"first","11":"outofstock","12":"taxable","13":"shipping-taxable","14":"purchasable","15":"product-type-simple"},"acf":[],"brands":[{"id":2153,"name":"D-D H2Ocean","slug":"d-d-h2ocean"}],"_links":{"self":[{"href":"https:\/\/www.seaflowerstore.com\/de\/wp-json\/wp\/v2\/product\/86498","targetHints":{"allow":["GET"]}}],"collection":[{"href":"https:\/\/www.seaflowerstore.com\/de\/wp-json\/wp\/v2\/product"}],"about":[{"href":"https:\/\/www.seaflowerstore.com\/de\/wp-json\/wp\/v2\/types\/product"}],"wp:featuredmedia":[{"embeddable":true,"href":"https:\/\/www.seaflowerstore.com\/de\/wp-json\/wp\/v2\/media\/81485"}],"wp:attachment":[{"href":"https:\/\/www.seaflowerstore.com\/de\/wp-json\/wp\/v2\/media?parent=86498"}],"wp:term":[{"taxonomy":"pwb-brand","embeddable":true,"href":"https:\/\/www.seaflowerstore.com\/de\/wp-json\/wp\/v2\/pwb-brand?post=86498"},{"taxonomy":"product_cat","embeddable":true,"href":"https:\/\/www.seaflowerstore.com\/de\/wp-json\/wp\/v2\/product_cat?post=86498"},{"taxonomy":"product_tag","embeddable":true,"href":"https:\/\/www.seaflowerstore.com\/de\/wp-json\/wp\/v2\/product_tag?post=86498"}],"curies":[{"name":"wp","href":"https:\/\/api.w.org\/{rel}","templated":true}]}}