{"id":86499,"date":"2019-04-08T17:17:29","date_gmt":"2019-04-08T15:17:29","guid":{"rendered":"https:\/\/www.seaflowerstore.com\/nl\/h2ocean-p4-pro-dosing-pump\/"},"modified":"2024-03-20T17:01:23","modified_gmt":"2024-03-20T16:01:23","slug":"h2ocean-p4-pro-dosing-pump","status":"publish","type":"product","link":"https:\/\/www.seaflowerstore.com\/de\/h2ocean-p4-pro-dosing-pump\/","title":{"rendered":"H2Ocean P4 Pro Dosing Pump"},"content":{"rendered":"<h2>H2Ocean P4 Pro Dosing Pump 4 channel WiFi doser<\/h2>\n<p>Die P4 PRO-Version unserer Dosierpumpe verwendet direkt angetriebene Gleichstrommotoren mit Getriebe und bietet hervorragende Dosiergenauigkeit und Pr\u00e4zision zu einem tollen Preis. Diese intelligenten Pumpen sind eine Zusammenarbeit zwischen D-D und Kamoer, einem Unternehmen, das f\u00fcr die Herstellung hochwertiger medizinischer Dosierger\u00e4te bekannt ist und Ihnen ein zuverl\u00e4ssiges Produkt garantiert.<\/p>\n<p>Das kompakte Design dieser Pumpen ist beeindruckend, da beide Versionen weniger als 250 mm breit und nur 50 mm tief sind. Die P4-Pumpen bieten Ihnen eine einfache, flexible und pr\u00e4zise Kontrolle \u00fcber die Zugabe von Erg\u00e4nzungsstoffen zu Ihrem Aquarium durch die benutzerfreundliche D-D H2Ocean-App, die sowohl f\u00fcr Android als auch f\u00fcr iOS verf\u00fcgbar ist.<\/p>\n<h3>Funktionen<\/h3>\n<ul>\n<li>WLAN-Steuerung der Dosierpumpe \u00fcber iPhone\/Android-Ger\u00e4t<\/li>\n<li>Kleinster Formfaktor<\/li>\n<li>Software \u00fcber WLAN aktualisierbar<\/li>\n<li>Batterie-Backup \u2013 Einstellungen werden bei Stromausfall gespeichert<\/li>\n<li>Hochwertige PharMed\u00ae-Schl\u00e4uche in den Pumpenk\u00f6pfen<\/li>\n<li>Durchflusskalibrierung f\u00fcr jede Pumpe<\/li>\n<\/ul>\n<h3>H2Ocean-Dosierungs-App<\/h3>\n<p>Beide Modelle der H2Ocean-Dosierungspumpe k\u00f6nnen einfach \u00fcber die H2Ocean-Dosierungs-App auf Ihrem Mobilger\u00e4t verwaltet werden und bieten sofortigen Zugriff auf alle integrierten Funktionen. Mit der App k\u00f6nnen Sie:<\/p>\n<ul>\n<li>Die erste Pumpe ausw\u00e4hlen<\/li>\n<li>Kanal- und Dosiervolumen einstellen<\/li>\n<li>Fluss kalibrieren<\/li>\n<li>Einen Schnappschuss von Elementen und Dosiervolumen anzeigen<\/li>\n<li>Anti-Interferenz-Einstellungen anpassen<\/li>\n<li>Verbleibende L\u00f6sung \u00fcberwachen<\/li>\n<li>Einfache Schnelleinrichtungs-\/Stopp-\/Startfunktionen nutzen<\/li>\n<\/ul>\n<h2>Spezifikationen<\/h2>\n<ul>\n<li>4 x Dosierk\u00f6pfe<\/li>\n<li>Fl\u00fcssigkeitsvolumen: 0,1 ml \u2013 9.999 ml<\/li>\n<li>Genauigkeit: P4 < +\/-2 %; P4 PRO-Version < +\/-0,5 %<\/li>\n<li>Funktioniert nur mit dem 2,4-GHz-WLAN-Signal<\/li>\n<\/ul>\n<h3><strong>Dosierungsfunktionen<\/strong><\/h3>\n<ul>\n<li>1 &#8211; 24 Dosierungen pro Tag<\/li>\n<li>Benutzerdefinierter Start-\/Stopp-Dosierungszeitraum pro Tag (muss nicht 24 Stunden betragen; Sie k\u00f6nnen beispielsweise festlegen, dass die automatische Dosierung nur von Mitternacht bis 6 Uhr morgens erfolgt)<\/li>\n<li>T\u00e4gliche oder an bestimmten Wochentagen erfolgende Dosierungsh\u00e4ufigkeit alle \u201ex\u201c Tage<\/li>\n<li>Automatische\/benutzerdefinierte\/manuelle Dosierungsoptionen<\/li>\n<li>Entst\u00f6rungsverz\u00f6gerung zwischen Pumpendosierungen<\/li>\n<li>\u00dcberwacht die verbleibende Fl\u00fcssigkeitsmenge in jedem Dosierbeh\u00e4lter<\/li>\n<li>Optionale Montagehalterung mit niedrigem Profil erh\u00e4ltlich (Teilenummer DDP4BK)<\/li>\n<\/ul>\n<h3><strong>Box Inhalt<\/strong><\/h3>\n<ul>\n<li>1 x H2OCEAN 4-Kanal-WLAN-Dosierpumpe Pro-Version<\/li>\n<li>1 x Multiregion-Netzteil<\/li>\n<li>1 x 10-ml-Messzylinder zur Kalibrierung<\/li>\n<li>1 x Schlauchverteiler zum Anklipsen<\/li>\n<li>1 x 3 Meter Schlauch<\/li>\n<\/ul>\n","protected":false},"excerpt":{"rendered":"<p>H2Ocean P4 PRO dosing pump utilises direct drive geared DC motors for the ultimate in dosing accuracy and precision at an affordable price<\/p>\n","protected":false},"featured_media":81478,"template":"","meta":[],"pwb-brand":[2153],"product_cat":[1406],"product_tag":[],"class_list":{"0":"post-86499","1":"product","2":"type-product","3":"status-publish","4":"has-post-thumbnail","6":"pwb-brand-d-d-h2ocean","7":"product_cat-dosierpumpen","8":"pa_show-myparcel-options-male-de","10":"first","11":"outofstock","12":"sale","13":"taxable","14":"shipping-taxable","15":"purchasable","16":"product-type-simple"},"acf":[],"brands":[{"id":2153,"name":"D-D H2Ocean","slug":"d-d-h2ocean"}],"_links":{"self":[{"href":"https:\/\/www.seaflowerstore.com\/de\/wp-json\/wp\/v2\/product\/86499","targetHints":{"allow":["GET"]}}],"collection":[{"href":"https:\/\/www.seaflowerstore.com\/de\/wp-json\/wp\/v2\/product"}],"about":[{"href":"https:\/\/www.seaflowerstore.com\/de\/wp-json\/wp\/v2\/types\/product"}],"wp:featuredmedia":[{"embeddable":true,"href":"https:\/\/www.seaflowerstore.com\/de\/wp-json\/wp\/v2\/media\/81478"}],"wp:attachment":[{"href":"https:\/\/www.seaflowerstore.com\/de\/wp-json\/wp\/v2\/media?parent=86499"}],"wp:term":[{"taxonomy":"pwb-brand","embeddable":true,"href":"https:\/\/www.seaflowerstore.com\/de\/wp-json\/wp\/v2\/pwb-brand?post=86499"},{"taxonomy":"product_cat","embeddable":true,"href":"https:\/\/www.seaflowerstore.com\/de\/wp-json\/wp\/v2\/product_cat?post=86499"},{"taxonomy":"product_tag","embeddable":true,"href":"https:\/\/www.seaflowerstore.com\/de\/wp-json\/wp\/v2\/product_tag?post=86499"}],"curies":[{"name":"wp","href":"https:\/\/api.w.org\/{rel}","templated":true}]}}