{"id":86500,"date":"2019-04-08T16:48:50","date_gmt":"2019-04-08T14:48:50","guid":{"rendered":"https:\/\/www.seaflowerstore.com\/nl\/h2ocean-p4-dosing-pump\/"},"modified":"2024-03-20T17:01:19","modified_gmt":"2024-03-20T16:01:19","slug":"h2ocean-p4-dosing-pump","status":"publish","type":"product","link":"https:\/\/www.seaflowerstore.com\/de\/h2ocean-p4-dosing-pump\/","title":{"rendered":"H2Ocean P4 Dosing Pump"},"content":{"rendered":"<h2>H2Ocean P4 Dosing Pump 4 channel WiFi doser<\/h2>\n<p>Diese innovativen Pumpen wurden in Zusammenarbeit zwischen D-D und Kamoer entwickelt, einem Unternehmen, das f\u00fcr die Herstellung medizinischer Dosierger\u00e4te bekannt ist. Diese Partnerschaft garantiert ein qualitativ hochwertiges Produkt, auf das Sie sich verlassen k\u00f6nnen. Das kompakte Design dieser Pumpen ist beeindruckend. Beide Versionen sind weniger als 250 mm breit und nur 50 mm tief.<\/p>\n<p>Die P4-Pumpen bieten eine unkomplizierte, flexible und genaue Steuerung f\u00fcr die Zugabe von Erg\u00e4nzungsmitteln zu Ihrem Aquarium, und zwar \u00fcber die benutzerfreundliche D-D H2Ocean-App, die sowohl f\u00fcr Android- als auch f\u00fcr iOS-Plattformen verf\u00fcgbar ist.<\/p>\n<h3>Funktionen<\/h3>\n<ul>\n<li>WLAN-Steuerung der Dosierpumpe \u00fcber iPhone\/Android-Ger\u00e4t<\/li>\n<li>Kleinster Formfaktor<\/li>\n<li>Software \u00fcber WLAN aktualisierbar<\/li>\n<li>Batterie-Backup \u2013 Einstellungen werden bei Stromausfall gespeichert<\/li>\n<li>Hochwertige PharMed\u00ae-Schl\u00e4uche in den Pumpenk\u00f6pfen<\/li>\n<li>Durchflusskalibrierung f\u00fcr jede Pumpe<\/li>\n<\/ul>\n<h3>H2Ocean-Dosierungs-App<\/h3>\n<p>Beide Modelle der H2Ocean-Dosierpumpe k\u00f6nnen kann einfach \u00fcber die H2Ocean Dosing App auf Ihrem Mobilger\u00e4t verwaltet werden und bietet Ihnen sofortigen Zugriff auf alle integrierten Funktionen. Dazu geh\u00f6ren:<\/p>\n<ul>\n<li>Erste Pumpenauswahl<\/li>\n<li>Kanaleinstellung und Dosiervolumen<\/li>\n<li>Durchflusskalibrierung<\/li>\n<li>Schnappschussanzeige von Elementen und Dosiervolumen<\/li>\n<li>Anti-Interferenz-Einstellungen<\/li>\n<li>\u00dcberwachung der verbleibenden L\u00f6sung<\/li>\n<li>Einfache Schnelleinrichtungs-\/Stopp-\/Startfunktionen<\/li>\n<\/ul>\n<h2>Spezifikationen<\/h2>\n<ul>\n<li>4 x Dosierk\u00f6pfe<\/li>\n<li>Fl\u00fcssigkeitsvolumen: 0,1 ml \u2013 9.999 ml<\/li>\n<li>Genauigkeit: <strong>P4 &lt;+\/-2 %<\/strong>; P4 PRO-Version &lt;+\/-0,5 %<\/li>\n<\/ul>\n<p><strong><span style=\"font-size: 1.5em\">Dosierungsfunktionen<\/span><\/strong><\/p>\n<ul>\n<li>1 &#8211; 24 Dosierungen pro Tag<\/li>\n<li>Benutzerdefinierter Start-\/Stopp-Dosierungszeitraum pro Tag (muss nicht 24 Stunden betragen; der Benutzer kann beispielsweise festlegen, dass die automatische Dosierung nur von Mitternacht bis 6 Uhr morgens erfolgt)<\/li>\n<li>T\u00e4glich\/alle \u201ex\u201c Tage, festgelegte Dosierungsh\u00e4ufigkeit an bestimmten Wochentagen<\/li>\n<li>Automatische\/benutzerdefinierte\/manuelle Dosierungsoptionen<\/li>\n<li>Anti-Interferenz-Verz\u00f6gerung zwischen Pumpendosierungen<\/li>\n<li>\u00dcberwacht die verbleibende Fl\u00fcssigkeitsmenge in jedem Dosierbeh\u00e4lter<\/li>\n<li>Optionale Montagehalterung mit niedrigem Profil erh\u00e4ltlich (Teilenummer DDP4BK)<\/li>\n<\/ul>\n<p><strong><span style=\"font-size: 1,5em\">Lieferumfang<\/span><\/strong><\/p>\n<ul>\n<li>1 x H2OCEAN 4-Kanal-WLAN-Dosierpumpe<\/li>\n<li>1 x Multiregion-Netzteil<\/li>\n<li>1 x 10-ml-Messzylinder zur Kalibrierung<\/li>\n<li>1 x aufsteckbarer Schlauchverteiler<\/li>\n<li>8 x Rohr-Kopf-Verbindungsst\u00fccke<\/li>\n<li>1 x 3 Meter Schlauch<\/li>\n<\/ul>\n","protected":false},"excerpt":{"rendered":"<p>H2Ocean P4 Dosing Pump 4 channel WiFi doser<\/p>\n","protected":false},"featured_media":81473,"template":"","meta":[],"pwb-brand":[2153],"product_cat":[1406],"product_tag":[],"class_list":{"0":"post-86500","1":"product","2":"type-product","3":"status-publish","4":"has-post-thumbnail","6":"pwb-brand-d-d-h2ocean","7":"product_cat-dosierpumpen","8":"pa_show-myparcel-options-male-de","10":"first","11":"instock","12":"sale","13":"taxable","14":"shipping-taxable","15":"purchasable","16":"product-type-simple"},"acf":[],"brands":[{"id":2153,"name":"D-D H2Ocean","slug":"d-d-h2ocean"}],"_links":{"self":[{"href":"https:\/\/www.seaflowerstore.com\/de\/wp-json\/wp\/v2\/product\/86500","targetHints":{"allow":["GET"]}}],"collection":[{"href":"https:\/\/www.seaflowerstore.com\/de\/wp-json\/wp\/v2\/product"}],"about":[{"href":"https:\/\/www.seaflowerstore.com\/de\/wp-json\/wp\/v2\/types\/product"}],"wp:featuredmedia":[{"embeddable":true,"href":"https:\/\/www.seaflowerstore.com\/de\/wp-json\/wp\/v2\/media\/81473"}],"wp:attachment":[{"href":"https:\/\/www.seaflowerstore.com\/de\/wp-json\/wp\/v2\/media?parent=86500"}],"wp:term":[{"taxonomy":"pwb-brand","embeddable":true,"href":"https:\/\/www.seaflowerstore.com\/de\/wp-json\/wp\/v2\/pwb-brand?post=86500"},{"taxonomy":"product_cat","embeddable":true,"href":"https:\/\/www.seaflowerstore.com\/de\/wp-json\/wp\/v2\/product_cat?post=86500"},{"taxonomy":"product_tag","embeddable":true,"href":"https:\/\/www.seaflowerstore.com\/de\/wp-json\/wp\/v2\/product_tag?post=86500"}],"curies":[{"name":"wp","href":"https:\/\/api.w.org\/{rel}","templated":true}]}}