{"id":86503,"date":"2019-04-07T19:42:46","date_gmt":"2019-04-07T17:42:46","guid":{"rendered":"https:\/\/www.seaflowerstore.com\/nl\/aqua-medic-aquabreed-complete\/"},"modified":"2024-03-20T17:01:16","modified_gmt":"2024-03-20T16:01:16","slug":"aqua-medic-aquabreed-complete","status":"publish","type":"product","link":"https:\/\/www.seaflowerstore.com\/de\/aqua-medic-aquabreed-complete\/","title":{"rendered":"Aqua Medic Aquabreed Complete"},"content":{"rendered":"<h2>Aqua Medic Aquabreed Complete is an Artemia breeding unit<\/h2>\n<p>Das Aqua Medic Aquabreed Complete ist ein fantastisches System, das zum Ausbr\u00fcten gr\u00f6\u00dferer Mengen von Artemia-Zysten entwickelt wurde. Dieses Ger\u00e4t ist vielseitig einsetzbar, da es sowohl innerhalb als auch au\u00dferhalb Ihres Aquariums aufgestellt werden kann, sofern es sich in einer warmen Umgebung befindet. Die Brutzeit variiert je nach Umgebungstemperatur.<\/p>\n<p>Hier sind einige wichtige Merkmale des Aqua Medic Aquabreed Complete:<\/p>\n<ul>\n<li><strong>Kapazit\u00e4t:<\/strong> Ungef\u00e4hr 2.000.000 Zysten pro Brut.<\/li>\n<li><strong>Wachstumszeit:<\/strong> Nach etwa zwei Wochen sind die Artemien ausgewachsen und k\u00f6nnen als Tierfutter verwendet werden.<\/li>\n<li><strong>Enth\u00e4lt:<\/strong> Eine stabile Wandhalterung und eine Pumpe f\u00fcr Luftblasen.<\/li>\n<li><strong>Ablassventil:<\/strong> Verf\u00fcgt \u00fcber einen gro\u00dfen Durchmesser, um Verstopfungen beim Entleeren zu verhindern.<\/li>\n<li><strong>Auslassventil:<\/strong> Erm\u00f6glicht das pr\u00e4zise Entleeren geschl\u00fcpfter Artemien, w\u00e4hrend die Schalen in der Kultureinheit verbleiben.<\/li>\n<li><strong>Einfaches Bef\u00fcllen:<\/strong> Der durch Dr\u00fccken zu \u00f6ffnende Deckel macht das Bef\u00fcllen der Kultureinheit zum Kinderspiel.<\/li>\n<li><strong>Fassungsverm\u00f6gen:<\/strong> Ungef\u00e4hr 1 Liter.<\/li>\n<\/ul>\n<p>Insgesamt ist das Aqua Medic Aquabreed Complete eine hervorragende L\u00f6sung f\u00fcr alle, die Artemien effizient und effektiv z\u00fcchten m\u00f6chten.<\/p>\n","protected":false},"excerpt":{"rendered":"<p>Aqua Medic Aquabreed Complete is an Artemia breeding unit with airpump<\/p>\n","protected":false},"featured_media":83169,"template":"","meta":[],"pwb-brand":[2149],"product_cat":[1421,1497],"product_tag":[],"class_list":{"0":"post-86503","1":"product","2":"type-product","3":"status-publish","4":"has-post-thumbnail","6":"pwb-brand-aqua-medic","7":"product_cat-aqua-medic-de","8":"product_cat-artemia-zucht","9":"pa_show-myparcel-options-male-de","11":"first","12":"instock","13":"sale","14":"taxable","15":"shipping-taxable","16":"purchasable","17":"product-type-simple"},"acf":[],"brands":[{"id":2149,"name":"Aqua Medic","slug":"aqua-medic"}],"_links":{"self":[{"href":"https:\/\/www.seaflowerstore.com\/de\/wp-json\/wp\/v2\/product\/86503","targetHints":{"allow":["GET"]}}],"collection":[{"href":"https:\/\/www.seaflowerstore.com\/de\/wp-json\/wp\/v2\/product"}],"about":[{"href":"https:\/\/www.seaflowerstore.com\/de\/wp-json\/wp\/v2\/types\/product"}],"wp:featuredmedia":[{"embeddable":true,"href":"https:\/\/www.seaflowerstore.com\/de\/wp-json\/wp\/v2\/media\/83169"}],"wp:attachment":[{"href":"https:\/\/www.seaflowerstore.com\/de\/wp-json\/wp\/v2\/media?parent=86503"}],"wp:term":[{"taxonomy":"pwb-brand","embeddable":true,"href":"https:\/\/www.seaflowerstore.com\/de\/wp-json\/wp\/v2\/pwb-brand?post=86503"},{"taxonomy":"product_cat","embeddable":true,"href":"https:\/\/www.seaflowerstore.com\/de\/wp-json\/wp\/v2\/product_cat?post=86503"},{"taxonomy":"product_tag","embeddable":true,"href":"https:\/\/www.seaflowerstore.com\/de\/wp-json\/wp\/v2\/product_tag?post=86503"}],"curies":[{"name":"wp","href":"https:\/\/api.w.org\/{rel}","templated":true}]}}