{"id":86504,"date":"2019-04-07T19:31:03","date_gmt":"2019-04-07T17:31:03","guid":{"rendered":"https:\/\/www.seaflowerstore.com\/nl\/aqua-medic-aqua-smoothy\/"},"modified":"2024-03-20T17:01:14","modified_gmt":"2024-03-20T16:01:14","slug":"aqua-medic-aqua-smoothy","status":"publish","type":"product","link":"https:\/\/www.seaflowerstore.com\/de\/aqua-medic-aqua-smoothy\/","title":{"rendered":"Aqua Medic Aqua Smoothy"},"content":{"rendered":"<h2>Aqua Medic Aqua Smoothy Microfiber cloth for cleaning the aquarium windows<\/h2>\n<p>Wir stellen Ihnen unsere superfeinen mikropor\u00f6sen Fasert\u00fccher vor, die f\u00fcr die streifenfreie Reinigung der Au\u00dfenseite Ihres Aquariums entwickelt wurden. Das Aqua Smoothy ist sehr saugf\u00e4hig und kann sowohl nass als auch trocken verwendet werden. Dieses Tuch fusselt nicht und entfernt effektiv Salzkrusten von Glasoberfl\u00e4chen, ohne dass scharfe Reinigungsmittel erforderlich sind.<\/p>\n<p>Es ist auch f\u00fcr die Verwendung auf den meisten anderen glatten Oberfl\u00e4chen geeignet.<\/p>\n<ul>\n<li><strong>Inhalt:<\/strong> 2 x T\u00fccher, jedes misst ca. 40 x 40 cm<\/li>\n<li><strong>Mikrofaserzusammensetzung:<\/strong> 80 % Polyester, 20 % Polyamid<\/li>\n<\/ul>\n","protected":false},"excerpt":{"rendered":"<p>Aqua Medic Microfiber cloth for cleaning the aquarium windows<\/p>\n","protected":false},"featured_media":83255,"template":"","meta":[],"pwb-brand":[2149],"product_cat":[1421,1488,741],"product_tag":[],"class_list":{"0":"post-86504","1":"product","2":"type-product","3":"status-publish","4":"has-post-thumbnail","6":"pwb-brand-aqua-medic","7":"product_cat-aqua-medic-de","8":"product_cat-pflege","9":"product_cat-brands","10":"pa_show-myparcel-options-male-de","12":"first","13":"instock","14":"taxable","15":"shipping-taxable","16":"purchasable","17":"product-type-simple"},"acf":[],"brands":[{"id":2149,"name":"Aqua Medic","slug":"aqua-medic"}],"_links":{"self":[{"href":"https:\/\/www.seaflowerstore.com\/de\/wp-json\/wp\/v2\/product\/86504","targetHints":{"allow":["GET"]}}],"collection":[{"href":"https:\/\/www.seaflowerstore.com\/de\/wp-json\/wp\/v2\/product"}],"about":[{"href":"https:\/\/www.seaflowerstore.com\/de\/wp-json\/wp\/v2\/types\/product"}],"wp:featuredmedia":[{"embeddable":true,"href":"https:\/\/www.seaflowerstore.com\/de\/wp-json\/wp\/v2\/media\/83255"}],"wp:attachment":[{"href":"https:\/\/www.seaflowerstore.com\/de\/wp-json\/wp\/v2\/media?parent=86504"}],"wp:term":[{"taxonomy":"pwb-brand","embeddable":true,"href":"https:\/\/www.seaflowerstore.com\/de\/wp-json\/wp\/v2\/pwb-brand?post=86504"},{"taxonomy":"product_cat","embeddable":true,"href":"https:\/\/www.seaflowerstore.com\/de\/wp-json\/wp\/v2\/product_cat?post=86504"},{"taxonomy":"product_tag","embeddable":true,"href":"https:\/\/www.seaflowerstore.com\/de\/wp-json\/wp\/v2\/product_tag?post=86504"}],"curies":[{"name":"wp","href":"https:\/\/api.w.org\/{rel}","templated":true}]}}