{"id":86505,"date":"2019-04-06T19:19:36","date_gmt":"2019-04-06T17:19:36","guid":{"rendered":"https:\/\/www.seaflowerstore.com\/nl\/ai-prime-fuge\/"},"modified":"2024-03-20T17:01:05","modified_gmt":"2024-03-20T16:01:05","slug":"ai-prime-fuge","status":"publish","type":"product","link":"https:\/\/www.seaflowerstore.com\/de\/ai-prime-fuge\/","title":{"rendered":"Ai PRIME Fuge"},"content":{"rendered":"<h2>Ai PRIME Fuge optimized for your refugium to put all of its power towards growing algae, and grow it fast.<\/h2>\n<div class=\"contentArea clearfix\">\n<div class=\"half\">\n<p><span style=\"font-size: 1.5em\">Watt in einem Spektrum?<\/span><\/p>\n<\/div>\n<div class=\"half chart-horiz\">\n<p>Der Prime Fuge ist so konzipiert, dass er seine gesamte Leistung auf wachsende Algen konzentriert, <span class=\"white\"><em>und das wird er schnell tun.<\/em><\/span><\/p>\n<ul class=\"chart\">\n<li class=\"barPhotoRed\" title=\"PhytoRed\"><span class=\"number\">PhytoRed 15 W<\/span><\/li>\n<li class=\"barRed\" title=\"Red\"><span class=\"number\">Red 13,4 W<\/span><\/li>\n<li class=\"barCoolWhite\" title=\"Cool White\"><span class=\"number\">Cool White 13,4 W<\/span><\/li>\n<li class=\"barUV\" title=\"UV\"><span class=\"number\">UV 4,2 W<\/span><\/li>\n<\/ul>\n<\/div>\n<\/div>\n<div class=\"container\">\n<div class=\"third\">\n<p>Es deckt eine Fl\u00e4che von 60 cm x 60 cm in einer H\u00f6he von 45 cm \u00fcber freier Luft ab.<\/p>\n<h3>Leistungsabgabe<\/h3>\n<p>Mit einer Ausdehnung von 60 cm x 60 cm bietet das AI Prime\u00ae Fuge einen Spitzen-PAR von 160 \u00b5Mol in einer Tiefe von 45 cm. Es zieht maximal 46 Watt aus der Wand und beh\u00e4lt so die Effizienz seiner Familienlinie bei.<\/p>\n<\/div>\n<div class=\"third\">\n<h3>Optik<\/h3>\n<p>Das AI Prime\u00ae Fuge ist mit standardm\u00e4\u00dfigen 80-Grad-Linsen ausgestattet, die ein perfektes Gleichgewicht zwischen Leistung und Ausdehnung herstellen. Unsere kundenspezifische Linsenoptik weist eine optische Effizienz von \u00fcber 90 % auf und verf\u00fcgt \u00fcber eine diffuse Austrittsfl\u00e4che f\u00fcr eine verbesserte Farbmischung.<\/p>\n<p><span style=\"font-size: 1.17em\">LEDs<\/span><\/p>\n<\/div>\n<div class=\"third\">\n<p>Die AI Prime Fuge verwendet die neueste LED-Technologie f\u00fchrender Hersteller, um eine herausragende Leistung zu erzielen.<\/p>\n<ul>\n<li>2 &#8211; Cree XP-G2 Kaltwei\u00df (&gt; 70 CRI)<\/li>\n<li>6 &#8211; Cree XP-E Fotorot<\/li>\n<li>4 &#8211; Cree XP-E2 Rot<\/li>\n<li>1 &#8211; Liteon 430 nm UV<\/li>\n<\/ul>\n<\/div>\n<\/div>\n<div class=\"contentArea\">\n<div class=\"half\">\n<h2>Einfache integrierte Steuerung<\/h2>\n<p>Die Prime Fuge verf\u00fcgt standardm\u00e4\u00dfig \u00fcber eine WLAN-Steuerung. Sie k\u00f6nnen die myAI\u00ae-App auf jedem iOS- oder Android-Ger\u00e4t verwenden, um eine oder mehrere AI Prime\u00ae-Einheiten einfach einzurichten oder zu programmieren. Wenn Sie kein Smartphone haben, funktioniert auch jeder Wi-Fi-f\u00e4hige MAC oder PC.<\/p>\n<\/div>\n<\/div>\n","protected":false},"excerpt":{"rendered":"<p>The Ai Prime Fuge is optimized to put all of it&#8217;s power towards growing algae, and grow it fast<\/p>\n","protected":false},"featured_media":81460,"template":"","meta":[],"pwb-brand":[2175],"product_cat":[1483,1383,1384],"product_tag":[],"class_list":{"0":"post-86505","1":"product","2":"type-product","3":"status-publish","4":"has-post-thumbnail","6":"pwb-brand-aqua-illumination","7":"product_cat-refugium-de","8":"product_cat-aqua-illumination-de","9":"product_cat-led-de","10":"pa_show-myparcel-options-male-de","12":"first","13":"outofstock","14":"taxable","15":"shipping-taxable","16":"purchasable","17":"product-type-simple"},"acf":[],"brands":[{"id":2175,"name":"Aqua Illumination","slug":"aqua-illumination"}],"_links":{"self":[{"href":"https:\/\/www.seaflowerstore.com\/de\/wp-json\/wp\/v2\/product\/86505","targetHints":{"allow":["GET"]}}],"collection":[{"href":"https:\/\/www.seaflowerstore.com\/de\/wp-json\/wp\/v2\/product"}],"about":[{"href":"https:\/\/www.seaflowerstore.com\/de\/wp-json\/wp\/v2\/types\/product"}],"wp:featuredmedia":[{"embeddable":true,"href":"https:\/\/www.seaflowerstore.com\/de\/wp-json\/wp\/v2\/media\/81460"}],"wp:attachment":[{"href":"https:\/\/www.seaflowerstore.com\/de\/wp-json\/wp\/v2\/media?parent=86505"}],"wp:term":[{"taxonomy":"pwb-brand","embeddable":true,"href":"https:\/\/www.seaflowerstore.com\/de\/wp-json\/wp\/v2\/pwb-brand?post=86505"},{"taxonomy":"product_cat","embeddable":true,"href":"https:\/\/www.seaflowerstore.com\/de\/wp-json\/wp\/v2\/product_cat?post=86505"},{"taxonomy":"product_tag","embeddable":true,"href":"https:\/\/www.seaflowerstore.com\/de\/wp-json\/wp\/v2\/product_tag?post=86505"}],"curies":[{"name":"wp","href":"https:\/\/api.w.org\/{rel}","templated":true}]}}