{"id":86506,"date":"2019-03-31T16:26:00","date_gmt":"2019-03-31T14:26:00","guid":{"rendered":"https:\/\/www.seaflowerstore.com\/nl\/vca-rsm-1-2in-w-16mm-slip-fit-adapter\/"},"modified":"2024-03-20T17:01:03","modified_gmt":"2024-03-20T16:01:03","slug":"vca-rsm-1-2in-w-16mm-slip-fit-adapter","status":"publish","type":"product","link":"https:\/\/www.seaflowerstore.com\/de\/vca-rsm-1-2in-w-16mm-slip-fit-adapter\/","title":{"rendered":"VCA RSM 1\/2in w\/16mm Slip-Fit Adapter"},"content":{"rendered":"<h2>VCA Red Sea MAX Flow Nozzle to Loc-Line Adapter \u2013 16mm Slip-Fit to 1\/2in Loc-Line<\/h2>\n<p>Verwandeln Sie Ihre Red Sea MAX Flow-D\u00fcse ganz einfach in einen Loc-Line-Anschluss! Mit diesem benutzerfreundlichen 16-mm-Slip-Fit-Adapter k\u00f6nnen Sie ganz einfach einen 1\/2-Zoll-Loc-Line-Anschluss an Ihre Standard-Flow-Pumpend\u00fcsen an der R\u00fcckwand Ihres Red Sea Max-Aquariums anschlie\u00dfen. Der Adapter passt perfekt auf das Ende der D\u00fcse, ohne dass Sie Klebeband, Klebstoff oder Werkzeuge ben\u00f6tigen.<\/p>\n<p>Mit dem Red Sea MAX Flow-D\u00fcsen-zu-Loc-Line-Adapter k\u00f6nnen Sie m\u00fchelos jeden echten 1\/2-Zoll-Loc-Line-Anschluss, Adapter oder Y-Anschluss an die D\u00fcse anschlie\u00dfen.<\/p>\n<h2>Die Installation dauert nur wenige Sekunden<\/h2>\n<p>Schieben Sie den 16-mm-Slip-Fit-Adapter einfach \u00fcber das Ende des R\u00fccklaufrohrs. Das ist alles!<\/p>\n<p><img loading=\"lazy\" decoding=\"async\" class=\"size-large wp-image-1673 alignnone\" src=\"https:\/\/www.seaflowerstore.com\/nl\/wp-content\/uploads\/content\/RSMLL050__0913-1024x667.jpg\" alt=\"\" width=\"1024\" height=\"667\" \/><\/p>\n","protected":false},"excerpt":{"rendered":"<p>VCA Red Sea MAX Flow Nozzle to Loc-Line Adapter \u2013 16mm Slip-Fit to 1\/2in Loc-Line<\/p>\n","protected":false},"featured_media":81458,"template":"","meta":[],"pwb-brand":[2269],"product_cat":[1562,1534,1429,1451],"product_tag":[],"class_list":{"0":"post-86506","1":"product","2":"type-product","3":"status-publish","4":"has-post-thumbnail","6":"pwb-brand-vca","7":"product_cat-1-2-de","8":"product_cat-verschiedene","9":"product_cat-vivid-creative-aquatics-de","10":"product_cat-zubehoer","11":"pa_show-myparcel-options-male-de","13":"first","14":"instock","15":"taxable","16":"shipping-taxable","17":"purchasable","18":"product-type-simple"},"acf":[],"brands":[{"id":2269,"name":"VCA","slug":"vca"}],"_links":{"self":[{"href":"https:\/\/www.seaflowerstore.com\/de\/wp-json\/wp\/v2\/product\/86506","targetHints":{"allow":["GET"]}}],"collection":[{"href":"https:\/\/www.seaflowerstore.com\/de\/wp-json\/wp\/v2\/product"}],"about":[{"href":"https:\/\/www.seaflowerstore.com\/de\/wp-json\/wp\/v2\/types\/product"}],"wp:featuredmedia":[{"embeddable":true,"href":"https:\/\/www.seaflowerstore.com\/de\/wp-json\/wp\/v2\/media\/81458"}],"wp:attachment":[{"href":"https:\/\/www.seaflowerstore.com\/de\/wp-json\/wp\/v2\/media?parent=86506"}],"wp:term":[{"taxonomy":"pwb-brand","embeddable":true,"href":"https:\/\/www.seaflowerstore.com\/de\/wp-json\/wp\/v2\/pwb-brand?post=86506"},{"taxonomy":"product_cat","embeddable":true,"href":"https:\/\/www.seaflowerstore.com\/de\/wp-json\/wp\/v2\/product_cat?post=86506"},{"taxonomy":"product_tag","embeddable":true,"href":"https:\/\/www.seaflowerstore.com\/de\/wp-json\/wp\/v2\/product_tag?post=86506"}],"curies":[{"name":"wp","href":"https:\/\/api.w.org\/{rel}","templated":true}]}}