{"id":86507,"date":"2019-03-31T16:11:08","date_gmt":"2019-03-31T14:11:08","guid":{"rendered":"https:\/\/www.seaflowerstore.com\/nl\/vca-red-sea-reefer-slip-fit-drop-adapter-25mm-to-1-2in-loc-line\/"},"modified":"2024-03-20T17:00:59","modified_gmt":"2024-03-20T16:00:59","slug":"vca-red-sea-reefer-slip-fit-drop-adapter-25mm-to-1-2in-loc-line","status":"publish","type":"product","link":"https:\/\/www.seaflowerstore.com\/de\/vca-red-sea-reefer-slip-fit-drop-adapter-25mm-to-1-2in-loc-line\/","title":{"rendered":"VCA Red Sea REEFER Slip-Fit-Drop Adapter \u2013 25mm to 1\/2in Loc-line"},"content":{"rendered":"<h2>VCA Red Sea REEFER Slip-Fit-Drop Adapter \u2013 25mm to 1\/2in Loc-line<\/h2>\n<h2>Red Sea REEFER Slip-Fit-Drop-Adapter \u2013 25 mm auf 1\/2 Zoll Loc-Line<\/h2>\n<ul>\n<li>25 mm Slip-Fit-Drop-Adapter zum Anschluss an eine Standard-R\u00fccklaufd\u00fcse einer Red Sea Reefer-Sumpfpumpe<\/li>\n<li>Kompatibel mit der 1\/2 Zoll RFG-D\u00fcse<\/li>\n<li>3D-Druck aus riffsicherem PETG-Kunststoff<\/li>\n<\/ul>\n<p><strong>Red Sea Reefer-kompatibler Adapter<\/strong><\/p>\n<p>Damit der Random Flow Generator effektiv funktioniert, muss er vollst\u00e4ndig untergetaucht sein. Beim Red Sea Reefer-Setup wird die R\u00fccklaufd\u00fcse direkt an der Wasserlinie positioniert. Der Red Sea Reefer-Adapter behebt dieses Problem, indem er die D\u00fcse f\u00fcr optimale Leistung gerade weit genug unter die Wasserlinie absenkt. Durch die Kombination dieses Adapters mit einer 1\/2-Zoll-RFG-D\u00fcse erhalten Sie die ideale Zufallsstr\u00f6mungsl\u00f6sung f\u00fcr Ihr Riffaquarium.<\/p>\n<p><a href=\"https:\/\/vividcreativeaquatics.com\/wp-content\/uploads\/2017\/05\/RFG-RSRFR_0317_INFO.jpg\" rel=\"nofollow noopener\" target=\"_blank\"><br \/>\n<img loading=\"lazy\" decoding=\"async\" class=\"size-large wp-image-531 alignnone\" src=\"https:\/\/www.seaflowerstore.com\/nl\/wp-content\/uploads\/content\/RFG-RSRFR_0317_INFO-1024x710.jpg\" alt=\"\" width=\"1024\" height=\"710\" \/><br \/>\n<\/a><\/p>\n<h2>Installation der RFG-D\u00fcse an der R\u00fccklaufauslassd\u00fcse der Red Sea Reefer-Sumpfpumpe<\/h2>\n<p>Die Installation ist unkompliziert und erfordert kein Werkzeug. Entfernen Sie einfach die D\u00fcsenverl\u00e4ngerung und schieben Sie den 25-mm-Slip-Fit-Adapter auf. Die RFG-D\u00fcse wird dann mit dem Adapter verbunden.<\/p>\n<p><a href=\"https:\/\/vividcreativeaquatics.com\/wp-content\/uploads\/2017\/05\/how-to-install-red-sea-reefer-adapter_075.jpg\" rel=\"nofollow noopener\" target=\"_blank\"><br \/>\n<img loading=\"lazy\" decoding=\"async\" class=\"size-large wp-image-541 alignnone\" src=\"https:\/\/www.seaflowerstore.com\/nl\/wp-content\/uploads\/content\/how-to-install-red-sea-reefer-adapter_075-1024x360.jpg\" alt=\"\" width=\"1024\" height=\"360\" \/><br \/>\n<\/a><\/p>\n<h2>Zus\u00e4tzliche Informationen<\/h2>\n<table class=\"shop_attributes\">\n<tbody>\n<tr>\n<th>Abmessungen<\/th>\n<td class=\"product_dimensions\">3,5 \u00d7 3 \u00d7 5 cm<\/td>\n<\/tr>\n<tr>\n<th>Kompatibilit\u00e4t<\/th>\n<td>3\/4-Zoll-Loc-Line, kompatibel mit Aquarien im Roten Meer<\/td>\n<\/tr>\n<\/tbody>\n<\/table>\n","protected":false},"excerpt":{"rendered":"<p>25mm Slip-Fit-Drop adapter designed to attach to a Standard Red Sea Reefer Sump Pump Return Nozzle<\/p>\n","protected":false},"featured_media":81456,"template":"","meta":[],"pwb-brand":[2269],"product_cat":[1534,1429,1451],"product_tag":[],"class_list":{"0":"post-86507","1":"product","2":"type-product","3":"status-publish","4":"has-post-thumbnail","6":"pwb-brand-vca","7":"product_cat-verschiedene","8":"product_cat-vivid-creative-aquatics-de","9":"product_cat-zubehoer","10":"pa_show-myparcel-options-male-de","12":"first","13":"instock","14":"taxable","15":"shipping-taxable","16":"purchasable","17":"product-type-simple"},"acf":[],"brands":[{"id":2269,"name":"VCA","slug":"vca"}],"_links":{"self":[{"href":"https:\/\/www.seaflowerstore.com\/de\/wp-json\/wp\/v2\/product\/86507","targetHints":{"allow":["GET"]}}],"collection":[{"href":"https:\/\/www.seaflowerstore.com\/de\/wp-json\/wp\/v2\/product"}],"about":[{"href":"https:\/\/www.seaflowerstore.com\/de\/wp-json\/wp\/v2\/types\/product"}],"wp:featuredmedia":[{"embeddable":true,"href":"https:\/\/www.seaflowerstore.com\/de\/wp-json\/wp\/v2\/media\/81456"}],"wp:attachment":[{"href":"https:\/\/www.seaflowerstore.com\/de\/wp-json\/wp\/v2\/media?parent=86507"}],"wp:term":[{"taxonomy":"pwb-brand","embeddable":true,"href":"https:\/\/www.seaflowerstore.com\/de\/wp-json\/wp\/v2\/pwb-brand?post=86507"},{"taxonomy":"product_cat","embeddable":true,"href":"https:\/\/www.seaflowerstore.com\/de\/wp-json\/wp\/v2\/product_cat?post=86507"},{"taxonomy":"product_tag","embeddable":true,"href":"https:\/\/www.seaflowerstore.com\/de\/wp-json\/wp\/v2\/product_tag?post=86507"}],"curies":[{"name":"wp","href":"https:\/\/api.w.org\/{rel}","templated":true}]}}