{"id":86516,"date":"2019-03-27T19:04:57","date_gmt":"2019-03-27T18:04:57","guid":{"rendered":"https:\/\/www.seaflowerstore.com\/nl\/tank-net-screen-universal-cut-out-kit-r42086\/"},"modified":"2024-03-20T17:00:38","modified_gmt":"2024-03-20T16:00:38","slug":"tank-net-screen-universal-cut-out-kit-r42086","status":"publish","type":"product","link":"https:\/\/www.seaflowerstore.com\/de\/tank-net-screen-universal-cut-out-kit-r42086\/","title":{"rendered":"Tank Net Screen Universal Cut out kit (R42086)"},"content":{"rendered":"<h2>Tank Net Screen Universal Cut out kit (R42086)<\/h2>\n<p>Das Red Sea Tank Net Screen Universal Cut Out Kit ist eine unglaublich elegante und diskrete Do-it-yourself-Aquarienabdeckung, die Ihre Fische sch\u00fctzt und verhindert, dass sie herausspringen. Dank ihres schlanken Profils und der Netzabdeckungsaufh\u00e4nger passt diese Abdeckung nahtlos in Ihr Aquarium und f\u00fcgt sich auch bei offenen Aufbauten perfekt ein.<\/p>\n<p>Der vollst\u00e4ndig verstellbare Aluminiumrahmen bietet reichlich Platz f\u00fcr verschiedene Ger\u00e4te wie Kabel, \u00dcberlaufk\u00e4sten, Beleuchtungshalterungen und anderes Montagezubeh\u00f6r. Zus\u00e4tzlich sind Crop-Type-Kits f\u00fcr weitere Anpassungen erh\u00e4ltlich.<\/p>\n<p>Dieses Produkt ist speziell f\u00fcr randlose Aquarien konzipiert, kann aber auch effektiv mit anderen Aquarientypen verwendet werden.<\/p>\n<p><strong>Set enth\u00e4lt:<\/strong><\/p>\n<ul>\n<li>2x Au\u00dfenecke (A)<\/li>\n<li>2x Innenecke (B)<\/li>\n<li>2x 10 cm Ausschnittprofil (P3)<\/li>\n<\/ul>\n<p>Weitere Informationen finden Sie unter <a href=\"https:\/\/5w56d28u4co20frgwagf5y18-wpengine.netdna-ssl.com\/wp-content\/uploads\/2017\/10\/5144_DIY-AQUARIUM-NET-COVER_Assembly-Manual_v18a-A4-web.pdf\" target=\"_blank\" rel=\"noopener noreferrer nofollow\">Handbuch hier<\/a>.<\/p>\n","protected":false},"excerpt":{"rendered":"<p>Modular protection to prevent fish from jumping out of an open tank<\/p>\n","protected":false},"featured_media":81434,"template":"","meta":[],"pwb-brand":[2125],"product_cat":[1413,1404,1534,741],"product_tag":[],"class_list":{"0":"post-86516","1":"product","2":"type-product","3":"status-publish","4":"has-post-thumbnail","6":"pwb-brand-red-sea","7":"product_cat-herausspringschutz","8":"product_cat-redsea-de","9":"product_cat-verschiedene","10":"product_cat-brands","11":"pa_show-myparcel-options-male-de","13":"first","14":"instock","15":"taxable","16":"shipping-taxable","17":"purchasable","18":"product-type-simple"},"acf":[],"brands":[{"id":2125,"name":"Red Sea","slug":"red-sea"}],"_links":{"self":[{"href":"https:\/\/www.seaflowerstore.com\/de\/wp-json\/wp\/v2\/product\/86516","targetHints":{"allow":["GET"]}}],"collection":[{"href":"https:\/\/www.seaflowerstore.com\/de\/wp-json\/wp\/v2\/product"}],"about":[{"href":"https:\/\/www.seaflowerstore.com\/de\/wp-json\/wp\/v2\/types\/product"}],"wp:featuredmedia":[{"embeddable":true,"href":"https:\/\/www.seaflowerstore.com\/de\/wp-json\/wp\/v2\/media\/81434"}],"wp:attachment":[{"href":"https:\/\/www.seaflowerstore.com\/de\/wp-json\/wp\/v2\/media?parent=86516"}],"wp:term":[{"taxonomy":"pwb-brand","embeddable":true,"href":"https:\/\/www.seaflowerstore.com\/de\/wp-json\/wp\/v2\/pwb-brand?post=86516"},{"taxonomy":"product_cat","embeddable":true,"href":"https:\/\/www.seaflowerstore.com\/de\/wp-json\/wp\/v2\/product_cat?post=86516"},{"taxonomy":"product_tag","embeddable":true,"href":"https:\/\/www.seaflowerstore.com\/de\/wp-json\/wp\/v2\/product_tag?post=86516"}],"curies":[{"name":"wp","href":"https:\/\/api.w.org\/{rel}","templated":true}]}}