{"id":86517,"date":"2019-03-27T18:41:30","date_gmt":"2019-03-27T17:41:30","guid":{"rendered":"https:\/\/www.seaflowerstore.com\/nl\/red-sea-tank-net-screen-cut-outs-15-40mm-1-of-each-r42085\/"},"modified":"2024-03-20T17:00:35","modified_gmt":"2024-03-20T16:00:35","slug":"red-sea-tank-net-screen-cut-outs-15-40mm-1-of-each-r42085","status":"publish","type":"product","link":"https:\/\/www.seaflowerstore.com\/de\/red-sea-tank-net-screen-cut-outs-15-40mm-1-of-each-r42085\/","title":{"rendered":"Red Sea Tank Net Screen Cut Outs 15-40mm 1 of each (R42085)"},"content":{"rendered":"<h2>Red Sea Tank Net Screen Cut Outs 15-40mm 1 of each (R42085)<\/h2>\n<p>Die elegante und diskrete anpassbare Do-it-yourself-Aquarienabdeckung von Red Sea ist so konzipiert, dass sie Fische sicher in Ihrem Aquarium h\u00e4lt und gleichzeitig verhindert, dass sie springen. Dank seines schlanken Profils und der Netzabdeckungsaufh\u00e4nger l\u00e4sst sich das Netz nahtlos in das Aquarium integrieren und bleibt auch in offenen Aufbauten unauff\u00e4llig.<\/p>\n<p>Der vollst\u00e4ndig anpassbare Aluminiumrahmen bietet Platz f\u00fcr verschiedene Ger\u00e4te wie Kabel, \u00dcberlaufk\u00e4sten, Beleuchtungshalterungen und anderes Montagezubeh\u00f6r. Dar\u00fcber hinaus sind weitere Crop-Kits f\u00fcr weitere Anpassungen erh\u00e4ltlich.<\/p>\n<p>Dieses Produkt wurde speziell f\u00fcr randlose Aquarien entwickelt, aber die neue Siebabdeckung von Red Sea Tank funktioniert gut mit verschiedenen Aquarientypen.<\/p>\n<p><strong>Geeignet f\u00fcr die folgenden Red Sea Tanks:<\/strong><\/p>\n<ul>\n<li>Reefer 250<\/li>\n<li>E-260<\/li>\n<\/ul>\n<p><strong>Set enth\u00e4lt:<\/strong><\/p>\n<ul>\n<li>1x ZigZag 15 links (F)<\/li>\n<li>1x ZigZag 15 rechts (F)<\/li>\n<li>1x ZigZag 40 links (F)<\/li>\n<li>1x ZigZag 40 rechts (F)<\/li>\n<\/ul>\n<p>Weitere Informationen finden Sie unter <a href=\"https:\/\/5w56d28u4co20frgwagf5y18-wpengine.netdna-ssl.com\/wp-content\/uploads\/2017\/10\/5144_DIY-AQUARIUM-NET-COVER_Assembly-Manual_v18a-A4-web.pdf\" target=\"_blank\" rel=\"noopener noreferrer nofollow\">Handbuch hier<\/a>.<\/p>\n","protected":false},"excerpt":{"rendered":"<p>Modular protection to prevent fish from jumping out of an open tank<\/p>\n","protected":false},"featured_media":81431,"template":"","meta":[],"pwb-brand":[2125],"product_cat":[1413,1404],"product_tag":[],"class_list":{"0":"post-86517","1":"product","2":"type-product","3":"status-publish","4":"has-post-thumbnail","6":"pwb-brand-red-sea","7":"product_cat-herausspringschutz","8":"product_cat-redsea-de","9":"pa_show-myparcel-options-male-de","11":"first","12":"outofstock","13":"taxable","14":"shipping-taxable","15":"purchasable","16":"product-type-simple"},"acf":[],"brands":[{"id":2125,"name":"Red Sea","slug":"red-sea"}],"_links":{"self":[{"href":"https:\/\/www.seaflowerstore.com\/de\/wp-json\/wp\/v2\/product\/86517","targetHints":{"allow":["GET"]}}],"collection":[{"href":"https:\/\/www.seaflowerstore.com\/de\/wp-json\/wp\/v2\/product"}],"about":[{"href":"https:\/\/www.seaflowerstore.com\/de\/wp-json\/wp\/v2\/types\/product"}],"wp:featuredmedia":[{"embeddable":true,"href":"https:\/\/www.seaflowerstore.com\/de\/wp-json\/wp\/v2\/media\/81431"}],"wp:attachment":[{"href":"https:\/\/www.seaflowerstore.com\/de\/wp-json\/wp\/v2\/media?parent=86517"}],"wp:term":[{"taxonomy":"pwb-brand","embeddable":true,"href":"https:\/\/www.seaflowerstore.com\/de\/wp-json\/wp\/v2\/pwb-brand?post=86517"},{"taxonomy":"product_cat","embeddable":true,"href":"https:\/\/www.seaflowerstore.com\/de\/wp-json\/wp\/v2\/product_cat?post=86517"},{"taxonomy":"product_tag","embeddable":true,"href":"https:\/\/www.seaflowerstore.com\/de\/wp-json\/wp\/v2\/product_tag?post=86517"}],"curies":[{"name":"wp","href":"https:\/\/api.w.org\/{rel}","templated":true}]}}