{"id":86521,"date":"2019-03-27T10:32:16","date_gmt":"2019-03-27T09:32:16","guid":{"rendered":"https:\/\/www.seaflowerstore.com\/nl\/kh-director-ghl-doser-2-1sa-black\/"},"modified":"2024-03-20T17:00:31","modified_gmt":"2024-03-20T16:00:31","slug":"kh-director-ghl-doser-2-1sa-black","status":"publish","type":"product","link":"https:\/\/www.seaflowerstore.com\/de\/kh-director-ghl-doser-2-1sa-black\/","title":{"rendered":"KH Director &amp; GHL Doser 2.1SA black"},"content":{"rendered":"<h2>GHL Set KH Director &amp; GHL Doser 2.1SA black Automated Alkalinity Monitoring and Control<\/h2>\n<p>Die Aufrechterhaltung der Alkalinit\u00e4t ist f\u00fcr eine erfolgreiche Riffpflege von entscheidender Bedeutung, und die Aufrechterhaltung der Stabilit\u00e4t ist unerl\u00e4sslich. Wenn Sie hervorragende Bedingungen f\u00fcr das Korallenwachstum schaffen m\u00f6chten, ist die Durchf\u00fchrung von Alkalinit\u00e4tstests eine Notwendigkeit. Der neue GHL KH Director erleichtert die \u00dcberwachung, Aufrechterhaltung und Kontrolle der Alkalinit\u00e4t.<\/p>\n<p><strong>Funktionen:<\/strong><\/p>\n<ul>\n<li><strong>KH-Messgenauigkeit in Laborqualit\u00e4t:<\/strong> Messen Sie Ihre Alkalinit\u00e4t pr\u00e4zise. Mit nur einer 100-ml-Wasserprobe liefert der GHL KH Director Messwerte mit einer Genauigkeit von 0,1 \u00b0dKH.<\/li>\n<li><strong>Vom Benutzer einstellbares Testprobenvolumen:<\/strong> Wenn Sie nicht die h\u00f6chste Genauigkeit ben\u00f6tigen, k\u00f6nnen Sie das Testprobenvolumen reduzieren. Auch mit einer kleineren Wasserprobe kann eine Genauigkeit von ca. 0,2 \u00b0dKH erreicht werden.<\/li>\n<li><strong>Messungen pro Tag einstellbar:<\/strong> Bleibt der KH-Wert stabil, k\u00f6nnen Sie die Anzahl der durchgef\u00fchrten Messungen reduzieren.<\/li>\n<li><strong>H\u00f6here Genauigkeit und Sicherheit durch zus\u00e4tzliche Ventile:<\/strong> Testen Sie Ihre Alkalinit\u00e4t konsistent. Eingebaute Ventile sorgen f\u00fcr gleiche Messbedingungen und verhindern, dass Probenfl\u00fcssigkeit ins Aquarium zur\u00fcckflie\u00dft, selbst im seltenen Fall einer Fehlfunktion.<\/li>\n<li><strong>Kosteng\u00fcnstige und sichere Reagenzfl\u00fcssigkeit:<\/strong> Pro Test werden nur 1 bis 3 ml pro Messung ben\u00f6tigt.<\/li>\n<li><strong>Automatische Datenaufzeichnung:<\/strong> \u00dcberpr\u00fcfen Sie vergangene Testergebnisse, erkennen Sie pl\u00f6tzliche KH-\u00c4nderungen und optimieren Sie Ihre KH-Dosierung mithilfe der automatischen Datenaufzeichnung.<\/li>\n<li><strong>Automatische Fl\u00fcssigkeitszufuhr:<\/strong> F\u00fchren Sie automatisch KH-steigernde Fl\u00fcssigkeiten zu. Je nach Methode k\u00f6nnen eine oder mehrere zus\u00e4tzliche Dosierpumpen erforderlich sein.<\/li>\n<li><strong>Kalkreaktorsteuerung:<\/strong> Alternativ k\u00f6nnen Sie den KH-Wert durch die Steuerung eines Kalkreaktors beeinflussen.<\/li>\n<li><strong>LED-Statusanzeige:<\/strong> Das integrierte GHL LED-Logo sorgt f\u00fcr farblich markierte Statusanzeigen. Anhand dieser Farben k\u00f6nnen Sie schnell den Zustand Ihres Systems \u00fcberpr\u00fcfen:\n<ul>\n<li>Wei\u00df = Konfigurationsmodus<\/li>\n<li>Blau = Normalbetrieb<\/li>\n<li>Gr\u00fcn = Ausreichende Fl\u00fcssigkeitsmenge in einem Fl\u00fcssigkeitsbeh\u00e4lter<\/li>\n<li>Gelb = Warnschwelle &#8211; Fl\u00fcssigkeitsbeh\u00e4lter gehen zur Neige<\/li>\n<li>Rot = Alarmschwelle &#8211; Fl\u00fcssigkeitsbeh\u00e4lter sind leer<\/li>\n<\/ul>\n<\/li>\n<li><strong>myGHL Cloud-Zugriff:<\/strong> Greifen Sie \u00fcber den myGHL Cloud-Dienst \u00fcber GHL Doser 2, 2.1 oder ProfiLux 3, 3.1, 4 auf den KH Director zu.<\/li>\n<li><strong>Nahtlose Integration:<\/strong> Mit der ProfiLux Aquatic Bus-Anbindung integriert sich der KH Director nahtlos in das modulare GHL Aquariensystem. Die PAB-Verbindung gew\u00e4hrleistet eine st\u00f6rungsfreie Kommunikation mit anderen GHL-Ger\u00e4ten wie GHL Doser 2.1 und ProfiLux 4.<\/li>\n<li><strong>Wartungsarmes Design:<\/strong> Das einzigartige Design des KH Director erm\u00f6glicht einfachen Zugriff und Wartung der mitgelieferten pH-Elektrode. Kalibrierung und Austausch sind unkompliziert.<\/li>\n<li><strong>KH-Wertanzeige:<\/strong> Sehen Sie Ihren KH-Wert jederzeit und \u00fcberall \u00fcber das ProfiLux-Display, ProfiLux Touch oder den Webbrowser (myGHL) ein. Eine zus\u00e4tzliche externe Anzeigeeinheit ist optional.<\/li>\n<li><strong>Robustes Design:<\/strong> Jedes GHL-Produkt ist so gebaut, dass es den Test der Zeit \u00fcbersteht. Der KH Director ist keine Ausnahme und wird aus langlebigen Materialien hergestellt, die den Laboranforderungen entsprechen.<\/li>\n<\/ul>\n<p><strong>Spezifikationen:<\/strong><\/p>\n<ul>\n<li>Der KH Director ist in Schwarz oder Wei\u00df erh\u00e4ltlich.<\/li>\n<li>Abmessungen in mm: 220 x 150 x 70 (ohne pH-Elektrode).<\/li>\n<li>Abmessungen in Zoll: 8,66 x 5,9 x 2,75 (ohne pH-Elektrode).<\/li>\n<\/ul>\n<p><strong>Lieferumfang:<\/strong><\/p>\n<ul>\n<li>1 x KH Director enth\u00e4lt Folgendes:\n<ul>\n<li>Im Ger\u00e4t integrierte Messzelle<\/li>\n<li>Speziell f\u00fcr den KHD entwickelte pH-Elektrode, inklusive Kalibrierfl\u00fcssigkeiten<\/li>\n<li>Testreagenz 500 ml<\/li>\n<li>Silikonschlauch<\/li>\n<li>Stromversorgung Splitterkabel<\/li>\n<li>PAB-Kabel (50 cm \/ 19,6 in)<\/li>\n<\/ul>\n<\/li>\n<li>1 x GHL Doser 2.1 SA, 4 Pumpen, schwarz, Schuko<\/li>\n<\/ul>\n","protected":false},"excerpt":{"rendered":"<p>Automated Alkalinity Monitoring and Control. SA stands for Stand Alone<\/p>\n","protected":false},"featured_media":81424,"template":"","meta":[],"pwb-brand":[2157],"product_cat":[1401,1387],"product_tag":[],"class_list":{"0":"post-86521","1":"product","2":"type-product","3":"status-publish","4":"has-post-thumbnail","6":"pwb-brand-ghl","7":"product_cat-mess-und-regeltechnik","8":"product_cat-messsysteme","9":"pa_show-myparcel-options-male-de","11":"first","12":"outofstock","13":"taxable","14":"shipping-taxable","15":"purchasable","16":"product-type-simple"},"acf":[],"brands":[{"id":2157,"name":"GHL","slug":"ghl"}],"_links":{"self":[{"href":"https:\/\/www.seaflowerstore.com\/de\/wp-json\/wp\/v2\/product\/86521","targetHints":{"allow":["GET"]}}],"collection":[{"href":"https:\/\/www.seaflowerstore.com\/de\/wp-json\/wp\/v2\/product"}],"about":[{"href":"https:\/\/www.seaflowerstore.com\/de\/wp-json\/wp\/v2\/types\/product"}],"wp:featuredmedia":[{"embeddable":true,"href":"https:\/\/www.seaflowerstore.com\/de\/wp-json\/wp\/v2\/media\/81424"}],"wp:attachment":[{"href":"https:\/\/www.seaflowerstore.com\/de\/wp-json\/wp\/v2\/media?parent=86521"}],"wp:term":[{"taxonomy":"pwb-brand","embeddable":true,"href":"https:\/\/www.seaflowerstore.com\/de\/wp-json\/wp\/v2\/pwb-brand?post=86521"},{"taxonomy":"product_cat","embeddable":true,"href":"https:\/\/www.seaflowerstore.com\/de\/wp-json\/wp\/v2\/product_cat?post=86521"},{"taxonomy":"product_tag","embeddable":true,"href":"https:\/\/www.seaflowerstore.com\/de\/wp-json\/wp\/v2\/product_tag?post=86521"}],"curies":[{"name":"wp","href":"https:\/\/api.w.org\/{rel}","templated":true}]}}