{"id":86522,"date":"2019-03-27T10:12:44","date_gmt":"2019-03-27T09:12:44","guid":{"rendered":"https:\/\/www.seaflowerstore.com\/nl\/kh-director-ghl-doser2-1sa-white\/"},"modified":"2024-03-20T17:00:28","modified_gmt":"2024-03-20T16:00:28","slug":"kh-director-ghl-doser2-1sa-white","status":"publish","type":"product","link":"https:\/\/www.seaflowerstore.com\/de\/kh-director-ghl-doser2-1sa-white\/","title":{"rendered":"KH Director &amp; GHL Doser2.1SA white"},"content":{"rendered":"<h2>GHL KH Director SET &amp; GHL Doser2.1SA white Automated Alkalinity Monitoring and Control<\/h2>\n<p>Die Aufrechterhaltung der Alkalinit\u00e4t ist f\u00fcr eine erfolgreiche Riffpflege entscheidend und Stabilit\u00e4t ist unerl\u00e4sslich. Wenn Sie ideale Bedingungen f\u00fcr das Korallenwachstum schaffen m\u00f6chten, sind regelm\u00e4\u00dfige Alkalinit\u00e4tstests erforderlich. Mit dem neuen GHL KH Director halten Sie alles m\u00fchelos im Gleichgewicht. Mit diesem Tool k\u00f6nnen Sie die Alkalinit\u00e4t m\u00fchelos \u00fcberwachen, aufrechterhalten und steuern.<\/p>\n<h4><strong>Funktionen des GHL KH Director SET:<\/strong><\/h4>\n<ul>\n<li><strong>KH-Messgenauigkeit in Laborqualit\u00e4t:<\/strong> Messen Sie Ihre Alkalinit\u00e4t mit Laborpr\u00e4zision. Mit nur einer 100-ml-Wasserprobe liefert der GHL KH Director Messwerte mit einer Genauigkeit von 0,1 \u00b0dKH.<\/li>\n<li><strong>Vom Benutzer einstellbares Testprobenvolumen:<\/strong> In vielen F\u00e4llen ist eine Genauigkeit von 0,1 \u00b0dKH nicht immer erforderlich. Sie k\u00f6nnen die Probenmenge reduzieren und trotzdem mit einer kleineren Wasserprobe eine Genauigkeit von ca. 0,2 \u00b0dKH erreichen.<\/li>\n<li><strong>Messungen pro Tag einstellbar:<\/strong> \u00c4ndert sich der KH-Wert nicht signifikant, k\u00f6nnen Sie die Anzahl der Messungen reduzieren.<\/li>\n<li><strong>H\u00f6here Genauigkeit und Sicherheit durch zus\u00e4tzliche Ventile:<\/strong> Sorgen Sie f\u00fcr eine gleichbleibende Alkalinit\u00e4tsmessung. Eingebaute Ventile halten die Messbedingungen konstant und verhindern, dass die Probenfl\u00fcssigkeit auch in seltenen Fehlersituationen zur\u00fcck ins Aquarium flie\u00dft.<\/li>\n<li><strong>Kosteng\u00fcnstige und sichere Reagenzfl\u00fcssigkeit:<\/strong> Pro Test werden nur 1 &#8211; 3 ml pro Messung ben\u00f6tigt.<\/li>\n<li><strong>Automatische Datenaufzeichnung:<\/strong> \u00dcberpr\u00fcfen Sie vorherige Testergebnisse, identifizieren Sie pl\u00f6tzliche KH-Schwankungen und passen Sie Ihre KH-Dosierung mithilfe der automatischen Datenaufzeichnung an.<\/li>\n<li><strong>Automatische Fl\u00fcssigkeitszufuhr:<\/strong> F\u00fchren Sie automatisch KH-steigernde Fl\u00fcssigkeiten zu. Abh\u00e4ngig von Ihrer Methode k\u00f6nnen eine oder mehrere zus\u00e4tzliche Dosierpumpen erforderlich sein.<\/li>\n<li><strong>Kalkreaktorsteuerung:<\/strong> Alternativ k\u00f6nnen Sie den KH-Wert durch die Steuerung eines Kalkreaktors beeinflussen.<\/li>\n<li><strong>LED-Statusanzeige:<\/strong> Das GHL LED-Logo bietet farbcodierte Statusanzeigen. Die verschiedenen Farben geben Ihnen einen schnellen \u00dcberblick \u00fcber den Zustand Ihres Systems:\n<ul>\n<li>Wei\u00df = Konfigurationsmodus<\/li>\n<li>Blau = Normalbetrieb<\/li>\n<li>Gr\u00fcn = Fl\u00fcssigkeitsbeh\u00e4lter hat ausreichend Fl\u00fcssigkeit<\/li>\n<li>Gelb = Warnung &#8211; Fl\u00fcssigkeitsbeh\u00e4lter geht zur Neige<\/li>\n<li>Rot = Alarm &#8211; Fl\u00fcssigkeitsbeh\u00e4lter ist leer<\/li>\n<\/ul>\n<\/li>\n<li><strong>myGHL Cloud-Zugriff:<\/strong> Greifen Sie \u00fcber den myGHL Cloud-Dienst \u00fcber GHL Doser 2, 2.1 oder ProfiLux 3, 3.1 und 4 auf den KH Director zu.<\/li>\n<li><strong>Nahtlose Integration:<\/strong> Durch die ProfiLux Aquatic Bus-Anbindung l\u00e4sst sich der KH Director nahtlos in das modulare GHL Aquariensystem integrieren. Die PAB-Verbindung gew\u00e4hrleistet eine st\u00f6rungsfreie Kommunikation mit anderen GHL-Ger\u00e4ten, wie dem GHL Doser 2.1 und ProfiLux 4.<\/li>\n<li><strong>Wartungsarmes Design:<\/strong> Das einzigartige Design des KH Directors erleichtert den Zugriff und die Wartung der mitgelieferten pH-Elektrode und vereinfacht Kalibrierung und Austausch.<\/li>\n<li><strong>KH-Wertanzeige:<\/strong> Sehen Sie Ihren KH-Wert jederzeit und \u00fcberall \u00fcber das ProfiLux-Display, ProfiLux Touch oder den Webbrowser (myGHL) ein. Eine zus\u00e4tzliche externe Anzeigeeinheit ist optional.<\/li>\n<li><strong>Robustes Design:<\/strong> Jedes GHL-Produkt ist so konstruiert, dass es dem Test der Zeit standh\u00e4lt. Der KH Director ist da keine Ausnahme und besteht aus langlebigen Materialien, die den Laboranforderungen entsprechen.<\/li>\n<\/ul>\n<h4><strong>GHL KH Director SET-Spezifikationen:<\/strong><\/h4>\n<p>Der KH Director ist in Schwarz oder Wei\u00df erh\u00e4ltlich. Seine Abmessungen betragen:<\/p>\n<ul>\n<li>In mm: 220 x 150 x 70 (ohne pH-Elektrode)<\/li>\n<li>In Zoll: 8,66 x 5,9 x 2,75 (ohne pH-Elektrode)<\/li>\n<\/ul>\n<h4><strong>Lieferumfang GHL KH Director SET:<\/strong><\/h4>\n<p>Ihr Kauf umfasst:<\/p>\n<ul>\n<li>1x KH Director, bestehend aus:\n<ul>\n<li>Im Ger\u00e4t integrierte Messzelle<\/li>\n<li>pH-Elektrode, speziell f\u00fcr den KHD entwickelt, inklusive Kalibrierfl\u00fcssigkeiten<\/li>\n<li>Testreagenz (500 ml)<\/li>\n<li>Silikonschlauch<\/li>\n<li>Netzteil-Splitterkabel<\/li>\n<li>PAB-Kabel (50 cm \/ 19,6 Zoll)<\/li>\n<\/ul>\n<\/li>\n<li>1x GHL Doser 2.1 SA mit 4 Pumpen, erh\u00e4ltlich in wei\u00df, Schuko<\/li>\n<\/ul>\n","protected":false},"excerpt":{"rendered":"<p>GHL KH Director SET &amp; GHL Doser2.1SA white Automated Alkalinity Monitoring and Control. SA stands for Stand Alone<\/p>\n","protected":false},"featured_media":81421,"template":"","meta":[],"pwb-brand":[2157],"product_cat":[1401,1387],"product_tag":[],"class_list":{"0":"post-86522","1":"product","2":"type-product","3":"status-publish","4":"has-post-thumbnail","6":"pwb-brand-ghl","7":"product_cat-mess-und-regeltechnik","8":"product_cat-messsysteme","9":"pa_show-myparcel-options-male-de","11":"first","12":"outofstock","13":"taxable","14":"shipping-taxable","15":"purchasable","16":"product-type-simple"},"acf":[],"brands":[{"id":2157,"name":"GHL","slug":"ghl"}],"_links":{"self":[{"href":"https:\/\/www.seaflowerstore.com\/de\/wp-json\/wp\/v2\/product\/86522","targetHints":{"allow":["GET"]}}],"collection":[{"href":"https:\/\/www.seaflowerstore.com\/de\/wp-json\/wp\/v2\/product"}],"about":[{"href":"https:\/\/www.seaflowerstore.com\/de\/wp-json\/wp\/v2\/types\/product"}],"wp:featuredmedia":[{"embeddable":true,"href":"https:\/\/www.seaflowerstore.com\/de\/wp-json\/wp\/v2\/media\/81421"}],"wp:attachment":[{"href":"https:\/\/www.seaflowerstore.com\/de\/wp-json\/wp\/v2\/media?parent=86522"}],"wp:term":[{"taxonomy":"pwb-brand","embeddable":true,"href":"https:\/\/www.seaflowerstore.com\/de\/wp-json\/wp\/v2\/pwb-brand?post=86522"},{"taxonomy":"product_cat","embeddable":true,"href":"https:\/\/www.seaflowerstore.com\/de\/wp-json\/wp\/v2\/product_cat?post=86522"},{"taxonomy":"product_tag","embeddable":true,"href":"https:\/\/www.seaflowerstore.com\/de\/wp-json\/wp\/v2\/product_tag?post=86522"}],"curies":[{"name":"wp","href":"https:\/\/api.w.org\/{rel}","templated":true}]}}