{"id":86524,"date":"2019-03-26T14:39:58","date_gmt":"2019-03-26T13:39:58","guid":{"rendered":"https:\/\/www.seaflowerstore.com\/nl\/miracle-mud-marine\/"},"modified":"2024-03-20T17:00:33","modified_gmt":"2024-03-20T16:00:33","slug":"miracle-mud-marine","status":"publish","type":"product","link":"https:\/\/www.seaflowerstore.com\/de\/miracle-mud-marine\/","title":{"rendered":"Miracle Mud Marine"},"content":{"rendered":"<h2>Miracle Mud Marine continuously replenishes the mineral and trace element concentration of the aquarium water<\/h2>\n<p>Miracle Mud Marine besteht zu 80 % aus Meeresschlamm, der aus tiefen Gew\u00e4ssern gewonnen und dann an Land getrocknet wird. Die restlichen 20 % sind eine spezielle Mischung aus Mineralien und Spurenelementen, die Miracle Mud wirklich zu einem \u201eWUNDER\u201c machen. Hier ist die Mineral- und Spurenelementzusammensetzung:<\/p>\n<ul>\n<li>Aluminium<\/li>\n<li>Antimon<\/li>\n<li>Barium<\/li>\n<li>Beryllium<\/li>\n<li>Wismut<\/li>\n<li>Bor<\/li>\n<li>Brom<\/li>\n<li>Cadmium<\/li>\n<li>Calcium<\/li>\n<li>Cer<\/li>\n<li>C\u00e4sium<\/li>\n<li>Chrom<\/li>\n<li>Chlorid<\/li>\n<li>Kobalt<\/li>\n<li>Dysprosium<\/li>\n<li>Erbium<\/li>\n<li>Europium<\/li>\n<li>Fluor<\/li>\n<li>Gadolinium<\/li>\n<li>Gallium<\/li>\n<li>Germanium<\/li>\n<li>Gold<\/li>\n<li>Hafnium<\/li>\n<li>Holmium<\/li>\n<li>Indium<\/li>\n<li>Jod<\/li>\n<li>Iridium<\/li>\n<li>Eisen<\/li>\n<li>Lanthan<\/li>\n<li>Lithium<\/li>\n<li>Lutetium<\/li>\n<li>Magnesium<\/li>\n<li>Mangan<\/li>\n<li>Molybd\u00e4n<\/li>\n<li>Neodym<\/li>\n<li>Nickel<\/li>\n<li>Niob<\/li>\n<li>Osmium<\/li>\n<li>Palladium<\/li>\n<li>Phosphor<\/li>\n<li>Platin<\/li>\n<li>Kalium<\/li>\n<li>Praseodym<\/li>\n<li>Rhodium<\/li>\n<li>Rubidium<\/li>\n<li>Ruthenium<\/li>\n<li>Rhenium<\/li>\n<li>Samarium<\/li>\n<li>Silizium<\/li>\n<li>Silber<\/li>\n<li>Natrium<\/li>\n<li>Strontium<\/li>\n<li>Schwefel<\/li>\n<li>Tantal<\/li>\n<li>Terbium<\/li>\n<li>Thallium<\/li>\n<p> Ium<\/li>\n<li>Thulium<\/li>\n<li>Zinn<\/li>\n<li>Titan<\/li>\n<li>Wolfram<\/li>\n<li>Vanadium<\/li>\n<li>Ytterbium<\/li>\n<li>Yttrium<\/li>\n<li>Zink<\/li>\n<li>Zirkonium<\/li>\n<\/ul>\n<p><strong>Vorteile<\/strong><\/p>\n<ol>\n<li>Miracle Mud f\u00fcllt die Mineral- und Spurenelementkonzentration des Aquarienwassers kontinuierlich wieder auf und schafft so die perfekte Umgebung f\u00fcr Fische, Korallen und andere Wirbellose.<\/li>\n<li>Miracle Mud f\u00f6rdert eine gesunde Umgebung, die die Auswirkungen der Kopf- und Seitenlinienerosion (HLLE) deutlich r\u00fcckg\u00e4ngig macht.<\/li>\n<li>Mit Miracle Mud kann sogar ein Aquarianer-Anf\u00e4nger ein atemberaubendes Riffaquarium-Prunkst\u00fcck schaffen, genau wie das Aquarium auf den Bildern unten! Dieses Riffaquarium, das haupts\u00e4chlich Steinkorallen enth\u00e4lt, erfordert zus\u00e4tzliche Erg\u00e4nzungen von Mineralien und Spurenelementen, wie in der ECO-Balling-Methode beschrieben. Andere Arten von Riffaquarien, insbesondere solche, die von Weichkorallen dominiert werden, erhalten reichlich Mineralien und Spurenelemente von Miracle Mud, was es einzigartig macht und den Prozess der Haltung und Wartung eines Riffaquariums vereinfacht. Jeder kann ein sch\u00f6nes Riffaquarium genie\u00dfen, unabh\u00e4ngig von seinem Erfahrungsniveau!<\/li>\n<li>Miracle Mud Marine dient als idealer und hocheffizienter denitrifizierender Refugiumfilter und sorgt f\u00fcr eine makellose Umgebung f\u00fcr Fische, Korallen und andere Wirbellose. Seine feine Konsistenz erzeugt unterschiedliche aerobe und anaerobe Schichten, sodass es sowohl als Nitrifikant als auch als Denitrifizierer wirksam sein kann.<\/li>\n<\/ol>\n<p>Miracle Mud Marine ist das wirtschaftlichste Refugiumfiltersubstrat, das zur Entfernung von Nitrat aus Systemwasser erh\u00e4ltlich ist! Im Gegensatz zu anderen Refugiumsubstraten, die f\u00fcr eine wirksame Denitrifikation mindestens 15 cm tiefes Sandbett (DSB) ben\u00f6tigen, ben\u00f6tigt Miracle Mud nur eine Schicht von 2,5 cm. Es ist ratsam, sich zu informieren und die Preise zu vergleichen; andere Produkte k\u00f6nnen vier- bis sechsmal so viel kosten!<\/p>\n<p><img loading=\"lazy\" decoding=\"async\" src=\"https:\/\/www.seaflowerstore.com\/nl\/wp-content\/uploads\/content\/filter_chamber_setup.jpg\" alt=\"filter_chamber_setup\" width=\"250\" height=\"167\" border=\"0\" \/><br \/>\n<img loading=\"lazy\" decoding=\"async\" src=\"https:\/\/www.seaflowerstore.com\/nl\/wp-content\/uploads\/content\/Miracle-Mud-Deluxe-Model-Table.jpg\" alt=\"Miracle-Mud-Deluxe-Model-Table\" width=\"350\" height=\"114\" border=\"0\" \/><\/p>\n<p>Im Gegensatz zu anderen Refugium-Substraten auf dem Markt f\u00fchrt Miracle Mud Marine nicht zu ernsthaften Problemen wie dem \u201eAlttank-Syndrom\u201c oder einer \u201eN\u00e4hrstoffsenke\u201c, die bei den meisten DSBs auftreten k\u00f6nnen. Solche Probleme k\u00f6nnen die Wasserumwelt st\u00f6ren und zu dauerhaft hohen Phosphat- und Nitratwerten sowie unerw\u00fcnschtem Algenwachstum f\u00fchren. Die feine Konsistenz von Miracle Mud verhindert im Gegensatz zu anderen verf\u00fcgbaren Optionen, dass sich Abfallstoffe am Boden des Refugiumsubstrats absetzen.<\/p>\n<p>Dar\u00fcber hinaus f\u00fcllt Miracle Mud Marine die Mineralien- und Spurenelementkonzentration im Aquarium kontinuierlich auf, sodass jeder problemlos ein Riffaquarium einrichten und pflegen kann.<\/p>\n","protected":false},"excerpt":{"rendered":"<p>Miracle Mud is the original refugium mud placed by Leng Sy at the end of 1989. This is a product of EcoSystem Aquarium<\/p>\n","protected":false},"featured_media":81415,"template":"","meta":[],"pwb-brand":[2273],"product_cat":[1488,1483],"product_tag":[],"class_list":{"0":"post-86524","1":"product","2":"type-product","3":"status-publish","4":"has-post-thumbnail","6":"pwb-brand-ecosystem-aquarium","7":"product_cat-pflege","8":"product_cat-refugium-de","9":"pa_inhoud-136-kg-de","10":"pa_inhoud-227-kg-de","11":"pa_inhoud-45-kg-de","12":"pa_show-myparcel-options-male-de","14":"first","15":"outofstock","16":"taxable","17":"shipping-taxable","18":"purchasable","19":"product-type-variable"},"acf":[],"brands":[{"id":2273,"name":"EcoSystem Aquarium","slug":"ecosystem-aquarium"}],"_links":{"self":[{"href":"https:\/\/www.seaflowerstore.com\/de\/wp-json\/wp\/v2\/product\/86524","targetHints":{"allow":["GET"]}}],"collection":[{"href":"https:\/\/www.seaflowerstore.com\/de\/wp-json\/wp\/v2\/product"}],"about":[{"href":"https:\/\/www.seaflowerstore.com\/de\/wp-json\/wp\/v2\/types\/product"}],"wp:featuredmedia":[{"embeddable":true,"href":"https:\/\/www.seaflowerstore.com\/de\/wp-json\/wp\/v2\/media\/81415"}],"wp:attachment":[{"href":"https:\/\/www.seaflowerstore.com\/de\/wp-json\/wp\/v2\/media?parent=86524"}],"wp:term":[{"taxonomy":"pwb-brand","embeddable":true,"href":"https:\/\/www.seaflowerstore.com\/de\/wp-json\/wp\/v2\/pwb-brand?post=86524"},{"taxonomy":"product_cat","embeddable":true,"href":"https:\/\/www.seaflowerstore.com\/de\/wp-json\/wp\/v2\/product_cat?post=86524"},{"taxonomy":"product_tag","embeddable":true,"href":"https:\/\/www.seaflowerstore.com\/de\/wp-json\/wp\/v2\/product_tag?post=86524"}],"curies":[{"name":"wp","href":"https:\/\/api.w.org\/{rel}","templated":true}]}}