{"id":86528,"date":"2019-03-26T12:50:20","date_gmt":"2019-03-26T11:50:20","guid":{"rendered":"https:\/\/www.seaflowerstore.com\/nl\/polyplab-one-balanced-ca-kh\/"},"modified":"2025-05-27T19:55:27","modified_gmt":"2025-05-27T17:55:27","slug":"polyplab-one-balanced-ca-kh","status":"publish","type":"product","link":"https:\/\/www.seaflowerstore.com\/de\/polyplab-one-balanced-ca-kh\/","title":{"rendered":"Polyplab One balanced ca\/kh"},"content":{"rendered":"<h2>Polyplab One balanced ca\/kh supplies calcium, magnesium and alkalinity<\/h2>\n<p><strong>WAS IST POLYPLAB ONE?<\/strong><\/p>\n<p>PolypLab One ist speziell formuliert und verwendet zwei Arten von Acetat- und Hydroxidsalzen. Wenn Sie es Ihrem Aquarium hinzuf\u00fcgen, sind die Kalzium- und Magnesiumionen f\u00fcr Korallen, Muscheln und verschiedene andere Rifforganismen leicht verf\u00fcgbar. Die Acetationen werden von Bakterien verarbeitet, um biologisch verf\u00fcgbares Bicarbonat zu produzieren, w\u00e4hrend die Hydroxidsalze die Pufferf\u00e4higkeit verbessern.<\/p>\n<ul>\n<li>Erh\u00f6ht den Salzgehalt nicht<\/li>\n<li>Enth\u00e4lt kein Calciumcarbonat<\/li>\n<li>Phosphat- und silikatfrei<\/li>\n<\/ul>\n<p><strong>Zutaten:<\/strong> Calciumacetat, Magnesiumacetat, Hydroxidsalze<\/p>\n<p><strong>Enth\u00e4lt ungef\u00e4hr:<\/strong> 70.000 mg\/l Calcium, 16.000 mg\/l Magnesium, 4.000 mval\/l Alkalinit\u00e4t<\/p>\n<p><strong>ANWENDUNG:<\/strong><\/p>\n<p>Zur Zubereitung Ihres Produkts f\u00fcllen Sie die Flasche mit Umkehrosmosewasser und sch\u00fctteln sie gut. F\u00fcgen Sie mehr RO-Wasser hinzu, bis der F\u00fcllstand den Flaschenhals erreicht. Ihr Produkt ist nun gebrauchsfertig. Denken Sie daran, vor jeder Anwendung gut zu sch\u00fctteln.<\/p>\n<p>Pro 50 Gallonen Gesamtaquariumvolumen 1-4 Verschlusskappen (5-20 ml) in einem Bereich mit guter Wasserstr\u00f6mung und ohne direkten Kontakt mit Korallen dosieren. Achten Sie darauf, die Flasche fest verschlossen zu halten, wenn sie nicht verwendet wird.<\/p>\n<p>Bitte beachten Sie, dass dieses Produkt das Aquarienwasser nach der Dosierung vor\u00fcbergehend tr\u00fcben kann. Daher ist es ratsam, PolypLab One nachts zu dosieren.<\/p>\n<p>Die richtige Dosierung von PolypLab One tr\u00e4gt zur Erhaltung bei:<\/p>\n<ul>\n<li>400 ppm Ca<\/li>\n<li>7 dkh<\/li>\n<li>1300 ppm Mg<\/li>\n<\/ul>\n<p><strong>Verf\u00fcgbare Gr\u00f6\u00dfen:<\/strong> 250 ml und 500 ml<\/p>\n","protected":false},"excerpt":{"rendered":"<p>Polyplab One balanced ca\/kh supplies calcium, magnesium and alkalinity<\/p>\n","protected":false},"featured_media":81410,"template":"","meta":[],"pwb-brand":[2223],"product_cat":[1391,515],"product_tag":[],"class_list":{"0":"post-86528","1":"product","2":"type-product","3":"status-publish","4":"has-post-thumbnail","6":"pwb-brand-polyp-lab","7":"product_cat-ergaenzungen","8":"product_cat-additives","9":"pa_inhoud-250-ml-de","10":"pa_inhoud-500-ml-de","11":"pa_show-myparcel-options-male-de","13":"first","14":"instock","15":"taxable","16":"shipping-taxable","17":"purchasable","18":"product-type-variable"},"acf":[],"brands":[{"id":2223,"name":"Polyp Lab","slug":"polyp-lab"}],"_links":{"self":[{"href":"https:\/\/www.seaflowerstore.com\/de\/wp-json\/wp\/v2\/product\/86528","targetHints":{"allow":["GET"]}}],"collection":[{"href":"https:\/\/www.seaflowerstore.com\/de\/wp-json\/wp\/v2\/product"}],"about":[{"href":"https:\/\/www.seaflowerstore.com\/de\/wp-json\/wp\/v2\/types\/product"}],"wp:featuredmedia":[{"embeddable":true,"href":"https:\/\/www.seaflowerstore.com\/de\/wp-json\/wp\/v2\/media\/81410"}],"wp:attachment":[{"href":"https:\/\/www.seaflowerstore.com\/de\/wp-json\/wp\/v2\/media?parent=86528"}],"wp:term":[{"taxonomy":"pwb-brand","embeddable":true,"href":"https:\/\/www.seaflowerstore.com\/de\/wp-json\/wp\/v2\/pwb-brand?post=86528"},{"taxonomy":"product_cat","embeddable":true,"href":"https:\/\/www.seaflowerstore.com\/de\/wp-json\/wp\/v2\/product_cat?post=86528"},{"taxonomy":"product_tag","embeddable":true,"href":"https:\/\/www.seaflowerstore.com\/de\/wp-json\/wp\/v2\/product_tag?post=86528"}],"curies":[{"name":"wp","href":"https:\/\/api.w.org\/{rel}","templated":true}]}}