{"id":86533,"date":"2019-03-26T10:39:36","date_gmt":"2019-03-26T09:39:36","guid":{"rendered":"https:\/\/www.seaflowerstore.com\/nl\/polyplab-reef-primer-180gr\/"},"modified":"2024-03-20T17:00:15","modified_gmt":"2024-03-20T16:00:15","slug":"polyplab-reef-primer-180gr","status":"publish","type":"product","link":"https:\/\/www.seaflowerstore.com\/de\/polyplab-reef-primer-180gr\/","title":{"rendered":"PolypLab Reef Primer 180gr"},"content":{"rendered":"<h2>PolypLab Reef Primer Shot 180gr coraldip<\/h2>\n<h3>Was ist Reef Primer Coral Conditioner?<\/h3>\n<p>PolypLab Reef Primer wurde entwickelt, um Ihre Korallen effektiv von verschiedenen Sch\u00e4dlingen und Problemen zu befreien, darunter:<\/p>\n<ul>\n<li>Zoanthid-fressende Nacktschnecken<\/li>\n<li>Montipora-fressende Nacktschnecken<\/li>\n<li>Acropora-fressende Plattw\u00fcrmer<\/li>\n<li>Borstenw\u00fcrmer<\/li>\n<li>Zoanthid-fressende Spinnen<\/li>\n<li>Rote Plattw\u00fcrmer<\/li>\n<li>Filament\u00f6se Haaralgen<\/li>\n<li>Schnelle Gewebenekrose<\/li>\n<li>Langsame Gewebenekrose<\/li>\n<li>Bakterielle Infektionen<\/li>\n<li>Und mehr<\/li>\n<\/ul>\n<p>Die gute Nachricht ist, dass Reef Primer schonend zu Ihren Korallen ist und beim Eintauchen keine Stressreaktion ausl\u00f6st Prozess. F\u00fcr einen vollst\u00e4ndigen Schutz tauchen Sie Ihre Korallen oder Fragmente einfach 5 Minuten lang in die Reef Primer-L\u00f6sung.<\/p>\n<p><strong>Zutaten:<\/strong> Kaliumsalze<\/p>\n<h3>Anleitung:<\/h3>\n<p>Zur Anwendung geben Sie 45 g oder 8 Kapseln voll PolypLab Reef Primer in 1 Gallone (4 Liter) Aquarienwasser. Gr\u00fcndlich mischen und sicherstellen, dass es sich vollst\u00e4ndig aufgel\u00f6st hat. Tauchen Sie Ihre Korallen und Fragmente maximal 5 Minuten lang ein, w\u00e4hrend Sie das Wasser r\u00fchren. Nach dem Eintauchen nehmen Sie die Korallen heraus und setzen Sie sie direkt in Ihr Hauptaquarium.<\/p>\n<p><strong>Achtung:<\/strong> Nehmen Sie dieses Produkt nicht ein. Verwenden Sie es in einem gut bel\u00fcfteten Bereich und vermeiden Sie den Kontakt mit Haut, Augen und Kleidung. Waschen Sie sich nach der Anwendung unbedingt die H\u00e4nde, da es Haut-, Augen- und Atemwegsreizungen verursachen kann.<\/p>\n<p><strong>Geben Sie Reef Primer niemals direkt in Ihr Aquarium. Dieses Produkt darf nur als Korallenbad verwendet werden. Bitte au\u00dferhalb der Reichweite von Kindern aufbewahren.<\/strong><\/p>\n","protected":false},"excerpt":{"rendered":"<p>PolypLab Reef Primer is a premium dip for your corals and frags. Use in your acclimation routine before adding new corals to your system.<\/p>\n","protected":false},"featured_media":81404,"template":"","meta":[],"pwb-brand":[2223],"product_cat":[1390],"product_tag":[],"class_list":{"0":"post-86533","1":"product","2":"type-product","3":"status-publish","4":"has-post-thumbnail","6":"pwb-brand-polyp-lab","7":"product_cat-medikamente","8":"pa_show-myparcel-options-male-de","10":"first","11":"outofstock","12":"taxable","13":"shipping-taxable","14":"purchasable","15":"product-type-simple"},"acf":[],"brands":[{"id":2223,"name":"Polyp Lab","slug":"polyp-lab"}],"_links":{"self":[{"href":"https:\/\/www.seaflowerstore.com\/de\/wp-json\/wp\/v2\/product\/86533","targetHints":{"allow":["GET"]}}],"collection":[{"href":"https:\/\/www.seaflowerstore.com\/de\/wp-json\/wp\/v2\/product"}],"about":[{"href":"https:\/\/www.seaflowerstore.com\/de\/wp-json\/wp\/v2\/types\/product"}],"wp:featuredmedia":[{"embeddable":true,"href":"https:\/\/www.seaflowerstore.com\/de\/wp-json\/wp\/v2\/media\/81404"}],"wp:attachment":[{"href":"https:\/\/www.seaflowerstore.com\/de\/wp-json\/wp\/v2\/media?parent=86533"}],"wp:term":[{"taxonomy":"pwb-brand","embeddable":true,"href":"https:\/\/www.seaflowerstore.com\/de\/wp-json\/wp\/v2\/pwb-brand?post=86533"},{"taxonomy":"product_cat","embeddable":true,"href":"https:\/\/www.seaflowerstore.com\/de\/wp-json\/wp\/v2\/product_cat?post=86533"},{"taxonomy":"product_tag","embeddable":true,"href":"https:\/\/www.seaflowerstore.com\/de\/wp-json\/wp\/v2\/product_tag?post=86533"}],"curies":[{"name":"wp","href":"https:\/\/api.w.org\/{rel}","templated":true}]}}