{"id":86535,"date":"2019-03-26T09:23:15","date_gmt":"2019-03-26T08:23:15","guid":{"rendered":"https:\/\/www.seaflowerstore.com\/nl\/kessil-hanging-kit-ap700\/"},"modified":"2024-03-20T17:00:11","modified_gmt":"2024-03-20T16:00:11","slug":"kessil-hanging-kit-ap700","status":"publish","type":"product","link":"https:\/\/www.seaflowerstore.com\/de\/kessil-hanging-kit-ap700\/","title":{"rendered":"Kessil Hanging Kit AP700"},"content":{"rendered":"<h2> Hanging Kit AP700 for hanging the Kessil AP700 lamp <\/h2>\n<p> Mit dem AP700-Aufh\u00e4ngeset k\u00f6nnen Sie die AP700-Lampe ganz einfach an Ihrer Decke oder in Ihrer Abzugshaube aufh\u00e4ngen. Es umfasst zwei 3 Meter lange Aufh\u00e4ngekabel, zwei Spannschrauben und zwei selbstschneidende Schrauben, mit denen Sie die H\u00f6he der AP700 nach Bedarf anpassen k\u00f6nnen. <\/p>\n<p> Wir empfehlen, die AP700 bei einem 120 cm x 60 cm gro\u00dfen Becken, das f\u00fcr gemischtes Leben ausgelegt ist, in einer H\u00f6he von 38\u201345 cm \u00fcber der Wasseroberfl\u00e4che aufzuh\u00e4ngen. Bei einem 90 cm x 60 cm gro\u00dfen Becken, in dem SPS dominiert, ist es am besten, sie 12\u201318 cm \u00fcber der Wasseroberfl\u00e4che aufzuh\u00e4ngen. <\/p>\n","protected":false},"excerpt":{"rendered":"<p>Hanging Kit AP700 for hanging the Kessil AP700 lamp<\/p>\n","protected":false},"featured_media":81398,"template":"","meta":[],"pwb-brand":[2185],"product_cat":[1393,1384],"product_tag":[],"class_list":{"0":"post-86535","1":"product","2":"type-product","3":"status-publish","4":"has-post-thumbnail","6":"pwb-brand-kessil","7":"product_cat-beleuchtungszubehoer","8":"product_cat-led-de","9":"pa_show-myparcel-options-male-de","11":"first","12":"instock","13":"taxable","14":"shipping-taxable","15":"purchasable","16":"product-type-simple"},"acf":[],"brands":[{"id":2185,"name":"Kessil","slug":"kessil"}],"_links":{"self":[{"href":"https:\/\/www.seaflowerstore.com\/de\/wp-json\/wp\/v2\/product\/86535","targetHints":{"allow":["GET"]}}],"collection":[{"href":"https:\/\/www.seaflowerstore.com\/de\/wp-json\/wp\/v2\/product"}],"about":[{"href":"https:\/\/www.seaflowerstore.com\/de\/wp-json\/wp\/v2\/types\/product"}],"wp:featuredmedia":[{"embeddable":true,"href":"https:\/\/www.seaflowerstore.com\/de\/wp-json\/wp\/v2\/media\/81398"}],"wp:attachment":[{"href":"https:\/\/www.seaflowerstore.com\/de\/wp-json\/wp\/v2\/media?parent=86535"}],"wp:term":[{"taxonomy":"pwb-brand","embeddable":true,"href":"https:\/\/www.seaflowerstore.com\/de\/wp-json\/wp\/v2\/pwb-brand?post=86535"},{"taxonomy":"product_cat","embeddable":true,"href":"https:\/\/www.seaflowerstore.com\/de\/wp-json\/wp\/v2\/product_cat?post=86535"},{"taxonomy":"product_tag","embeddable":true,"href":"https:\/\/www.seaflowerstore.com\/de\/wp-json\/wp\/v2\/product_tag?post=86535"}],"curies":[{"name":"wp","href":"https:\/\/api.w.org\/{rel}","templated":true}]}}