{"id":86539,"date":"2019-03-24T17:23:33","date_gmt":"2019-03-24T16:23:33","guid":{"rendered":"https:\/\/www.seaflowerstore.com\/nl\/kh-director-black\/"},"modified":"2024-03-20T16:59:56","modified_gmt":"2024-03-20T15:59:56","slug":"kh-director-black","status":"publish","type":"product","link":"https:\/\/www.seaflowerstore.com\/de\/kh-director-black\/","title":{"rendered":"KH Director, black"},"content":{"rendered":"<h2>KH Director, black Automated Alkalinity Monitoring and Control<\/h2>\n<p>Die Aufrechterhaltung der Alkalinit\u00e4t ist der wichtigste Aspekt der Riffpflege; Stabilit\u00e4t ist unerl\u00e4sslich. Wenn Sie optimale Bedingungen f\u00fcr das Korallenwachstum schaffen m\u00f6chten, ist eine Alkalinit\u00e4tspr\u00fcfung ein Muss! Halten Sie sie mit dem neuen KH Director stabil. Sie k\u00f6nnen die Alkalinit\u00e4t einfach \u00fcberwachen, aufrechterhalten und steuern.<\/p>\n<p><strong>KH Director\u00ae \u2013 Funktionen:<\/strong><\/p>\n<ul>\n<li><strong>KH-Messgenauigkeit in Laborqualit\u00e4t:<\/strong> Messen Sie Ihre Alkalinit\u00e4t mit Laborgenauigkeit. Mit nur einer 100-ml-Wasserprobe kann der KH Director\u00ae Messwerte mit einer Genauigkeit von 0,1\u00b0 dKH liefern.<\/li>\n<li><strong>Vom Benutzer einstellbares Testprobenvolumen:<\/strong> In der Praxis ist eine Genauigkeit von 0,1\u00b0 dKH nicht immer erforderlich. Der KH Director bietet die M\u00f6glichkeit, die Probenmenge bei jedem Test zu reduzieren, wodurch eine Genauigkeit von ca. 0,2\u00b0 dKH bei einer kleineren Wasserprobe erreicht wird.<\/li>\n<li><strong>Messungen pro Tag einstellbar:<\/strong> Wenn der KH-Wert nicht stark schwankt, k\u00f6nnen Sie die Anzahl der t\u00e4glichen Messungen reduzieren.<\/li>\n<li><strong>H\u00f6here Genauigkeit und Sicherheit durch zus\u00e4tzliche Ventile:<\/strong> Testen Sie Ihre Alkalinit\u00e4t zuverl\u00e4ssig und konsistent. Eingebaute Ventile sorgen f\u00fcr gleiche Messbedingungen und verhindern, dass die Probenfl\u00fcssigkeit ins Aquarium zur\u00fcckflie\u00dft, selbst im unwahrscheinlichen Fall eines Fehlers.<\/li>\n<li><strong>Kosteng\u00fcnstige und sichere Reagenzfl\u00fcssigkeit:<\/strong> Jeder Test erfordert nur 1 \u2013 3 ml pro Messung.<\/li>\n<li><strong>Automatische Datenaufzeichnung:<\/strong> \u00dcberpr\u00fcfen Sie vergangene Testergebnisse, erfassen Sie pl\u00f6tzliche KH-Schwankungen und optimieren Sie Ihre KH-Dosierung mithilfe der automatischen Datenaufzeichnung.<\/li>\n<li><strong>Automatische Fl\u00fcssigkeitszufuhr:<\/strong> Genie\u00dfen Sie die automatische Zufuhr von KH-steigernden Fl\u00fcssigkeiten. Je nach Methode k\u00f6nnen eine oder mehrere zus\u00e4tzliche Dosierpumpen erforderlich sein.<\/li>\n<li><strong>Kalkreaktor-Steuerung:<\/strong> Alternativ kann der KH-Wert auch durch die Steuerung eines Kalkreaktors beeinflusst werden.<\/li>\n<li><strong>Das integrierte GHL LED-Logo:<\/strong> Diese Funktion bietet farbcodierte Statusanzeigen, die den Zustand Ihres Systems auf einen Blick anzeigen:\n<ul>\n<li>Wei\u00df = Konfigurationsmodus<\/li>\n<li>Blau = Normalbetrieb<\/li>\n<li>Gr\u00fcn = Fl\u00fcssigkeitsmenge in einem Fl\u00fcssigkeitsbeh\u00e4lter ist in Ordnung<\/li>\n<li>Gelb = Warnschwelle \u2013 Fl\u00fcssigkeitsbeh\u00e4lter gehen zur Neige<\/li>\n<li>Rot = Alarmschwelle \u2013 Fl\u00fcssigkeitsbeh\u00e4lter sind leer<\/li>\n<\/ul>\n<\/li>\n<li><strong>myGHL-Cloud-Zugriff:<\/strong> Zugriff auf den KHD \u00fcber den myGHL\u00ae-Cloud-Dienst \u2013 \u00fcber GHL Doser 2 \/ 2.1 oder ProfiLux 3 \/ 3.1 \/ 4.<\/li>\n<li><strong>Nahtlose Integration in das GHL-System:<\/strong> Der KH Director\u00ae l\u00e4sst sich mithilfe der PAB-Verbindung (ProfiLux Aquatic Bus) m\u00fchelos in das modulare GHL-Aquariensystem integrieren und gew\u00e4hrleistet so eine st\u00f6rungsfreie Kommunikation mit anderen GHL PAB-Ger\u00e4ten wie dem GHL Doser 2.1 oder dem ProfiLux\u00ae 4.<\/li>\n<li><strong>Wartungsarmes Design:<\/strong> Der KH Director\u00ae verf\u00fcgt \u00fcber ein einzigartiges Design, das einfachen Zugriff und Wartung der mitgelieferten pH-Elektrode erm\u00f6glicht. Kalibrierung und Austausch sind unkompliziert.<\/li>\n<li><strong>Anzeige des KH-Werts:<\/strong> Sehen Sie Ihren KH-Wert jederzeit und \u00fcberall \u00fcber das ProfiLux-Display, ProfiLux Touch oder den Webbrowser (myGHL\u00ae) an. Eine zus\u00e4tzliche externe Anzeigeeinheit ist optional.<\/li>\n<li><strong>Robustes Design in Laborqualit\u00e4t:<\/strong> Jedes von uns hergestellte Produkt ist darauf ausgelegt, den Test der Zeit zu bestehen. Der KH Director\u00ae ist keine Ausnahme. Er ist aus langlebigen Materialien gefertigt, um Laborstandards zu entsprechen.<\/li>\n<\/ul>\n<p><strong>Technische Daten:<\/strong><\/p>\n<ul>\n<li>KH Director\u00ae ist in zwei Farboptionen erh\u00e4ltlich: Schwarz oder Wei\u00df<\/li>\n<li>Abmessungen (mm): 220 x 150 x 75 mm (ohne pH-Elektrode)<\/li>\n<li>Abmessungen (Zoll): 8,66\u2033 x 5,9\u2033 x 2,95\u2033 (ohne pH-Elektrode)<\/li>\n<\/ul>\n<p><strong>KH Director\u00ae umfasst Folgendes:<\/strong><\/p>\n<ul>\n<li>Ger\u00e4t mit integrierter Messzelle<\/li>\n<li>pH-Elektrode, speziell f\u00fcr den KHD entwickelt, einschlie\u00dflich Kalibrierfl\u00fcssigkeiten<\/li>\n<li>Testreagenz 500 ml<\/li>\n<li>Silikonschlauch 5m<\/li>\n<li>Stromversorgungs-Splitterkabel<\/li>\n<\/ul>\n<p><strong>Wie funktioniert der KH Director\u00ae?<\/strong><\/p>\n<p>Der KH Director\u00ae ist f\u00fcr den Betrieb in Verbindung mit einem GHL Doser 2 (2.1) Standalone oder einem ProfiLux\u00ae Aquarium Controller 3 oder 4 mit einem Doser 2 Slave konzipiert. Die zwei Einl\u00e4sse und ein Auslass des KH Directors werden mit drei Dosierpumpen am Doser 2 (2.1) verbunden. Diese Pumpen sind f\u00fcr die genaue Fl\u00fcssigkeits\u00fcbertragung zum und vom KH Director verantwortlich. Zun\u00e4chst wird eine Probe des Aquarienwassers an den KH Director\u00ae gesendet. Anschlie\u00dfend wird der KH-Wert durch langsame Zugabe einer weiteren Fl\u00fcssigkeit (Reagenz) und Messung des pH-Werts genau bestimmt. Das Probenwasser wird dann abgepumpt und in einem separaten Beh\u00e4lter zur sp\u00e4teren Entsorgung gesammelt.<\/p>\n<p><strong>Was sind die Kosten f\u00fcr Reagenz und pH-Elektrode?<\/strong><\/p>\n<p>Bei GHL verstehen wir die Bedeutung der laufenden Kosten, die mit der automatisierten KH-\u00dcberwachung und -Steuerung verbunden sind. F\u00fcr den KH Director war es besonders wichtig, diese Kosten zu ber\u00fccksichtigen und ein hocheffizientes, kosteng\u00fcnstiges Produkt zu entwickeln. Eine einzelne 1000ml-Flasche Reagenz kann bei viermal t\u00e4glicher Messung und einem KH-Wert von 8 bis zu drei Monate halten. Die vom KH Director verwendete pH-Elektrode wurde speziell f\u00fcr die KH-Messung entwickelt und hat eine durchschnittliche Lebensdauer von ein bis zwei Jahren.<\/p>\n","protected":false},"excerpt":{"rendered":"<p>GHL KH Director black Automated Alkalinity Monitoring and Control<\/p>\n","protected":false},"featured_media":81384,"template":"","meta":[],"pwb-brand":[2157],"product_cat":[1387,1408],"product_tag":[],"class_list":{"0":"post-86539","1":"product","2":"type-product","3":"status-publish","4":"has-post-thumbnail","6":"pwb-brand-ghl","7":"product_cat-messsysteme","8":"product_cat-computer-de","9":"pa_show-myparcel-options-male-de","11":"first","12":"outofstock","13":"taxable","14":"shipping-taxable","15":"purchasable","16":"product-type-simple"},"acf":[],"brands":[{"id":2157,"name":"GHL","slug":"ghl"}],"_links":{"self":[{"href":"https:\/\/www.seaflowerstore.com\/de\/wp-json\/wp\/v2\/product\/86539","targetHints":{"allow":["GET"]}}],"collection":[{"href":"https:\/\/www.seaflowerstore.com\/de\/wp-json\/wp\/v2\/product"}],"about":[{"href":"https:\/\/www.seaflowerstore.com\/de\/wp-json\/wp\/v2\/types\/product"}],"wp:featuredmedia":[{"embeddable":true,"href":"https:\/\/www.seaflowerstore.com\/de\/wp-json\/wp\/v2\/media\/81384"}],"wp:attachment":[{"href":"https:\/\/www.seaflowerstore.com\/de\/wp-json\/wp\/v2\/media?parent=86539"}],"wp:term":[{"taxonomy":"pwb-brand","embeddable":true,"href":"https:\/\/www.seaflowerstore.com\/de\/wp-json\/wp\/v2\/pwb-brand?post=86539"},{"taxonomy":"product_cat","embeddable":true,"href":"https:\/\/www.seaflowerstore.com\/de\/wp-json\/wp\/v2\/product_cat?post=86539"},{"taxonomy":"product_tag","embeddable":true,"href":"https:\/\/www.seaflowerstore.com\/de\/wp-json\/wp\/v2\/product_tag?post=86539"}],"curies":[{"name":"wp","href":"https:\/\/api.w.org\/{rel}","templated":true}]}}