{"id":86540,"date":"2019-03-24T17:15:10","date_gmt":"2019-03-24T16:15:10","guid":{"rendered":"https:\/\/www.seaflowerstore.com\/nl\/plancto\/"},"modified":"2024-03-20T17:00:19","modified_gmt":"2024-03-20T16:00:19","slug":"plancto","status":"publish","type":"product","link":"https:\/\/www.seaflowerstore.com\/de\/plancto\/","title":{"rendered":"Plancto"},"content":{"rendered":"<h2>Aqua Medic Plancto concentrated food for corals and invertebrates.<\/h2>\n<p>Reef Life Plancto ist ein hochwertiges, pH-stabilisiertes Kraftfutter, das eine zuverl\u00e4ssige Ern\u00e4hrung und das Wachstum von Tieren, die sich von Plankton und Wirbellosen ern\u00e4hren, gew\u00e4hrleisten soll. Mit einer Partikelgr\u00f6\u00dfe von 25 bis 200 Mikrometern eignet es sich ideal zur F\u00fctterung planktonfressender Lebewesen. Dar\u00fcber hinaus dient Reef Life Plancto als Alleinfuttermittel zur Aufzucht von Artemien.<\/p>\n<p>Auch bei \u00dcberdosierung k\u00f6nnen Sie sicher sein, dass es nicht zu R\u00fcckst\u00e4nden in den Verdauungsorganen kommt.<\/p>\n<p><strong>Anwendung\/Dosierung:<\/strong><\/p>\n<ul>\n<li>5 ml t\u00e4glich f\u00fcr ein gut best\u00fccktes 500-Liter-Aquarium.<\/li>\n<li>F\u00fcllen Sie das Futter in den Wasserfluss ein, damit alle Tiere darauf zugreifen k\u00f6nnen.<\/li>\n<\/ul>\n<p>Das Produkt ist in den Gr\u00f6\u00dfen 250 ml und 1000 ml erh\u00e4ltlich.<\/p>\n","protected":false},"excerpt":{"rendered":"<p>Aqua Medic Plancto\u00a0is concentrated food for corals and invertebrates<\/p>\n","protected":false},"featured_media":81380,"template":"","meta":[],"pwb-brand":[2149],"product_cat":[1421,1424,1402,741],"product_tag":[],"class_list":{"0":"post-86540","1":"product","2":"type-product","3":"status-publish","4":"has-post-thumbnail","6":"pwb-brand-aqua-medic","7":"product_cat-aqua-medic-de","8":"product_cat-futter","9":"product_cat-verschieden","10":"product_cat-brands","11":"pa_inhoud-100-ml-de","12":"pa_inhoud-1000-ml-de","13":"pa_inhoud-250-ml-de","14":"pa_show-myparcel-options-male-de","16":"first","17":"instock","18":"taxable","19":"shipping-taxable","20":"purchasable","21":"product-type-variable"},"acf":[],"brands":[{"id":2149,"name":"Aqua Medic","slug":"aqua-medic"}],"_links":{"self":[{"href":"https:\/\/www.seaflowerstore.com\/de\/wp-json\/wp\/v2\/product\/86540","targetHints":{"allow":["GET"]}}],"collection":[{"href":"https:\/\/www.seaflowerstore.com\/de\/wp-json\/wp\/v2\/product"}],"about":[{"href":"https:\/\/www.seaflowerstore.com\/de\/wp-json\/wp\/v2\/types\/product"}],"wp:featuredmedia":[{"embeddable":true,"href":"https:\/\/www.seaflowerstore.com\/de\/wp-json\/wp\/v2\/media\/81380"}],"wp:attachment":[{"href":"https:\/\/www.seaflowerstore.com\/de\/wp-json\/wp\/v2\/media?parent=86540"}],"wp:term":[{"taxonomy":"pwb-brand","embeddable":true,"href":"https:\/\/www.seaflowerstore.com\/de\/wp-json\/wp\/v2\/pwb-brand?post=86540"},{"taxonomy":"product_cat","embeddable":true,"href":"https:\/\/www.seaflowerstore.com\/de\/wp-json\/wp\/v2\/product_cat?post=86540"},{"taxonomy":"product_tag","embeddable":true,"href":"https:\/\/www.seaflowerstore.com\/de\/wp-json\/wp\/v2\/product_tag?post=86540"}],"curies":[{"name":"wp","href":"https:\/\/api.w.org\/{rel}","templated":true}]}}