{"id":86544,"date":"2019-03-24T14:04:51","date_gmt":"2019-03-24T13:04:51","guid":{"rendered":"https:\/\/www.seaflowerstore.com\/nl\/deltec-mc-501\/"},"modified":"2024-03-20T16:59:53","modified_gmt":"2024-03-20T15:59:53","slug":"deltec-mc-501","status":"publish","type":"product","link":"https:\/\/www.seaflowerstore.com\/de\/deltec-mc-501\/","title":{"rendered":"Deltec MC 501"},"content":{"rendered":"<h2> Deltec Afschuimer Intern MC 501 has a DC adjustable foam pump for a max 400 liter aquarium <\/h2>\n<p> Die Kompaktabsch\u00e4umer der MC-Serie (au\u00dfer MCX 300) k\u00f6nnen mit einer Halterung direkt im Aquarium oder au\u00dferhalb des Aquariums montiert werden. Dieses Modell, der Deltec MC 500, ist auch mit dem RedSeaMax 250 kompatibel. Das Fach, in dem der Sch\u00e4umer platziert wird, k\u00f6nnen Sie ganz einfach anpassen, sodass der Deltec MC 500 problemlos passt. <\/p>\n<p> Der Deltec MC 500 ist mit Aquabee-Pumpen ausgestattet, die von Deltec angepasst wurden. Dadurch l\u00e4uft die Pumpe viel leiser und produziert mehr Schaum. Ein gro\u00dfer Vorteil ist au\u00dferdem, dass der Sch\u00e4umer sehr wenig Luftblasen erzeugt. <\/p>\n<p><strong>Technische Daten<\/strong><\/p>\n<ul>\n<li>Sowohl im Filtersumpf als auch direkt im Aquarium einsetzbar<\/li>\n<li>Mindestwasserstand bei Einsatz im Filtersumpf betr\u00e4gt 125 mm<\/li>\n<li>Der Absch\u00e4umer ben\u00f6tigt keine zus\u00e4tzliche Pumpe<\/li>\n<li>H\u00f6he f\u00fcr Au\u00dfenfiltereinbau ca. 575 mm<\/li>\n<li>Erzeugt 350 &#8211; 400 Liter Luft f\u00fcr den Venturi<\/li>\n<li>Stromverbrauch betr\u00e4gt nur 10 Watt<\/li>\n<li>Ma\u00dfe (LxBxH): 210 x 90 x 400 (530) mm<\/li>\n<li>Normale Belegung reicht f\u00fcr 700 Liter<\/li>\n<li>Hohe Belegung reicht f\u00fcr 400 Liter<\/li>\n<li>Passt auch in einen RedSeaMax 250<\/li>\n<\/ul>\n","protected":false},"excerpt":{"rendered":"<p>Deltec Afschuimer Intern MC 501 also fits in a RedSeaMax 250<\/p>\n","protected":false},"featured_media":81378,"template":"","meta":[],"pwb-brand":[2127],"product_cat":[1494],"product_tag":[],"class_list":{"0":"post-86544","1":"product","2":"type-product","3":"status-publish","4":"has-post-thumbnail","6":"pwb-brand-deltec","7":"product_cat-eiwitafschuerzen","9":"first","10":"outofstock","11":"taxable","12":"shipping-taxable","13":"purchasable","14":"product-type-simple"},"acf":[],"brands":[{"id":2127,"name":"Deltec","slug":"deltec"}],"_links":{"self":[{"href":"https:\/\/www.seaflowerstore.com\/de\/wp-json\/wp\/v2\/product\/86544","targetHints":{"allow":["GET"]}}],"collection":[{"href":"https:\/\/www.seaflowerstore.com\/de\/wp-json\/wp\/v2\/product"}],"about":[{"href":"https:\/\/www.seaflowerstore.com\/de\/wp-json\/wp\/v2\/types\/product"}],"wp:featuredmedia":[{"embeddable":true,"href":"https:\/\/www.seaflowerstore.com\/de\/wp-json\/wp\/v2\/media\/81378"}],"wp:attachment":[{"href":"https:\/\/www.seaflowerstore.com\/de\/wp-json\/wp\/v2\/media?parent=86544"}],"wp:term":[{"taxonomy":"pwb-brand","embeddable":true,"href":"https:\/\/www.seaflowerstore.com\/de\/wp-json\/wp\/v2\/pwb-brand?post=86544"},{"taxonomy":"product_cat","embeddable":true,"href":"https:\/\/www.seaflowerstore.com\/de\/wp-json\/wp\/v2\/product_cat?post=86544"},{"taxonomy":"product_tag","embeddable":true,"href":"https:\/\/www.seaflowerstore.com\/de\/wp-json\/wp\/v2\/product_tag?post=86544"}],"curies":[{"name":"wp","href":"https:\/\/api.w.org\/{rel}","templated":true}]}}