{"id":86545,"date":"2019-03-24T13:46:27","date_gmt":"2019-03-24T12:46:27","guid":{"rendered":"https:\/\/www.seaflowerstore.com\/nl\/aquaforest-life-essence-200ml\/"},"modified":"2024-03-20T16:59:52","modified_gmt":"2024-03-20T15:59:52","slug":"aquaforest-life-essence-200ml","status":"publish","type":"product","link":"https:\/\/www.seaflowerstore.com\/de\/aquaforest-life-essence-200ml\/","title":{"rendered":"Aquaforest Life Essence 200ml"},"content":{"rendered":"<h2>Aquaforest Life Essence 200ml&nbsp;containing nitrifying bacteria from the Nitrospirae and Nitrobacter families<\/h2>\n<p><strong>PRODUKTINFO<\/strong>:<br \/>Dies ist ein hochwertiges Produkt, das nitrifizierende Bakterien aus den Familien Nitrospirae und Nitrobacter enth\u00e4lt. Die speziell ausgew\u00e4hlten Bakterienst\u00e4mme helfen, Ammoniak und andere giftige organische Verbindungen schneller zu entfernen. Es wird dringend empfohlen, neu eingerichtete Aquarien zu verwenden, um den Stickstoffkreislauf anzukurbeln und eine biologisch freundliche Umgebung f\u00fcr Ihre Wasserbewohner zu schaffen. Dar\u00fcber hinaus kann die Verwendung dieses Produkts w\u00e4hrend regelm\u00e4\u00dfiger Wasserwechsel dazu beitragen, ein gutes biologisches Gleichgewicht aufrechtzuerhalten. Die Verwendung von AF Life Essence zu Beginn der Einrichtung Ihres Aquariums beschleunigt den Reifungsprozess erheblich. Es ist auch eine ausgezeichnete Wahl zur Erg\u00e4nzung der Bakterienflora nach der Reinigung des Filters oder der Behandlung von Fischen mit starken bakteriziden Pr\u00e4paraten.<\/p>\n<p><strong>ANWENDUNG:<\/strong><br \/>Wenden Sie in den ersten zwei Wochen nach der Einrichtung Ihres Aquariums t\u00e4glich 10 ml pro 100 Liter (27 US-Gallonen) Wasser an. Sch\u00fctteln Sie die Flasche vor Gebrauch unbedingt. Eine zus\u00e4tzliche Gabe ist auch nach Fischverlusten, bei Aufstockung des Fischbesatzes oder beim w\u00f6chentlichen Wasserwechsel ratsam.<\/p>\n<p>Bewahren Sie das Produkt trocken, k\u00fchl und lichtgesch\u00fctzt auf.<\/p>\n","protected":false},"excerpt":{"rendered":"<p>Aquaforest Life Essence containing nitrifying bacteria from the Nitrospirae and Nitrobacter families<\/p>\n","protected":false},"featured_media":84015,"template":"","meta":[],"pwb-brand":[2199],"product_cat":[1414,1486],"product_tag":[],"class_list":{"0":"post-86545","1":"product","2":"type-product","3":"status-publish","4":"has-post-thumbnail","6":"pwb-brand-aquaforest","7":"product_cat-aquaforest-de","8":"product_cat-zusatzstoffe","9":"pa_show-myparcel-options-male-de","11":"first","12":"outofstock","13":"taxable","14":"shipping-taxable","15":"purchasable","16":"product-type-simple"},"acf":[],"brands":[{"id":2199,"name":"Aquaforest","slug":"aquaforest"}],"_links":{"self":[{"href":"https:\/\/www.seaflowerstore.com\/de\/wp-json\/wp\/v2\/product\/86545","targetHints":{"allow":["GET"]}}],"collection":[{"href":"https:\/\/www.seaflowerstore.com\/de\/wp-json\/wp\/v2\/product"}],"about":[{"href":"https:\/\/www.seaflowerstore.com\/de\/wp-json\/wp\/v2\/types\/product"}],"wp:featuredmedia":[{"embeddable":true,"href":"https:\/\/www.seaflowerstore.com\/de\/wp-json\/wp\/v2\/media\/84015"}],"wp:attachment":[{"href":"https:\/\/www.seaflowerstore.com\/de\/wp-json\/wp\/v2\/media?parent=86545"}],"wp:term":[{"taxonomy":"pwb-brand","embeddable":true,"href":"https:\/\/www.seaflowerstore.com\/de\/wp-json\/wp\/v2\/pwb-brand?post=86545"},{"taxonomy":"product_cat","embeddable":true,"href":"https:\/\/www.seaflowerstore.com\/de\/wp-json\/wp\/v2\/product_cat?post=86545"},{"taxonomy":"product_tag","embeddable":true,"href":"https:\/\/www.seaflowerstore.com\/de\/wp-json\/wp\/v2\/product_tag?post=86545"}],"curies":[{"name":"wp","href":"https:\/\/api.w.org\/{rel}","templated":true}]}}