{"id":86547,"date":"2019-03-24T13:30:25","date_gmt":"2019-03-24T12:30:25","guid":{"rendered":"https:\/\/www.seaflowerstore.com\/nl\/af-purify-50ml\/"},"modified":"2024-03-20T16:59:49","modified_gmt":"2024-03-20T15:59:49","slug":"af-purify-50ml","status":"publish","type":"product","link":"https:\/\/www.seaflowerstore.com\/de\/af-purify-50ml\/","title":{"rendered":"AF Purify 50ml"},"content":{"rendered":"<h2>AF Purify 50ml is dedicated especially for aquariums that struggle with the problem of fishpox<\/h2>\n<p><strong>PRODUKTINFO:<\/strong> AF Purify ist eine professionelle Formel, die speziell f\u00fcr S\u00fc\u00dfwasseraquarien mit Fischpockenproblemen entwickelt wurde. Dieses Produkt kann auch w\u00e4hrend der Erholungsphase von Strahlf\u00e4ule hilfreich sein, da es spezielle Verbindungen enth\u00e4lt, die bei der Pflege von Fischen hilfreich sind.<\/p>\n<p><strong>ANWENDUNG:<\/strong> Es wird empfohlen, ein Bad in einem Quarant\u00e4netank oder einem anderen therapeutischen Aquarium f\u00fcr eine Dauer von 7 bis 14 Tagen durchzuf\u00fchren und dabei 10 ml des Produkts pro 100 Liter Wasser zu verwenden. Nach drei Tagen sollten Sie 20 % des Wassers wechseln und die Formel mit weiteren 5 ml pro 100 Liter auff\u00fcllen. Dieser gesamte Zyklus sollte noch zwei Mal wiederholt werden. Die ideale Badetemperatur liegt zwischen 27 und 30 \u00b0C. W\u00e4hrend der Verwendung dieses Produkts ist es wichtig, das Wasser zu bel\u00fcften und eine Vermischung mit Chlor oder Sauerstoff zu vermeiden.<\/p>\n<p>Am Ende der Behandlung wechseln Sie bitte 50 % des Wassers und installieren Sie den AF-Kohlefilter im Korb. Aufgrund der starken F\u00e4rbungseigenschaften des Produkts empfiehlt es sich, das Bad in einem Quarant\u00e4nebecken durchzuf\u00fchren, da es Dekorationen, Kies und andere Aquarienelemente verf\u00e4rben kann.<\/p>\n","protected":false},"excerpt":{"rendered":"<p>AF Purify boosts immune system during bacterial infections, fungal infections and single-celled parasites<\/p>\n","protected":false},"featured_media":81372,"template":"","meta":[],"pwb-brand":[2199],"product_cat":[1414,1486],"product_tag":[],"class_list":{"0":"post-86547","1":"product","2":"type-product","3":"status-publish","4":"has-post-thumbnail","6":"pwb-brand-aquaforest","7":"product_cat-aquaforest-de","8":"product_cat-zusatzstoffe","9":"pa_show-myparcel-options-male-de","11":"first","12":"outofstock","13":"taxable","14":"shipping-taxable","15":"purchasable","16":"product-type-simple"},"acf":[],"brands":[{"id":2199,"name":"Aquaforest","slug":"aquaforest"}],"_links":{"self":[{"href":"https:\/\/www.seaflowerstore.com\/de\/wp-json\/wp\/v2\/product\/86547","targetHints":{"allow":["GET"]}}],"collection":[{"href":"https:\/\/www.seaflowerstore.com\/de\/wp-json\/wp\/v2\/product"}],"about":[{"href":"https:\/\/www.seaflowerstore.com\/de\/wp-json\/wp\/v2\/types\/product"}],"wp:featuredmedia":[{"embeddable":true,"href":"https:\/\/www.seaflowerstore.com\/de\/wp-json\/wp\/v2\/media\/81372"}],"wp:attachment":[{"href":"https:\/\/www.seaflowerstore.com\/de\/wp-json\/wp\/v2\/media?parent=86547"}],"wp:term":[{"taxonomy":"pwb-brand","embeddable":true,"href":"https:\/\/www.seaflowerstore.com\/de\/wp-json\/wp\/v2\/pwb-brand?post=86547"},{"taxonomy":"product_cat","embeddable":true,"href":"https:\/\/www.seaflowerstore.com\/de\/wp-json\/wp\/v2\/product_cat?post=86547"},{"taxonomy":"product_tag","embeddable":true,"href":"https:\/\/www.seaflowerstore.com\/de\/wp-json\/wp\/v2\/product_tag?post=86547"}],"curies":[{"name":"wp","href":"https:\/\/api.w.org\/{rel}","templated":true}]}}