{"id":86550,"date":"2019-03-24T13:06:44","date_gmt":"2019-03-24T12:06:44","guid":{"rendered":"https:\/\/www.seaflowerstore.com\/nl\/aquaforest-af-red-boost\/"},"modified":"2025-01-02T16:50:13","modified_gmt":"2025-01-02T15:50:13","slug":"aquaforest-af-red-boost","status":"publish","type":"product","link":"https:\/\/www.seaflowerstore.com\/de\/aquaforest-af-red-boost\/","title":{"rendered":"Aquaforest AF Red Boost"},"content":{"rendered":"<h2>Aquaforest AF Red Boost 250ml Micro Nutrients and Phytohormones for Deepening Red Coloration of the Plants<\/h2>\n<p><strong>Produktinfo:<\/strong> Dies ist eine professionelle Formel aus ausgew\u00e4hlten Mikron\u00e4hrstoffen und Phytohormonen, die die rote F\u00e4rbung Ihrer Pflanzen verbessern soll. AF Red Boost verbessert die einzigartigen Farben roter Pflanzen, indem es die Orange-, Violett- und Purpurt\u00f6ne intensiviert. Neben Chlorophyll enthalten rote Pflanzen andere Pigmente wie Xanthophylle, Carotine, Anthocyane und Flavonoide. Diese Pigmente sind f\u00fcr die auff\u00e4lligen Rot-, Violett- und Oranget\u00f6ne verantwortlich. AF Red Boost erh\u00f6ht die Pr\u00e4senz dieser nat\u00fcrlich vorkommenden Pigmente. Dar\u00fcber hinaus unterst\u00fctzt die Einbeziehung von Phytohormonen das Pflanzenwachstum und die Entwicklungsprozesse und f\u00f6rdert gleichzeitig die Ausbreitung des Wurzelsystems. Das sorgf\u00e4ltig formulierte AF Red Boost versorgt Pflanzen mit allen wichtigen Inhaltsstoffen, die sie ben\u00f6tigen, um ein gesundes Aussehen und leuchtende, intensive Farben zu erhalten.<\/p>\n<p><strong>Anwendung:<\/strong><\/p>\n<ul>\n<li><strong>Im Aquarium:<\/strong> Verwenden Sie f\u00fcr eine durchschnittliche Anzahl Pflanzen t\u00e4glich 4 Tropfen AF Red Boost pro 100 Liter Wasser.<\/li>\n<li>Verwenden Sie f\u00fcr eine gro\u00dfe Anzahl Pflanzen t\u00e4glich 8 Tropfen AF Red Boost pro 100 Liter Wasser.<\/li>\n<\/ul>\n<p>Es wird empfohlen, dieses Produkt in Verbindung mit AF Macro zu verwenden. Bitte beachten Sie, dass Absorptionsmittel wie Zeolith und\/oder Kohlenstoff die Wirksamkeit der Formel verringern k\u00f6nnen. Dieses Produkt ist ausschlie\u00dflich f\u00fcr aquatische Zwecke bestimmt und sollte vor Sonnenlicht gesch\u00fctzt werden. Lagern Sie es bei Raumtemperatur in einem dicht verschlossenen Beh\u00e4lter und bewahren Sie es au\u00dferhalb der Reichweite von Kindern auf.<\/p>\n<p><strong>1 ml in 10 l Aquarienwasser erh\u00f6ht die Werte:<\/strong><\/p>\n<ul>\n<li>Mg Magnesium: 0,28 mg\/l (ppm)<\/li>\n<li>Mn Mangan: 0,24 mg\/l (ppm)<\/li>\n<li>Fe Eisen: 0,38 mg\/l (ppm)<\/li>\n<li>Mo Molybd\u00e4n: 0,6 \u00b5g\/l<\/li>\n<\/ul>\n","protected":false},"excerpt":{"rendered":"<p>AF Red Boost Color enhanching composition of carefully selected micro and macro elements for red aquatic plants<\/p>\n","protected":false},"featured_media":81368,"template":"","meta":[],"pwb-brand":[2199],"product_cat":[1414,1486],"product_tag":[],"class_list":{"0":"post-86550","1":"product","2":"type-product","3":"status-publish","4":"has-post-thumbnail","6":"pwb-brand-aquaforest","7":"product_cat-aquaforest-de","8":"product_cat-zusatzstoffe","9":"pa_show-myparcel-options-male-de","11":"first","12":"outofstock","13":"taxable","14":"shipping-taxable","15":"purchasable","16":"product-type-simple"},"acf":[],"brands":[{"id":2199,"name":"Aquaforest","slug":"aquaforest"}],"_links":{"self":[{"href":"https:\/\/www.seaflowerstore.com\/de\/wp-json\/wp\/v2\/product\/86550","targetHints":{"allow":["GET"]}}],"collection":[{"href":"https:\/\/www.seaflowerstore.com\/de\/wp-json\/wp\/v2\/product"}],"about":[{"href":"https:\/\/www.seaflowerstore.com\/de\/wp-json\/wp\/v2\/types\/product"}],"wp:featuredmedia":[{"embeddable":true,"href":"https:\/\/www.seaflowerstore.com\/de\/wp-json\/wp\/v2\/media\/81368"}],"wp:attachment":[{"href":"https:\/\/www.seaflowerstore.com\/de\/wp-json\/wp\/v2\/media?parent=86550"}],"wp:term":[{"taxonomy":"pwb-brand","embeddable":true,"href":"https:\/\/www.seaflowerstore.com\/de\/wp-json\/wp\/v2\/pwb-brand?post=86550"},{"taxonomy":"product_cat","embeddable":true,"href":"https:\/\/www.seaflowerstore.com\/de\/wp-json\/wp\/v2\/product_cat?post=86550"},{"taxonomy":"product_tag","embeddable":true,"href":"https:\/\/www.seaflowerstore.com\/de\/wp-json\/wp\/v2\/product_tag?post=86550"}],"curies":[{"name":"wp","href":"https:\/\/api.w.org\/{rel}","templated":true}]}}