{"id":86551,"date":"2019-03-24T12:56:53","date_gmt":"2019-03-24T11:56:53","guid":{"rendered":"https:\/\/www.seaflowerstore.com\/nl\/aquaforest-af-k-boost\/"},"modified":"2024-03-20T16:59:43","modified_gmt":"2024-03-20T15:59:43","slug":"aquaforest-af-k-boost","status":"publish","type":"product","link":"https:\/\/www.seaflowerstore.com\/de\/aquaforest-af-k-boost\/","title":{"rendered":"Aquaforest AF K Boost"},"content":{"rendered":"<h2>Aquaforest AF K Boost 200ml easily absorbable potassium fertilizer for aquatic plants<\/h2>\n<p><strong>PRODUKTINFO:<\/strong> Aquaforest AF K Boost ist ein professioneller Kaliumd\u00fcnger, der von Ihren Wasserpflanzen leicht aufgenommen werden kann. Kalium ist ein entscheidender Baustein und spielt als Enzymaktivator eine Schl\u00fcsselrolle bei zahlreichen biochemischen Reaktionen. Es hilft auch bei der osmotischen Regulierung und dem Transport von Verbindungen innerhalb der Pflanze. Bei einem Kaliummangel k\u00f6nnen Sie eine Gelbf\u00e4rbung an den R\u00e4ndern und Spitzen der Bl\u00e4tter feststellen, die, wenn sie nicht behoben wird, schlie\u00dflich zu Nekrose f\u00fchren kann. Idealerweise sollte die Kaliumkonzentration in Ihrem Aquarium zwischen 10 und 20 mg\/l liegen. AF K Boost gleicht Kaliumm\u00e4ngel effektiv aus, die f\u00fcr die Gesundheit von Wasserpflanzen unerl\u00e4sslich sind. Die Formel wird schnell von den Pflanzen aufgenommen, sodass Sie schon kurz nach der Anwendung Ergebnisse sehen werden.<\/p>\n<p><strong>ANWENDUNG:<\/strong> Setzen Sie die Erg\u00e4nzung fort, bis Sie die gew\u00fcnschten Ergebnisse erzielen. Es wird empfohlen, AF K Boost in Verbindung mit AF Micro, AF PO4 Boost und AF N Boost zu verwenden. Bitte beachten Sie, dass Absorptionsmittel wie Zeolith und\/oder Kohlenstoff die Wirksamkeit dieser Formel verringern k\u00f6nnen.<\/p>\n<p><strong>1 ml in 10 l Aquarienwasser erh\u00f6ht die Werte:<\/strong><\/p>\n<ul>\n<li>Kalium 3,8 mg\/l<\/li>\n<\/ul>\n","protected":false},"excerpt":{"rendered":"<p>Aquaforest AF K Boost Professional, readily-absorbable potassium supplement for aquatic plants<\/p>\n","protected":false},"featured_media":81366,"template":"","meta":[],"pwb-brand":[2199],"product_cat":[1414,1486],"product_tag":[],"class_list":{"0":"post-86551","1":"product","2":"type-product","3":"status-publish","4":"has-post-thumbnail","6":"pwb-brand-aquaforest","7":"product_cat-aquaforest-de","8":"product_cat-zusatzstoffe","9":"pa_show-myparcel-options-male-de","11":"first","12":"outofstock","13":"taxable","14":"shipping-taxable","15":"purchasable","16":"product-type-simple"},"acf":[],"brands":[{"id":2199,"name":"Aquaforest","slug":"aquaforest"}],"_links":{"self":[{"href":"https:\/\/www.seaflowerstore.com\/de\/wp-json\/wp\/v2\/product\/86551","targetHints":{"allow":["GET"]}}],"collection":[{"href":"https:\/\/www.seaflowerstore.com\/de\/wp-json\/wp\/v2\/product"}],"about":[{"href":"https:\/\/www.seaflowerstore.com\/de\/wp-json\/wp\/v2\/types\/product"}],"wp:featuredmedia":[{"embeddable":true,"href":"https:\/\/www.seaflowerstore.com\/de\/wp-json\/wp\/v2\/media\/81366"}],"wp:attachment":[{"href":"https:\/\/www.seaflowerstore.com\/de\/wp-json\/wp\/v2\/media?parent=86551"}],"wp:term":[{"taxonomy":"pwb-brand","embeddable":true,"href":"https:\/\/www.seaflowerstore.com\/de\/wp-json\/wp\/v2\/pwb-brand?post=86551"},{"taxonomy":"product_cat","embeddable":true,"href":"https:\/\/www.seaflowerstore.com\/de\/wp-json\/wp\/v2\/product_cat?post=86551"},{"taxonomy":"product_tag","embeddable":true,"href":"https:\/\/www.seaflowerstore.com\/de\/wp-json\/wp\/v2\/product_tag?post=86551"}],"curies":[{"name":"wp","href":"https:\/\/api.w.org\/{rel}","templated":true}]}}