{"id":86552,"date":"2019-03-24T12:49:47","date_gmt":"2019-03-24T11:49:47","guid":{"rendered":"https:\/\/www.seaflowerstore.com\/nl\/aquaforest-af-n-boost\/"},"modified":"2024-03-20T16:59:42","modified_gmt":"2024-03-20T15:59:42","slug":"aquaforest-af-n-boost","status":"publish","type":"product","link":"https:\/\/www.seaflowerstore.com\/de\/aquaforest-af-n-boost\/","title":{"rendered":"Aquaforest AF N Boost"},"content":{"rendered":"<h2>Aquaforest AF N Boost 200ml easily absorbable nitrogen fertilizer for aquatic plants<\/h2>\n<p><strong>PRODUKTINFO:<\/strong> Aquaforest AF N Boost ist ein professioneller Stickstoffd\u00fcnger, der von Wasserpflanzen leicht aufgenommen wird. Stickstoff ist ein lebenswichtiger Makron\u00e4hrstoff, der f\u00fcr die Pflanzengesundheit unerl\u00e4sslich ist. Er spielt eine wichtige Rolle f\u00fcr das Pflanzenwachstum, die Fortpflanzung und die satte gr\u00fcne Farbe der Bl\u00e4tter. Eine angemessene Stickstofferg\u00e4nzung ist entscheidend, da sowohl ein Mangel als auch ein \u00dcberschuss Pflanzen schaden k\u00f6nnen.<\/p>\n<p>Ein Mangel an Stickstoff kann zu Wachstumsst\u00f6rungen, Chlorose, vergilbten Bl\u00e4ttern und sogar Br\u00e4unung f\u00fchren. Umgekehrt kann zu viel Stickstoff zu schnellem Wachstum, dunkelgr\u00fcnen Bl\u00e4ttern und erh\u00f6hter Br\u00fcchigkeit f\u00fchren, wodurch Pflanzen anf\u00e4lliger f\u00fcr Sch\u00e4den werden. Der ideale Nitratgehalt in einem Aquarium sollte zwischen 10 und 20 mg\/l liegen. Pflanzen nehmen Stickstoff haupts\u00e4chlich in Form von Nitrat und Ammonium auf. AF N Boost enth\u00e4lt mineralische Stickstoffformen, die Wasserpflanzen problemlos nutzen k\u00f6nnen.<\/p>\n<p><strong>ANWENDUNG:<\/strong> Um den Nitratgehalt um 9,5 mg\/l zu erh\u00f6hen, l\u00f6sen Sie 10 ml Aquaforest AF N Boost in 100 Litern Wasser auf. F\u00fcr optimale Ergebnisse verwenden Sie es zusammen mit AF Micro, AF PO4 Boost und AF K Boost. Bitte vermeiden Sie die Verwendung mit anderen stickstoffhaltigen Produkten, da dies zu \u00fcberm\u00e4\u00dfigem Pflanzenwachstum und Algenbl\u00fcten f\u00fchren kann.<\/p>\n<p><strong>1 ml in 10 l Aquarienwasser erh\u00f6ht die Werte:<\/strong> NO3 Nitrat 9,5 mg\/l (ppm)<\/p>\n","protected":false},"excerpt":{"rendered":"<p>Aquaforest AF N Boost 200ml easily absorbable nitrogen fertilizer for aquatic plants<\/p>\n","protected":false},"featured_media":81364,"template":"","meta":[],"pwb-brand":[2199],"product_cat":[1414,1486],"product_tag":[],"class_list":{"0":"post-86552","1":"product","2":"type-product","3":"status-publish","4":"has-post-thumbnail","6":"pwb-brand-aquaforest","7":"product_cat-aquaforest-de","8":"product_cat-zusatzstoffe","9":"pa_show-myparcel-options-male-de","11":"first","12":"outofstock","13":"taxable","14":"shipping-taxable","15":"purchasable","16":"product-type-simple"},"acf":[],"brands":[{"id":2199,"name":"Aquaforest","slug":"aquaforest"}],"_links":{"self":[{"href":"https:\/\/www.seaflowerstore.com\/de\/wp-json\/wp\/v2\/product\/86552","targetHints":{"allow":["GET"]}}],"collection":[{"href":"https:\/\/www.seaflowerstore.com\/de\/wp-json\/wp\/v2\/product"}],"about":[{"href":"https:\/\/www.seaflowerstore.com\/de\/wp-json\/wp\/v2\/types\/product"}],"wp:featuredmedia":[{"embeddable":true,"href":"https:\/\/www.seaflowerstore.com\/de\/wp-json\/wp\/v2\/media\/81364"}],"wp:attachment":[{"href":"https:\/\/www.seaflowerstore.com\/de\/wp-json\/wp\/v2\/media?parent=86552"}],"wp:term":[{"taxonomy":"pwb-brand","embeddable":true,"href":"https:\/\/www.seaflowerstore.com\/de\/wp-json\/wp\/v2\/pwb-brand?post=86552"},{"taxonomy":"product_cat","embeddable":true,"href":"https:\/\/www.seaflowerstore.com\/de\/wp-json\/wp\/v2\/product_cat?post=86552"},{"taxonomy":"product_tag","embeddable":true,"href":"https:\/\/www.seaflowerstore.com\/de\/wp-json\/wp\/v2\/product_tag?post=86552"}],"curies":[{"name":"wp","href":"https:\/\/api.w.org\/{rel}","templated":true}]}}