{"id":86555,"date":"2019-03-24T10:17:01","date_gmt":"2019-03-24T09:17:01","guid":{"rendered":"https:\/\/www.seaflowerstore.com\/nl\/aqua-medic-refill-system-2-0\/"},"modified":"2025-11-09T13:40:51","modified_gmt":"2025-11-09T12:40:51","slug":"aqua-medic-refill-system-2-0","status":"publish","type":"product","link":"https:\/\/www.seaflowerstore.com\/de\/aqua-medic-refill-system-2-0\/","title":{"rendered":"Aqua Medic Refill System 2.0"},"content":{"rendered":"<h2>Aqua Medic Refill System 2.0 automatic top-up system with safety switch<\/h2>\n<p>Willkommen beim Aqua Medic Refill System 2.0! Dieses fantastische automatische Nachf\u00fcllsystem macht die Wartung Ihres Aquariums zum Kinderspiel. Hier sind einige wichtige Funktionen:<\/p>\n<ul>\n<li>F\u00fcgt automatisch Wasser hinzu, um verdunstetes Aquarienwasser zu ersetzen.<\/li>\n<li>\u00dcberwacht kontinuierlich den Wasserstand in Ihrem Aquarium mit Schwimmersensoren, die eine Verz\u00f6gerungsschaltung beinhalten.<\/li>\n<li>Erm\u00f6glicht Ihnen die Einstellung einstellbarer minimaler und maximaler Wasserst\u00e4nde in Ihrem Aquarium oder Sumpf.<\/li>\n<li>Beinhaltet Schutz gegen Trockenlauf der F\u00fcllpumpe, komplett mit optischen und akustischen Alarmen. Es l\u00e4sst sich einfach im Osmosefach platzieren, um einen niedrigen F\u00fcllstand zu erkennen.<\/li>\n<li>Bietet einen Alarm bei niedrigem Wasserstand im F\u00fcllbeh\u00e4lter.<\/li>\n<li>Sorgt f\u00fcr eine einfache Installation und Wartung mit Steckverbindungen f\u00fcr alle Kabel, einschlie\u00dflich Kabelschutz, um unbeabsichtigtes Trennen zu verhindern.<\/li>\n<li>Verf\u00fcgt \u00fcber eine Sicherheitsabschaltung bei defektem F\u00fcllstandssensor.<\/li>\n<li>Arbeitet mit 12 V Niederspannung und enth\u00e4lt einen Sicherheitstransformator mit einem Eingangsbereich von 100 &#8211; 240 V \/ 50 &#8211; 60 Hz.<\/li>\n<\/ul>\n<p><strong>Was ist im Paket enthalten:<\/strong><\/p>\n<ul>\n<li>AC\/DC-Netzteil mit einem Eingang von 100 &#8211; 240 V AC 50\/60 Hz und einem Ausgang von 12 V DC 1,0 A.<\/li>\n<li>Controller.<\/li>\n<li>Drei Schwimmersensoren.<\/li>\n<li>Nachf\u00fcllpumpe mit Eingangsbereich DC 3,5 &#8211; 12 V DC \/ 0,5 &#8211; 5,0 W, einer maximalen F\u00f6rderh\u00f6he von 220 cm und einer maximalen Durchflussrate von 350 l\/h.<\/li>\n<li>Zwei Meter Nachf\u00fcllschlauch mit einem Durchmesser von 8\/12 mm.<\/li>\n<\/ul>\n<p>Dieses System soll Ihnen das Leben erleichtern und gleichzeitig Ihr Aquarium in ausgezeichnetem Zustand halten. Genie\u00dfen Sie den Komfort!<\/p>\n","protected":false},"excerpt":{"rendered":"<p>Aqua Medic Refill System 2.0 automatically replenishes the evaporated water<\/p>\n","protected":false},"featured_media":81352,"template":"","meta":[],"pwb-brand":[2149],"product_cat":[1433,1421],"product_tag":[],"class_list":{"0":"post-86555","1":"product","2":"type-product","3":"status-publish","4":"has-post-thumbnail","6":"pwb-brand-aqua-medic","7":"product_cat-nachfuellsysteme","8":"product_cat-aqua-medic-de","9":"pa_show-myparcel-options-male-de","11":"first","12":"instock","13":"taxable","14":"shipping-taxable","15":"purchasable","16":"product-type-simple"},"acf":[],"brands":[{"id":2149,"name":"Aqua Medic","slug":"aqua-medic"}],"_links":{"self":[{"href":"https:\/\/www.seaflowerstore.com\/de\/wp-json\/wp\/v2\/product\/86555","targetHints":{"allow":["GET"]}}],"collection":[{"href":"https:\/\/www.seaflowerstore.com\/de\/wp-json\/wp\/v2\/product"}],"about":[{"href":"https:\/\/www.seaflowerstore.com\/de\/wp-json\/wp\/v2\/types\/product"}],"wp:featuredmedia":[{"embeddable":true,"href":"https:\/\/www.seaflowerstore.com\/de\/wp-json\/wp\/v2\/media\/81352"}],"wp:attachment":[{"href":"https:\/\/www.seaflowerstore.com\/de\/wp-json\/wp\/v2\/media?parent=86555"}],"wp:term":[{"taxonomy":"pwb-brand","embeddable":true,"href":"https:\/\/www.seaflowerstore.com\/de\/wp-json\/wp\/v2\/pwb-brand?post=86555"},{"taxonomy":"product_cat","embeddable":true,"href":"https:\/\/www.seaflowerstore.com\/de\/wp-json\/wp\/v2\/product_cat?post=86555"},{"taxonomy":"product_tag","embeddable":true,"href":"https:\/\/www.seaflowerstore.com\/de\/wp-json\/wp\/v2\/product_tag?post=86555"}],"curies":[{"name":"wp","href":"https:\/\/api.w.org\/{rel}","templated":true}]}}