{"id":86557,"date":"2019-03-23T16:27:14","date_gmt":"2019-03-23T15:27:14","guid":{"rendered":"https:\/\/www.seaflowerstore.com\/nl\/tunze-led-eco-chic-refugium-lamp\/"},"modified":"2024-03-20T16:59:17","modified_gmt":"2024-03-20T15:59:17","slug":"tunze-led-eco-chic-refugium-lamp","status":"publish","type":"product","link":"https:\/\/www.seaflowerstore.com\/de\/tunze-led-eco-chic-refugium-lamp\/","title":{"rendered":"Tunze LED eco chic refugium lamp"},"content":{"rendered":"<h2>LED eco chic refugium for your alga filter \/ refugium<\/h2>\n<p>Das Spektrum der LED-Lampe eignet sich besonders f\u00fcr Refugien und die Kultivierung von Seegras oder Algen im Meerwasser sowie zur F\u00f6rderung des Pflanzenwachstums im S\u00fc\u00dfwasser.<\/p>\n<h3>Technische Daten<\/h3>\n<ul>\n<li><strong>Gesamtverbrauch:<\/strong> ca. 9 W<\/li>\n<li><strong>Verwendung:<\/strong> sowohl \u00fcber als auch unter Wasser einsetzbar<\/li>\n<li><strong>Stromversorgung:<\/strong> 100-240V \/ 50-60Hz<\/li>\n<li><strong>Lieferumfang:<\/strong> Magnethalter f\u00fcr Glasdicke bis 10 mm<\/li>\n<li><strong>Ma\u00dfe:<\/strong> ohne Halterung (L x B x H): 305 x 25 x 13 mm<\/li>\n<li><strong>Kabell\u00e4nge:<\/strong> 1,5 m Zoll)<\/li>\n<li><strong>Hinweis:<\/strong> Diese Lampe enth\u00e4lt eingebaute LED-Lampen, die nicht ausgetauscht werden k\u00f6nnen.<\/li>\n<\/ul>\n","protected":false},"excerpt":{"rendered":"<p>Tunze eco chic refugium is an ideal lamp for above the seaweed filter<\/p>\n","protected":false},"featured_media":81345,"template":"","meta":[],"pwb-brand":[2123],"product_cat":[1483,1384],"product_tag":[],"class_list":{"0":"post-86557","1":"product","2":"type-product","3":"status-publish","4":"has-post-thumbnail","6":"pwb-brand-tunze","7":"product_cat-refugium-de","8":"product_cat-led-de","9":"pa_show-myparcel-options-male-de","11":"first","12":"outofstock","13":"taxable","14":"shipping-taxable","15":"purchasable","16":"product-type-simple"},"acf":[],"brands":[{"id":2123,"name":"Tunze","slug":"tunze"}],"_links":{"self":[{"href":"https:\/\/www.seaflowerstore.com\/de\/wp-json\/wp\/v2\/product\/86557","targetHints":{"allow":["GET"]}}],"collection":[{"href":"https:\/\/www.seaflowerstore.com\/de\/wp-json\/wp\/v2\/product"}],"about":[{"href":"https:\/\/www.seaflowerstore.com\/de\/wp-json\/wp\/v2\/types\/product"}],"wp:featuredmedia":[{"embeddable":true,"href":"https:\/\/www.seaflowerstore.com\/de\/wp-json\/wp\/v2\/media\/81345"}],"wp:attachment":[{"href":"https:\/\/www.seaflowerstore.com\/de\/wp-json\/wp\/v2\/media?parent=86557"}],"wp:term":[{"taxonomy":"pwb-brand","embeddable":true,"href":"https:\/\/www.seaflowerstore.com\/de\/wp-json\/wp\/v2\/pwb-brand?post=86557"},{"taxonomy":"product_cat","embeddable":true,"href":"https:\/\/www.seaflowerstore.com\/de\/wp-json\/wp\/v2\/product_cat?post=86557"},{"taxonomy":"product_tag","embeddable":true,"href":"https:\/\/www.seaflowerstore.com\/de\/wp-json\/wp\/v2\/product_tag?post=86557"}],"curies":[{"name":"wp","href":"https:\/\/api.w.org\/{rel}","templated":true}]}}