{"id":86558,"date":"2019-03-23T15:50:41","date_gmt":"2019-03-23T14:50:41","guid":{"rendered":"https:\/\/www.seaflowerstore.com\/nl\/tank-net-screen-120-x-80-cm\/"},"modified":"2024-03-20T16:59:11","modified_gmt":"2024-03-20T15:59:11","slug":"tank-net-screen-120-x-80-cm","status":"publish","type":"product","link":"https:\/\/www.seaflowerstore.com\/de\/tank-net-screen-120-x-80-cm\/","title":{"rendered":"Tank Net Screen 120 x 80 cm"},"content":{"rendered":"<h2>Red Sea Tank Net Screen 120 x 80 cm (R42082)<\/h2>\n<p>Der Red Sea Tank Net Screen ist eine elegante und diskrete Do-it-yourself-Aquarienabdeckung, die Ihre Fische sch\u00fctzt und verhindert, dass sie herausspringen. Mit seinem schlanken Profil und den praktischen Netzabdeckungsaufh\u00e4ngern passt er perfekt in Ihr Aquarium, ohne aufdringlich zu sein, selbst in offenen Aufbauten.<\/p>\n<p>Der vollst\u00e4ndig verstellbare Aluminiumrahmen bietet reichlich Platz f\u00fcr wichtige Ger\u00e4te wie Kabel, \u00dcberlaufk\u00e4sten, Beleuchtungshalterungen und anderes Montagezubeh\u00f6r. F\u00fcr weitere individuelle Anpassungen sind auch zus\u00e4tzliche Crop-Type-Kits erh\u00e4ltlich.<\/p>\n<p>Diese Abdeckung wurde speziell f\u00fcr randlose Aquarien entwickelt, funktioniert aber auch gut mit anderen Aquarienaufbauten.<\/p>\n<p><strong>Kompatibel mit den folgenden Red Sea Tanks:<\/strong><\/p>\n<ul>\n<li>Reefer 350<\/li>\n<li>Reefer XL 425<\/li>\n<li>Reefer Peninsula 500<\/li>\n<li>S Series S-400 und S-500<\/li>\n<\/ul>\n<p><strong>Das Set enth\u00e4lt:<\/strong><\/p>\n<ul>\n<li>6 x Au\u00dfenecken<\/li>\n<li>2 x Innenecken<\/li>\n<li>4 x Aufh\u00e4ngeklammern<\/li>\n<li>1 x vorderer Abstandshalter<\/li>\n<li>1 x hinterer Abstandshalter<\/li>\n<li>2 x 118 cm Profilschienen<\/li>\n<li>3 x 75 cm Seiten- und Zwischenprofilschienen<\/li>\n<li>2 x 10 cm \/ 3,0 Zoll ausgeschnittene Profile<\/li>\n<li>6 Meter Spline<\/li>\n<li>3 Meter Netz (8 mm \/ 5\/16 Zoll Netz, auf Ma\u00df geschnitten)<\/li>\n<li>1 x Spline-Rolle (um das Netz an Ort und Stelle zu halten)<\/li>\n<\/ul>\n<p>Weitere Einzelheiten finden Sie <a href=\"https:\/\/5w56d28u4co20frgwagf5y18-wpengine.netdna-ssl.com\/wp-content\/uploads\/2017\/10\/5144_DIY-AQUARIUM-NET-COVER_Assembly-Manual_v18a-A4-web.pdf\" target=\"_blank\" rel=\"noopener noreferrer nofollow\">hier im Handbuch<\/a>.<\/p>\n","protected":false},"excerpt":{"rendered":"<p>Modular protection to preven fish from jumping out of an open tank<\/p>\n","protected":false},"featured_media":121735,"template":"","meta":[],"pwb-brand":[2125],"product_cat":[1413,1404],"product_tag":[],"class_list":{"0":"post-86558","1":"product","2":"type-product","3":"status-publish","4":"has-post-thumbnail","6":"pwb-brand-red-sea","7":"product_cat-herausspringschutz","8":"product_cat-redsea-de","9":"pa_show-myparcel-options-male-de","11":"first","12":"instock","13":"taxable","14":"shipping-taxable","15":"purchasable","16":"product-type-simple"},"acf":[],"brands":[{"id":2125,"name":"Red Sea","slug":"red-sea"}],"_links":{"self":[{"href":"https:\/\/www.seaflowerstore.com\/de\/wp-json\/wp\/v2\/product\/86558","targetHints":{"allow":["GET"]}}],"collection":[{"href":"https:\/\/www.seaflowerstore.com\/de\/wp-json\/wp\/v2\/product"}],"about":[{"href":"https:\/\/www.seaflowerstore.com\/de\/wp-json\/wp\/v2\/types\/product"}],"wp:featuredmedia":[{"embeddable":true,"href":"https:\/\/www.seaflowerstore.com\/de\/wp-json\/wp\/v2\/media\/121735"}],"wp:attachment":[{"href":"https:\/\/www.seaflowerstore.com\/de\/wp-json\/wp\/v2\/media?parent=86558"}],"wp:term":[{"taxonomy":"pwb-brand","embeddable":true,"href":"https:\/\/www.seaflowerstore.com\/de\/wp-json\/wp\/v2\/pwb-brand?post=86558"},{"taxonomy":"product_cat","embeddable":true,"href":"https:\/\/www.seaflowerstore.com\/de\/wp-json\/wp\/v2\/product_cat?post=86558"},{"taxonomy":"product_tag","embeddable":true,"href":"https:\/\/www.seaflowerstore.com\/de\/wp-json\/wp\/v2\/product_tag?post=86558"}],"curies":[{"name":"wp","href":"https:\/\/api.w.org\/{rel}","templated":true}]}}