{"id":86559,"date":"2019-03-23T15:46:16","date_gmt":"2019-03-23T14:46:16","guid":{"rendered":"https:\/\/www.seaflowerstore.com\/nl\/tank-net-screen-90-x-60-cm\/"},"modified":"2024-03-20T16:59:04","modified_gmt":"2024-03-20T15:59:04","slug":"tank-net-screen-90-x-60-cm","status":"publish","type":"product","link":"https:\/\/www.seaflowerstore.com\/de\/tank-net-screen-90-x-60-cm\/","title":{"rendered":"Tank Net Screen 90 x 60 cm"},"content":{"rendered":"<h2>Red Sea Tank Net Screen 90 x 60 cm (R42081)<\/h2>\n<p>Der Red Sea Tank Net Screen ist eine elegante und vielseitige Aquarienabdeckung, die Ihre Fische sch\u00fctzt und verhindert, dass sie herausspringen. Durch sein schlankes Profil und die Netzabdeckungsaufh\u00e4nger f\u00fcgt er sich nahtlos in Ihr Aquarium ein und ist somit eine unauff\u00e4llige Erg\u00e4nzung, selbst bei offenen Aufbauten.<\/p>\n<p>Der vollst\u00e4ndig verstellbare Aluminiumrahmen bietet reichlich Platz f\u00fcr Ausr\u00fcstung wie Kabel, \u00dcberlaufk\u00e4sten, Beleuchtungshalterungen und anderes Montagezubeh\u00f6r. Wenn Sie zus\u00e4tzliche Optionen ben\u00f6tigen, sind auch zus\u00e4tzliche Crop-Type-Kits erh\u00e4ltlich.<\/p>\n<p>Diese Abdeckung ist speziell f\u00fcr randlose Aquarien konzipiert, kann aber auch effektiv mit verschiedenen anderen Aquarien verwendet werden.<\/p>\n<p><strong>Geeignet f\u00fcr die folgenden Red Sea Tanks:<\/strong><\/p>\n<ul>\n<li>Reefer 250<\/li>\n<li>E-260<\/li>\n<\/ul>\n<p><strong>Set enth\u00e4lt:<\/strong><\/p>\n<ul>\n<li>6 x Au\u00dfenecken<\/li>\n<li>2 x Innenecken<\/li>\n<li>4 x Aufh\u00e4ngeklammern<\/li>\n<li>1 x vorderer Abstandshalter<\/li>\n<li>2 x hinterer Abstandshalter<\/li>\n<li>2 x 88 cm \/ 34,6&#8243; Profilschienen<\/li>\n<li>3 x 57 cm \/ 22,4&#8243; Seiten- und Zwischenprofilschienen<\/li>\n<li>2 x 10 cm \/ 3,0&#8243; ausgeschnittene Profile<\/li>\n<li>6 Meter Spline<\/li>\n<li>3 Meter Netz (8 mm \/ 5\/16&#8243; Netz, auf Ma\u00df geschnitten)<\/li>\n<li>1 x Spline-Rolle (zum Andr\u00fccken des Gummipolsters, um das Netz an Ort und Stelle zu halten)<\/li>\n<\/ul>\n<p>Weitere Informationen finden Sie <a href=\"https:\/\/5w56d28u4co20frgwagf5y18-wpengine.netdna-ssl.com\/wp-content\/uploads\/2017\/10\/5144_DIY-AQUARIUM-NET-COVER_Assembly-Manual_v18a-A4-web.pdf\" target=\"_blank\" rel=\"noopener noreferrer nofollow\">hier im Handbuch<\/a>.<\/p>\n","protected":false},"excerpt":{"rendered":"<p>Red Sea Tank Net Screen 90 x 60 cm (R42081)\u00a0Modular protection to preven fish from jumping out of an open tank<\/p>\n","protected":false},"featured_media":81333,"template":"","meta":[],"pwb-brand":[2125],"product_cat":[1413,1404],"product_tag":[],"class_list":{"0":"post-86559","1":"product","2":"type-product","3":"status-publish","4":"has-post-thumbnail","6":"pwb-brand-red-sea","7":"product_cat-herausspringschutz","8":"product_cat-redsea-de","9":"pa_show-myparcel-options-male-de","11":"first","12":"instock","13":"taxable","14":"shipping-taxable","15":"purchasable","16":"product-type-simple"},"acf":[],"brands":[{"id":2125,"name":"Red Sea","slug":"red-sea"}],"_links":{"self":[{"href":"https:\/\/www.seaflowerstore.com\/de\/wp-json\/wp\/v2\/product\/86559","targetHints":{"allow":["GET"]}}],"collection":[{"href":"https:\/\/www.seaflowerstore.com\/de\/wp-json\/wp\/v2\/product"}],"about":[{"href":"https:\/\/www.seaflowerstore.com\/de\/wp-json\/wp\/v2\/types\/product"}],"wp:featuredmedia":[{"embeddable":true,"href":"https:\/\/www.seaflowerstore.com\/de\/wp-json\/wp\/v2\/media\/81333"}],"wp:attachment":[{"href":"https:\/\/www.seaflowerstore.com\/de\/wp-json\/wp\/v2\/media?parent=86559"}],"wp:term":[{"taxonomy":"pwb-brand","embeddable":true,"href":"https:\/\/www.seaflowerstore.com\/de\/wp-json\/wp\/v2\/pwb-brand?post=86559"},{"taxonomy":"product_cat","embeddable":true,"href":"https:\/\/www.seaflowerstore.com\/de\/wp-json\/wp\/v2\/product_cat?post=86559"},{"taxonomy":"product_tag","embeddable":true,"href":"https:\/\/www.seaflowerstore.com\/de\/wp-json\/wp\/v2\/product_tag?post=86559"}],"curies":[{"name":"wp","href":"https:\/\/api.w.org\/{rel}","templated":true}]}}