{"id":86560,"date":"2019-03-23T15:31:26","date_gmt":"2019-03-23T14:31:26","guid":{"rendered":"https:\/\/www.seaflowerstore.com\/nl\/tank-net-screen-60-x-60-cm\/"},"modified":"2024-03-20T16:58:55","modified_gmt":"2024-03-20T15:58:55","slug":"tank-net-screen-60-x-60-cm","status":"publish","type":"product","link":"https:\/\/www.seaflowerstore.com\/de\/tank-net-screen-60-x-60-cm\/","title":{"rendered":"Tank Net Screen 60 x 60 cm"},"content":{"rendered":"<h2> Red Sea Tank Net Screen 60 x 60 cm (R42080) <\/h2>\n<p> Der Red Sea Tank Net Screen ist eine elegante und praktische Aquariumabdeckung zum Selbermachen, die Ihre Fische sch\u00fctzt und verhindert, dass sie herumspringen. Dank seines schlanken Profils und der Netzabdeckungsaufh\u00e4nger f\u00fcgt er sich nahtlos in Ihr Aquarium ein, sogar bei offenen Becken. <\/p>\n<p> Der vollst\u00e4ndig verstellbare Aluminiumrahmen bietet Platz f\u00fcr verschiedene Ger\u00e4te, darunter Kabel, \u00dcberlaufk\u00e4sten, Beleuchtungshalterungen und anderes Montagezubeh\u00f6r. F\u00fcr noch mehr Vielseitigkeit sind auch zus\u00e4tzliche Crop-Kits erh\u00e4ltlich. <\/p>\n<p> Obwohl diese Abdeckung speziell f\u00fcr randlose Becken entwickelt wurde, funktioniert sie auch wunderbar mit anderen Aquarientypen. <\/p>\n<p> <strong>Kompatibel mit den folgenden Red Sea Tanks: <br \/><\/strong> <\/p>\n<ul>\n<li> Reefer Nano und Reefer 170 (&#038; Deluxe) <\/li>\n<li> Max Nano und Max E-170 <\/li>\n<\/ul>\n<p> <strong>Set beinhaltet:<\/strong> <\/p>\n<ul>\n<li> 6 x Au\u00dfenecken <\/li>\n<li> 2 x Innenecken <\/li>\n<li> 4 x Aufh\u00e4ngeklammern <\/li>\n<li> 4 x 57 cm \/ 22,4&#8243; Profilschienen <\/li>\n<li> 2 x 10 cm \/ 3,0&#8243; Ausschnittprofile <\/li>\n<li> 4 Meter Spline <\/li>\n<li> 2 Meter Netz (8 mm (5\/16&#8243;) Netz, auf Ma\u00df geschnitten) <\/li>\n<li> 1 x Spline-Rolle (um das Gummipolster anzudr\u00fccken und das Netz an Ort und Stelle zu halten) <\/li>\n<\/ul>\n<p> Weitere Informationen finden Sie <a href=\"https:\/\/5w56d28u4co20frgwagf5y18-wpengine.netdna-ssl.com\/wp-content\/uploads\/2017\/10\/5144_DIY-AQUARIUM-NET-COVER_Assembly-Manual_v18a-A4-web.pdf\" target=\"_blank\" rel=\"noopener nofollow\">hier im Handbuch<\/a>. <\/p>\n","protected":false},"excerpt":{"rendered":"<p>Modular protection to preven fish from jumping out of an open tank<\/p>\n","protected":false},"featured_media":81329,"template":"","meta":[],"pwb-brand":[2125],"product_cat":[1413,1404],"product_tag":[],"class_list":{"0":"post-86560","1":"product","2":"type-product","3":"status-publish","4":"has-post-thumbnail","6":"pwb-brand-red-sea","7":"product_cat-herausspringschutz","8":"product_cat-redsea-de","9":"pa_show-myparcel-options-male-de","11":"first","12":"outofstock","13":"taxable","14":"shipping-taxable","15":"purchasable","16":"product-type-simple"},"acf":[],"brands":[{"id":2125,"name":"Red Sea","slug":"red-sea"}],"_links":{"self":[{"href":"https:\/\/www.seaflowerstore.com\/de\/wp-json\/wp\/v2\/product\/86560","targetHints":{"allow":["GET"]}}],"collection":[{"href":"https:\/\/www.seaflowerstore.com\/de\/wp-json\/wp\/v2\/product"}],"about":[{"href":"https:\/\/www.seaflowerstore.com\/de\/wp-json\/wp\/v2\/types\/product"}],"wp:featuredmedia":[{"embeddable":true,"href":"https:\/\/www.seaflowerstore.com\/de\/wp-json\/wp\/v2\/media\/81329"}],"wp:attachment":[{"href":"https:\/\/www.seaflowerstore.com\/de\/wp-json\/wp\/v2\/media?parent=86560"}],"wp:term":[{"taxonomy":"pwb-brand","embeddable":true,"href":"https:\/\/www.seaflowerstore.com\/de\/wp-json\/wp\/v2\/pwb-brand?post=86560"},{"taxonomy":"product_cat","embeddable":true,"href":"https:\/\/www.seaflowerstore.com\/de\/wp-json\/wp\/v2\/product_cat?post=86560"},{"taxonomy":"product_tag","embeddable":true,"href":"https:\/\/www.seaflowerstore.com\/de\/wp-json\/wp\/v2\/product_tag?post=86560"}],"curies":[{"name":"wp","href":"https:\/\/api.w.org\/{rel}","templated":true}]}}