{"id":86561,"date":"2019-03-23T15:15:24","date_gmt":"2019-03-23T14:15:24","guid":{"rendered":"https:\/\/www.seaflowerstore.com\/nl\/tank-net-screen-150-x-80-cm\/"},"modified":"2024-03-20T16:58:49","modified_gmt":"2024-03-20T15:58:49","slug":"tank-net-screen-150-x-80-cm","status":"publish","type":"product","link":"https:\/\/www.seaflowerstore.com\/de\/tank-net-screen-150-x-80-cm\/","title":{"rendered":"Tank Net Screen 150 x 80 cm"},"content":{"rendered":"<h2>Red Sea Tank Net Screen 150 x 80 cm (R42083)<\/h2>\n<p>Die anpassbare Do-it-yourself-Aquarienabdeckung von Red Sea ist eine intelligente und dezente L\u00f6sung, um Ihre Fische zu sch\u00fctzen und zu verhindern, dass Fische entkommen. Mit seinem schlanken Profil und den Netzabdeckungsaufh\u00e4ngern passt dieses Netz perfekt in Ihr Aquarium, ohne zu st\u00f6ren, selbst bei offenen Aufbauten.<\/p>\n<p>Der vollst\u00e4ndig verstellbare Aluminiumrahmen bietet reichlich Platz f\u00fcr Ihre Ausr\u00fcstung, einschlie\u00dflich Kabel, \u00dcberlaufk\u00e4sten, Beleuchtungshalterungen und anderes wichtiges Zubeh\u00f6r. Au\u00dferdem sind zus\u00e4tzliche Crop-Kits f\u00fcr noch mehr individuelle Anpassungen erh\u00e4ltlich.<\/p>\n<p>Obwohl das Red Sea Tank Net Screen speziell f\u00fcr randlose Aquarien entwickelt wurde, funktioniert es auch gut mit anderen Aquarienaufbauten.<\/p>\n<p><strong>Kompatibel mit den folgenden Red Sea Tanks:<\/strong><\/p>\n<ul>\n<li>Reefer 450 (einschlie\u00dflich Deluxe) \u2013 erfordert 3 zus\u00e4tzliche Cut Out Kits (R42085) f\u00fcr die Deluxe-Version<\/li>\n<li>Reefer XL 525 (einschlie\u00dflich Deluxe) \u2013 erfordert 3 zus\u00e4tzliche Cut Out Kits (R42085) f\u00fcr die Deluxe-Version<\/li>\n<li>Reefer XXL 625<\/li>\n<li>Reefer XXL 625 Deluxe \u2013 erfordert 3 zus\u00e4tzliche Cut Out Kits (R42085)<\/li>\n<li>Reefer Peninsula 500<\/li>\n<li>Max S-650<\/li>\n<\/ul>\n<p><strong>Set beinhaltet:<\/strong><\/p>\n<ul>\n<li>10 x Au\u00dfenecken<\/li>\n<li>2 x Innenecken<\/li>\n<li>10 x Aufh\u00e4ngeklammern<\/li>\n<li>2 x vorderer Abstandshalter<\/li>\n<li>2 x hinterer Abstandshalter<\/li>\n<li>2 x 149 cm (58,6&#8243;) Profilschienen<\/li>\n<li>4 x 75 cm (29,5&#8243;) Seiten- und Zwischenprofilschienen<\/li>\n<li>2 x 10 cm (3,0&#8243;) ausgeschnittene Profile<\/li>\n<li>8 Meter Spline<\/li>\n<li>4 Meter Netz (8 mm (5\/16&#8243;) Netz, auf Ma\u00df zugeschnitten)<\/li>\n<li>1 x Spline-Rolle (zum Andr\u00fccken des Gummipolsters, um das Netz an Ort und Stelle zu halten)<\/li>\n<\/ul>\n<p><a href=\"https:\/\/5w56d28u4co20frgwagf5y18-wpengine.netdna-ssl.com\/wp-content\/uploads\/2017\/10\/5144_DIY-AQUARIUM-NET-COVER_Assembly-Manual_v18a-A4-web.pdf\" target=\"_blank\" rel=\"noopener noreferrer nofollow\">Klicken Sie hier, um das Handbuch und weitere Informationen anzuzeigen<\/a><\/p>\n","protected":false},"excerpt":{"rendered":"<p>Modular protection to preven fish from jumping out of an open tank<\/p>\n","protected":false},"featured_media":81323,"template":"","meta":[],"pwb-brand":[2125],"product_cat":[1413,1404],"product_tag":[],"class_list":{"0":"post-86561","1":"product","2":"type-product","3":"status-publish","4":"has-post-thumbnail","6":"pwb-brand-red-sea","7":"product_cat-herausspringschutz","8":"product_cat-redsea-de","9":"pa_show-myparcel-options-male-de","11":"first","12":"instock","13":"taxable","14":"shipping-taxable","15":"purchasable","16":"product-type-simple"},"acf":[],"brands":[{"id":2125,"name":"Red Sea","slug":"red-sea"}],"_links":{"self":[{"href":"https:\/\/www.seaflowerstore.com\/de\/wp-json\/wp\/v2\/product\/86561","targetHints":{"allow":["GET"]}}],"collection":[{"href":"https:\/\/www.seaflowerstore.com\/de\/wp-json\/wp\/v2\/product"}],"about":[{"href":"https:\/\/www.seaflowerstore.com\/de\/wp-json\/wp\/v2\/types\/product"}],"wp:featuredmedia":[{"embeddable":true,"href":"https:\/\/www.seaflowerstore.com\/de\/wp-json\/wp\/v2\/media\/81323"}],"wp:attachment":[{"href":"https:\/\/www.seaflowerstore.com\/de\/wp-json\/wp\/v2\/media?parent=86561"}],"wp:term":[{"taxonomy":"pwb-brand","embeddable":true,"href":"https:\/\/www.seaflowerstore.com\/de\/wp-json\/wp\/v2\/pwb-brand?post=86561"},{"taxonomy":"product_cat","embeddable":true,"href":"https:\/\/www.seaflowerstore.com\/de\/wp-json\/wp\/v2\/product_cat?post=86561"},{"taxonomy":"product_tag","embeddable":true,"href":"https:\/\/www.seaflowerstore.com\/de\/wp-json\/wp\/v2\/product_tag?post=86561"}],"curies":[{"name":"wp","href":"https:\/\/api.w.org\/{rel}","templated":true}]}}