{"id":86563,"date":"2019-03-23T13:16:51","date_gmt":"2019-03-23T12:16:51","guid":{"rendered":"https:\/\/www.seaflowerstore.com\/nl\/kessil-h80-tuna-flora\/"},"modified":"2024-03-20T16:58:41","modified_gmt":"2024-03-20T15:58:41","slug":"kessil-h80-tuna-flora","status":"publish","type":"product","link":"https:\/\/www.seaflowerstore.com\/de\/kessil-h80-tuna-flora\/","title":{"rendered":"Kessil H80 Tuna Flora"},"content":{"rendered":"<h2>Kessil H80 Tuna Flora Grow LED lighting of top class for your refugium<\/h2>\n<p>Suchen Sie nach erstklassiger LED-Beleuchtung, um gesundes Pflanzen- und Algenwachstum zu f\u00f6rdern? Die Kessil H80 Tuna Flora ist genau daf\u00fcr konzipiert. Sie k\u00f6nnen das Licht zwischen vier Vollspektrum-UV-Mischungen einstellen, wodurch Sie seine Wirksamkeit in allen Phasen des Pflanzenwachstums maximieren k\u00f6nnen. Es eignet sich auch perfekt f\u00fcr den Anbau von Makroalgen in einem Refugium-Tank.<\/p>\n<p>Mit seinem einzigartigen l\u00fcfterlosen Design und dem kompakten Dense Matrix-Array bietet der H80 die h\u00f6chste Lumenzahl pro Watt aller verf\u00fcgbaren Kessil-Leuchten.<\/p>\n<p><strong>Spezifikationen<\/strong><\/p>\n<ul>\n<li>Abmessungen: 12,4 cm x 2,5 cm (T x H)<\/li>\n<li>Gewicht: 0,4 kg<\/li>\n<li>Spektrum: Blau, Wachstum, Bl\u00fcte, Rot<\/li>\n<li>Reichweite: bis zu 61 cm Oberfl\u00e4chendurchmesser<\/li>\n<li>Verbrauch: 15 W<\/li>\n<li>Zus\u00e4tzliche Montageoption: Mini-Schwanenhals (nicht im Lieferumfang enthalten) f\u00fcr einfache LED-Platzierung<\/li>\n<\/ul>\n<h4>Was ist in der Box enthalten<\/h4>\n<ul>\n<li>1x H80 Tuna Flora<\/li>\n<li>1x Gleichstromversorgung<\/li>\n<li>1x Top-Montageadapter<\/li>\n<\/ul>\n","protected":false},"excerpt":{"rendered":"<p>Kessil H80 Tuna Flora is top-class LED lighting for your marine aquarium<\/p>\n","protected":false},"featured_media":81315,"template":"","meta":[],"pwb-brand":[2185],"product_cat":[1537,1488],"product_tag":[],"class_list":{"0":"post-86563","1":"product","2":"type-product","3":"status-publish","4":"has-post-thumbnail","6":"pwb-brand-kessil","7":"product_cat-aquarientechnik","8":"product_cat-pflege","9":"pa_show-myparcel-options-male-de","11":"first","12":"instock","13":"taxable","14":"shipping-taxable","15":"purchasable","16":"product-type-simple"},"acf":[],"brands":[{"id":2185,"name":"Kessil","slug":"kessil"}],"_links":{"self":[{"href":"https:\/\/www.seaflowerstore.com\/de\/wp-json\/wp\/v2\/product\/86563","targetHints":{"allow":["GET"]}}],"collection":[{"href":"https:\/\/www.seaflowerstore.com\/de\/wp-json\/wp\/v2\/product"}],"about":[{"href":"https:\/\/www.seaflowerstore.com\/de\/wp-json\/wp\/v2\/types\/product"}],"wp:featuredmedia":[{"embeddable":true,"href":"https:\/\/www.seaflowerstore.com\/de\/wp-json\/wp\/v2\/media\/81315"}],"wp:attachment":[{"href":"https:\/\/www.seaflowerstore.com\/de\/wp-json\/wp\/v2\/media?parent=86563"}],"wp:term":[{"taxonomy":"pwb-brand","embeddable":true,"href":"https:\/\/www.seaflowerstore.com\/de\/wp-json\/wp\/v2\/pwb-brand?post=86563"},{"taxonomy":"product_cat","embeddable":true,"href":"https:\/\/www.seaflowerstore.com\/de\/wp-json\/wp\/v2\/product_cat?post=86563"},{"taxonomy":"product_tag","embeddable":true,"href":"https:\/\/www.seaflowerstore.com\/de\/wp-json\/wp\/v2\/product_tag?post=86563"}],"curies":[{"name":"wp","href":"https:\/\/api.w.org\/{rel}","templated":true}]}}