{"id":86564,"date":"2019-03-23T13:08:58","date_gmt":"2019-03-23T12:08:58","guid":{"rendered":"https:\/\/www.seaflowerstore.com\/nl\/kessil-a80-tuna-blue\/"},"modified":"2024-03-20T16:58:37","modified_gmt":"2024-03-20T15:58:37","slug":"kessil-a80-tuna-blue","status":"publish","type":"product","link":"https:\/\/www.seaflowerstore.com\/de\/kessil-a80-tuna-blue\/","title":{"rendered":"Kessil A80 Tuna Blue"},"content":{"rendered":"<h2>Kessil A80 Tuna Blue LED lighting of top class for your marine aquarium<\/h2>\n<p>Die Kessil A80 Tuna Blue ist eine erstklassige LED-Leuchte, die speziell f\u00fcr Meerwasseraquarien entwickelt wurde. Sie verf\u00fcgt \u00fcber ein einzigartiges Design, das eine hervorragende Lichtverteilung gew\u00e4hrleistet. Mit einer patentierten UV-Lichtmischung verbessert diese Leuchte sowohl das Wachstum als auch die Farbe Ihrer Korallen.<\/p>\n<p>Verschiedene Wellenl\u00e4ngen werden nahtlos in einem einzigen LED-Array kombiniert, wodurch eine einheitliche Farbe \u00fcber den gesamten Abdeckungsbereich hinweg gew\u00e4hrleistet wird. Die A80 zeichnet sich durch die Kombination eines l\u00fcfterlosen Designs mit einem kompakten Dense Matrix-Array aus und bietet die h\u00f6chste Lumenleistung pro Watt aller Kessil-Leuchten.<\/p>\n<p>Sie k\u00f6nnen das Spektrum und die Intensit\u00e4t einfach mit den Drehreglern an der Leuchte anpassen, um ein individuelles Aussehen zu erzielen, oder Sie k\u00f6nnen sich f\u00fcr die Verwendung Ihres eigenen 0-10-V-Controllers entscheiden. Dank Kessil Logic\u2122 bleibt die Leistung unabh\u00e4ngig vom Spektrum konstant. Dar\u00fcber hinaus k\u00f6nnen mehrere Leuchten in Reihe geschaltet werden, was eine nahtlose Steuerung von einer Quelle aus erm\u00f6glicht.<\/p>\n<p><strong><span style=\"font-size: 1em\">Spezifikationen<\/span><\/strong><\/p>\n<ul>\n<li>Abmessungen: 12,4 cm x 2,5 cm (T x H)<\/li>\n<li>Gewicht: 0,4 kg<\/li>\n<li>Spektrum: Tiefseeblau bis Himmelblau<\/li>\n<li>Reichweite: Bis zu 61 cm Oberfl\u00e4chendurchmesser<\/li>\n<li>Verbrauch: 15 W<\/li>\n<\/ul>\n<p>Eine zus\u00e4tzliche Montagem\u00f6glichkeit ist mit dem Mini-Schwanenhals (nicht im Lieferumfang enthalten) f\u00fcr eine einfache Platzierung der LED verf\u00fcgbar.<\/p>\n<h4>Was ist in der Box enthalten<\/h4>\n<ul>\n<li>1x A80 Tuna Blue<\/li>\n<li>1x Gleichstrom-Netzteil<\/li>\n<li>1x Top-Montageadapter<\/li>\n<\/ul>\n","protected":false},"excerpt":{"rendered":"<p>Kessil A80 Tuna Blue is top-class LED lighting for your marine aquarium<\/p>\n","protected":false},"featured_media":81311,"template":"","meta":[],"pwb-brand":[2185],"product_cat":[1384],"product_tag":[],"class_list":{"0":"post-86564","1":"product","2":"type-product","3":"status-publish","4":"has-post-thumbnail","6":"pwb-brand-kessil","7":"product_cat-led-de","8":"pa_show-myparcel-options-male-de","10":"first","11":"instock","12":"taxable","13":"shipping-taxable","14":"purchasable","15":"product-type-simple"},"acf":[],"brands":[{"id":2185,"name":"Kessil","slug":"kessil"}],"_links":{"self":[{"href":"https:\/\/www.seaflowerstore.com\/de\/wp-json\/wp\/v2\/product\/86564","targetHints":{"allow":["GET"]}}],"collection":[{"href":"https:\/\/www.seaflowerstore.com\/de\/wp-json\/wp\/v2\/product"}],"about":[{"href":"https:\/\/www.seaflowerstore.com\/de\/wp-json\/wp\/v2\/types\/product"}],"wp:featuredmedia":[{"embeddable":true,"href":"https:\/\/www.seaflowerstore.com\/de\/wp-json\/wp\/v2\/media\/81311"}],"wp:attachment":[{"href":"https:\/\/www.seaflowerstore.com\/de\/wp-json\/wp\/v2\/media?parent=86564"}],"wp:term":[{"taxonomy":"pwb-brand","embeddable":true,"href":"https:\/\/www.seaflowerstore.com\/de\/wp-json\/wp\/v2\/pwb-brand?post=86564"},{"taxonomy":"product_cat","embeddable":true,"href":"https:\/\/www.seaflowerstore.com\/de\/wp-json\/wp\/v2\/product_cat?post=86564"},{"taxonomy":"product_tag","embeddable":true,"href":"https:\/\/www.seaflowerstore.com\/de\/wp-json\/wp\/v2\/product_tag?post=86564"}],"curies":[{"name":"wp","href":"https:\/\/api.w.org\/{rel}","templated":true}]}}