{"id":86565,"date":"2019-03-18T15:40:36","date_gmt":"2019-03-18T14:40:36","guid":{"rendered":"https:\/\/www.seaflowerstore.com\/nl\/reef-kinetics-reefbot\/"},"modified":"2024-03-20T16:58:27","modified_gmt":"2024-03-20T15:58:27","slug":"reef-kinetics-reefbot","status":"publish","type":"product","link":"https:\/\/www.seaflowerstore.com\/de\/reef-kinetics-reefbot\/","title":{"rendered":"Reef Kinetics ReefBot"},"content":{"rendered":"<h2>Reef Kinetics ReefBot<\/h2>\n<p>Der ReefBot verwendet eine traditionelle reagenzienbasierte Methode, um die Werte der h\u00e4ufigsten Parameter in Ihrem Aquarium autonom zu messen. Derzeit misst er Alkalinit\u00e4t (Alk), Calcium (Ca), Magnesium (Mg), Nitrat (NO3) und Phosphat (PO4), wobei regelm\u00e4\u00dfig weitere Parameter hinzugef\u00fcgt werden.<\/p>\n<h3>Steuerung \u00fcber die mobile Reefbot-App<\/h3>\n<p>Der ReefBot ist von \u00fcberall auf der Welt \u00fcber eine mobile und Web-App mit einer einfachen Benutzeroberfl\u00e4che zug\u00e4nglich. Sie k\u00f6nnen Tests planen und durchf\u00fchren, Ergebnisse anzeigen und Benachrichtigungen erhalten, wenn neue Testergebnisse verf\u00fcgbar sind.<\/p>\n<p><strong>Einfache Einrichtung in jedem Tank<\/strong><\/p>\n<p>Die Einrichtung des ReefBot ist ein Kinderspiel. Tauchen Sie einfach den Einlassschlauch in Ihren Tank und verbinden Sie zwei Schl\u00e4uche mit dem RODI und den Abfallbeh\u00e4ltern. Die Verbindung zum Internet erfolgt \u00fcber jedes WLAN- oder Ethernet-Netzwerk.<\/p>\n<p><strong>HIGHLIGHTS<\/strong><\/p>\n<ul>\n<li>Automatische Pr\u00fcfung von Alkalinit\u00e4t, Kalzium, Magnesium, Nitrat, Phosphat und mehr.<\/li>\n<li>Einfache Installation in jedem Tank mit WLAN- oder Ethernet-Konnektivit\u00e4t.<\/li>\n<li>Der ReefBot wird mit einem 1 Meter (39,3 Zoll) langen Schlauch zum Anschluss an Ihren Tank geliefert.<\/li>\n<li>Unsere Glasfl\u00e4schchen fassen 20 ml; in manchen F\u00e4llen ben\u00f6tigen Sie m\u00f6glicherweise mehr als ein Testkit, um die Fl\u00e4schchen zu f\u00fcllen.<\/li>\n<li>Planen Sie Tests und erhalten Sie Benachrichtigungen von \u00fcberall \u00fcber die mobile und Web-App.<\/li>\n<li>Kompatibel mit Reagenzien von Salifert, Red Sea, Giesemann, Tropic Marin, API und mehr.<\/li>\n<li>Einfache Wartung.<\/li>\n<\/ul>\n<p><strong>SPEZIFIKATIONEN<\/strong><\/p>\n<ul>\n<li>Paketgewicht: 328 oz (9,3 kg)<\/li>\n<li>Paketgr\u00f6\u00dfe: 18,3 Zoll x 19,8 Zoll x 12,9 Zoll (46,5 cm x 50,5 cm x 33 cm)<\/li>\n<li>Stromversorgung: 100-240 V<\/li>\n<li>Konnektivit\u00e4t: WLAN\/Ethernet<\/li>\n<li>Reagenziensteckpl\u00e4tze: 8<\/li>\n<li>Im Lieferumfang enthalten: 1 ReefBot, 12 Glasfl\u00e4schchen, 1 Netzteil, 3 R\u00f6hrchen, 15 Magnetr\u00fchrer, 1 Kalibrierungskit, 12 Fl\u00e4schchenetiketten und 3 Schottverbinder. Hinweis: Es sind keine Testreagenzien enthalten.<\/li>\n<\/ul>\n<p><strong>H\u00e4ufig gestellte Fragen<\/strong><br \/>\n<strong><em>Welche Tests werden derzeit vom ReefBot unterst\u00fctzt?<\/em><\/strong><\/p>\n<p>Derzeit kann der ReefBot die folgenden Parameter mit Testkits bestimmter Marken testen. Wir f\u00fcgen durch Software-Updates st\u00e4ndig Unterst\u00fctzung f\u00fcr neue Elemente und Marken hinzu.<\/p>\n<ul>\n<li>Alkalinit\u00e4t: Salifert, RedSea Pro, API<\/li>\n<li>Kalzium: RedSea (Beta), API<\/li>\n<li>Magnesium: RedSea, Giesemann<\/li>\n<li>Nitrat: API, Tropic Marin<\/li>\n<li>Phosphat: RedSea Pro (Beta), Giesemann, Tropic Marin, API<\/li>\n<\/ul>\n<p>Die neuesten Updates zu verwendbaren Tests finden Sie unter <a href=\"https:\/\/www.reefkinetics.com\/\" target=\"_blank\" rel=\"noopener noreferrer nofollow\">https:\/\/www.reefkinetics.com\/<\/a>.<\/p>\n<p><em><strong>Wie genau sind die Testergebnisse?<\/strong><\/em><\/p>\n<p>Die Testergebnisse des ReefBot sind so genau wie die verwendeten Testkits. Der ReefBot interpretiert die Farben und liefert entsprechende Ergebnisse.<\/p>\n<p><em><strong>Wo kann ich Testkits f\u00fcr meinen ReefBot kaufen?<\/strong><\/em><\/p>\n<p>Die Testkits werden <strong>nicht<\/strong> mit dem ReefBot mitgeliefert, k\u00f6nnen aber bei Seaflower erworben werden.<\/p>\n<p><em><strong>Anzahl der ben\u00f6tigten Reagenzienpl\u00e4tze (R\u00f6hrchen)<\/strong><\/em><\/p>\n<p>Die Anzahl der Reagenzienpl\u00e4tze variiert je nach Test; Ein Test verwendet 1 Slot, w\u00e4hrend ein anderer 3 ben\u00f6tigt. Dadurch bleiben 4 Slots f\u00fcr andere Tests verf\u00fcgbar.<\/p>\n<p><strong>Link zur Zusammenfassung der ben\u00f6tigten Slots: <a href=\"https:\/\/reefkinetics.freshdesk.com\/support\/home\" target=\"_blank\" rel=\"noopener noreferrer nofollow\">Welches Testset verwendet werden kann und wie viele Testr\u00f6hrchen ben\u00f6tigt werden<\/a> finden Sie in den FAQ.<\/strong><\/p>\n<p><em><strong>Was ben\u00f6tige ich, um den ReefBot in meinem Tank zu installieren?<\/strong><\/em><\/p>\n<p>Um den ReefBot zu installieren, ben\u00f6tigen Sie nur einen Tank, eine Internetverbindung und ein Mobiltelefon.<\/p>\n","protected":false},"excerpt":{"rendered":"<p>ReefBot uses traditional reagent based method to autonomously measure the levels of the most common parameters in your reef tank<\/p>\n","protected":false},"featured_media":81304,"template":"","meta":[],"pwb-brand":[2271],"product_cat":[1537,1400],"product_tag":[],"class_list":{"0":"post-86565","1":"product","2":"type-product","3":"status-publish","4":"has-post-thumbnail","6":"pwb-brand-reef-kinetics","7":"product_cat-aquarientechnik","8":"product_cat-tester","9":"pa_show-myparcel-options-male-de","11":"first","12":"outofstock","13":"sale","14":"taxable","15":"shipping-taxable","16":"purchasable","17":"product-type-simple"},"acf":[],"brands":[{"id":2271,"name":"Reef Kinetics","slug":"reef-kinetics"}],"_links":{"self":[{"href":"https:\/\/www.seaflowerstore.com\/de\/wp-json\/wp\/v2\/product\/86565","targetHints":{"allow":["GET"]}}],"collection":[{"href":"https:\/\/www.seaflowerstore.com\/de\/wp-json\/wp\/v2\/product"}],"about":[{"href":"https:\/\/www.seaflowerstore.com\/de\/wp-json\/wp\/v2\/types\/product"}],"wp:featuredmedia":[{"embeddable":true,"href":"https:\/\/www.seaflowerstore.com\/de\/wp-json\/wp\/v2\/media\/81304"}],"wp:attachment":[{"href":"https:\/\/www.seaflowerstore.com\/de\/wp-json\/wp\/v2\/media?parent=86565"}],"wp:term":[{"taxonomy":"pwb-brand","embeddable":true,"href":"https:\/\/www.seaflowerstore.com\/de\/wp-json\/wp\/v2\/pwb-brand?post=86565"},{"taxonomy":"product_cat","embeddable":true,"href":"https:\/\/www.seaflowerstore.com\/de\/wp-json\/wp\/v2\/product_cat?post=86565"},{"taxonomy":"product_tag","embeddable":true,"href":"https:\/\/www.seaflowerstore.com\/de\/wp-json\/wp\/v2\/product_tag?post=86565"}],"curies":[{"name":"wp","href":"https:\/\/api.w.org\/{rel}","templated":true}]}}