{"id":86566,"date":"2019-03-18T14:47:12","date_gmt":"2019-03-18T13:47:12","guid":{"rendered":"https:\/\/www.seaflowerstore.com\/nl\/dosetronic\/"},"modified":"2024-03-20T16:58:23","modified_gmt":"2024-03-20T15:58:23","slug":"dosetronic","status":"publish","type":"product","link":"https:\/\/www.seaflowerstore.com\/de\/dosetronic\/","title":{"rendered":"Dosetronic"},"content":{"rendered":"<h2>Dosetronic is a smart dosing station for expansion of the Alkatronic<\/h2>\n<p>Dosetronic ist eine innovative Dosierstation, die speziell f\u00fcr Riffaquarien entwickelt wurde. Sie verf\u00fcgt \u00fcber f\u00fcnf unabh\u00e4ngige Kan\u00e4le mit hochpr\u00e4zisen Schrittmotoren. In Verbindung mit der Alkatronic bietet sie zwei bemerkenswerte Funktionen: <strong>\u201eAutokorrektur\u201c<\/strong> und <strong>\u201eSelektive Dosierungsanpassung\u201c.<\/strong> Diese Funktionen passen die Kan\u00e4le automatisch an den dKH-Verbrauch Ihres Systems an. Mit diesen Funktionen k\u00f6nnen Sie einen stabilen dKH-Wert aufrechterhalten, was letztendlich die allgemeine Gesundheit und Farbgebung Ihres Aquariums verbessert.<\/p>\n<p>Derzeit ist Dosetronic das einzige Ger\u00e4t, das Riffaquarianern derart einzigartige und leistungsstarke Funktionen bietet, wodurch die Anpassung Ihres Dosierungsplans einfacher und problemloser wird. Es ist wirklich eine bahnbrechende Dosierstation!<\/p>\n<p><strong>Einzigartige Funktionen:<\/strong><\/p>\n<ul>\n<li>Alkatronic-Modus<\/li>\n<li>Automatische Korrektur<\/li>\n<li>Selektive Dosierungsanpassung<\/li>\n<\/ul>\n<p><strong>Grundlegende Spezifikationen:<\/strong><\/p>\n<ul>\n<li>Hochpr\u00e4zise Schrittpumpen<\/li>\n<li>Einfach zu bedienende iOS- und Android-Apps (WLAN und Bluetooth BLE \u2013 Mindestanforderung: Bluetooth 4.2 oder h\u00f6her f\u00fcr Telefone oder Tablets)<\/li>\n<li>Bluetooth LE (BLE) und WLAN-Konnektivit\u00e4t (Bluetooth wird verwendet, um das WLAN-Netzwerk einzurichten und mit Alkatronic zu kommunizieren)<\/li>\n<li>Kommunikation mit Alkatronic: Bluetooth LE (BLE)<\/li>\n<li>Genauigkeit: 0,05 ml<\/li>\n<li>Aufl\u00f6sung: 0,1 ml<\/li>\n<li>Standalone-Betrieb (kann kombiniert werden mit Alkatronic f\u00fcr zus\u00e4tzliche Funktionen)<\/li>\n<li>Warnmeldungen zum Restvolumen<\/li>\n<li>Kalibrierungsbenachrichtigungen<\/li>\n<li>Synchronisierte Extra-\/\u00dcberspringdosierung f\u00fcr Kan\u00e4le mit Alkatronic-Modus, um eine perfekt ausgewogene Balling-Methode\/-Regime zu erreichen<\/li>\n<li>Gr\u00f6\u00dfe: 220 x 140 x 182 mm (L x B x H). Es hat die gleiche Standfl\u00e4che wie Alkatronic, sodass Dosetronic problemlos darunter passt.<\/li>\n<\/ul>\n<p>Dar\u00fcber hinaus wird Dosetronic bald ein Update erhalten, das eine kontinuierliche Dosierung erm\u00f6glicht. Dies bedeutet, dass es Wasserwechsel (bis zu 20 l t\u00e4glich) durchf\u00fchren und die Durchflussrate f\u00fcr den Betrieb eines Kalkreaktors variieren kann, wodurch t\u00e4gliche Schwankungen reduziert werden, die aufgrund ihrer festen Durchflussraten h\u00e4ufig mit herk\u00f6mmlichen Kalkreaktoren verbunden sind.<\/p>\n","protected":false},"excerpt":{"rendered":"<p>Dosetronic is a smart dosing station for expansion of the Alkatronic<\/p>\n","protected":false},"featured_media":81300,"template":"","meta":[],"pwb-brand":[2261],"product_cat":[1406,1408,1407,1387],"product_tag":[],"class_list":{"0":"post-86566","1":"product","2":"type-product","3":"status-publish","4":"has-post-thumbnail","6":"pwb-brand-focustronic","7":"product_cat-dosierpumpen","8":"product_cat-computer-de","9":"product_cat-focustronic-de","10":"product_cat-messsysteme","11":"pa_show-myparcel-options-male-de","13":"first","14":"instock","15":"taxable","16":"shipping-taxable","17":"purchasable","18":"product-type-simple"},"acf":[],"brands":[{"id":2261,"name":"Focustronic","slug":"focustronic"}],"_links":{"self":[{"href":"https:\/\/www.seaflowerstore.com\/de\/wp-json\/wp\/v2\/product\/86566","targetHints":{"allow":["GET"]}}],"collection":[{"href":"https:\/\/www.seaflowerstore.com\/de\/wp-json\/wp\/v2\/product"}],"about":[{"href":"https:\/\/www.seaflowerstore.com\/de\/wp-json\/wp\/v2\/types\/product"}],"wp:featuredmedia":[{"embeddable":true,"href":"https:\/\/www.seaflowerstore.com\/de\/wp-json\/wp\/v2\/media\/81300"}],"wp:attachment":[{"href":"https:\/\/www.seaflowerstore.com\/de\/wp-json\/wp\/v2\/media?parent=86566"}],"wp:term":[{"taxonomy":"pwb-brand","embeddable":true,"href":"https:\/\/www.seaflowerstore.com\/de\/wp-json\/wp\/v2\/pwb-brand?post=86566"},{"taxonomy":"product_cat","embeddable":true,"href":"https:\/\/www.seaflowerstore.com\/de\/wp-json\/wp\/v2\/product_cat?post=86566"},{"taxonomy":"product_tag","embeddable":true,"href":"https:\/\/www.seaflowerstore.com\/de\/wp-json\/wp\/v2\/product_tag?post=86566"}],"curies":[{"name":"wp","href":"https:\/\/api.w.org\/{rel}","templated":true}]}}