{"id":86567,"date":"2019-02-27T17:35:11","date_gmt":"2019-02-27T16:35:11","guid":{"rendered":"https:\/\/www.seaflowerstore.com\/nl\/magfloat-scraper-vervangmessen-per-2-stuks\/"},"modified":"2025-07-14T21:45:30","modified_gmt":"2025-07-14T19:45:30","slug":"magfloat-scraper-replacement-2-pieces","status":"publish","type":"product","link":"https:\/\/www.seaflowerstore.com\/de\/magfloat-scraper-replacement-2-pieces\/","title":{"rendered":"MagFloat SCRAPER replacement 2 pieces"},"content":{"rendered":"<h2>MagFloat SCRAPER replacement blades 2 pieces for Scraper Large<\/h2>\n<p>Die Mag-Float-Schaber-Ersatzklingen sind f\u00fcr die Schabermagnete konzipiert und werden in Zweier-Sets geliefert. Sie sind mit beiden Modellen kompatibel: Scraper Large und Large Plus.<\/p>\n<p>Der Mag-Float ist ein revolution\u00e4rer schwimmender Aquarienreiniger, der effektiv Algen aus Ihrem Aquarium entfernt, ohne dass Sie sich die H\u00e4nde nass machen m\u00fcssen. Dieses superpraktische Werkzeug reinigt Aquarienfenster und schwimmt auf, wenn sich der innere Magnet vom \u00e4u\u00dferen Magneten l\u00f6st.<\/p>\n<p>Dank seiner leistungsstarken, seltenen Neodym-Magnete k\u00f6nnen Sie eine lebenslange Haltbarkeit erwarten und er hat genug Kraft, um die Arbeit zu erledigen. Bewegen Sie einfach den \u00e4u\u00dferen Magneten, und der innere Magnet mit dem abrasiven Klettschrubber folgt. Wenn sich die Magnete trennen, schwimmt der innere Magnet zur\u00fcck an die Oberfl\u00e4che, sodass Sie nicht mehr am Boden des Beckens herumsuchen m\u00fcssen. Diese Funktion verhindert auch, dass der Magnet Schmutz vom Boden aufnimmt, der Ihr Aquarienglas zerkratzen k\u00f6nnte.<\/p>\n<p>Die einzigartige Schwimmf\u00e4higkeit macht es einfach und effizient, um die Ecken Ihres Aquariums herum zu navigieren.<\/p>\n<p>Die Neodym-Magnete sind in spritzgegossenem, ungiftigem Kunststoff eingeschlossen, wodurch sichergestellt wird, dass der Magnet niemals rostet. So k\u00f6nnen Sie den Mag-Float unter allen Bedingungen in Ihrem Aquarium lassen, was ihn zu einer praktischen Wahl f\u00fcr die Lagerung und Ihre n\u00e4chste Reinigungssitzung macht.<\/p>\n","protected":false},"excerpt":{"rendered":"<p>MagFloat SCRAPER replacement blades per 2 pieces for Scraper Large<\/p>\n","protected":false},"featured_media":90038,"template":"","meta":[],"pwb-brand":[2155],"product_cat":[1428],"product_tag":[],"class_list":{"0":"post-86567","1":"product","2":"type-product","3":"status-publish","4":"has-post-thumbnail","6":"pwb-brand-mag-floatoxford","7":"product_cat-algenmagnet","8":"pa_show-myparcel-options-male-de","10":"first","11":"instock","12":"taxable","13":"shipping-taxable","14":"purchasable","15":"product-type-simple"},"acf":[],"brands":[{"id":2155,"name":"Mag-Float\/oxford","slug":"mag-floatoxford"}],"_links":{"self":[{"href":"https:\/\/www.seaflowerstore.com\/de\/wp-json\/wp\/v2\/product\/86567","targetHints":{"allow":["GET"]}}],"collection":[{"href":"https:\/\/www.seaflowerstore.com\/de\/wp-json\/wp\/v2\/product"}],"about":[{"href":"https:\/\/www.seaflowerstore.com\/de\/wp-json\/wp\/v2\/types\/product"}],"wp:featuredmedia":[{"embeddable":true,"href":"https:\/\/www.seaflowerstore.com\/de\/wp-json\/wp\/v2\/media\/90038"}],"wp:attachment":[{"href":"https:\/\/www.seaflowerstore.com\/de\/wp-json\/wp\/v2\/media?parent=86567"}],"wp:term":[{"taxonomy":"pwb-brand","embeddable":true,"href":"https:\/\/www.seaflowerstore.com\/de\/wp-json\/wp\/v2\/pwb-brand?post=86567"},{"taxonomy":"product_cat","embeddable":true,"href":"https:\/\/www.seaflowerstore.com\/de\/wp-json\/wp\/v2\/product_cat?post=86567"},{"taxonomy":"product_tag","embeddable":true,"href":"https:\/\/www.seaflowerstore.com\/de\/wp-json\/wp\/v2\/product_tag?post=86567"}],"curies":[{"name":"wp","href":"https:\/\/api.w.org\/{rel}","templated":true}]}}